{"id":40355,"date":"2026-04-05T11:08:16","date_gmt":"2026-04-05T16:08:16","guid":{"rendered":"https:\/\/kaimanwatch.pe\/product\/reloj-tempus-analogo-s20713a03-hombre\/"},"modified":"2026-04-11T13:24:00","modified_gmt":"2026-04-11T18:24:00","slug":"reloj-tempus-analogo-s20713a03-hombre","status":"publish","type":"product","link":"https:\/\/kaimanwatch.pe\/es\/producto\/reloj-tempus-analogo-s20713a03-hombre\/","title":{"rendered":"Reloj Tempus An\u00e1logo S20713A03 Hombre"},"content":{"rendered":"<ul>\n<li>Marca: Tempus<\/li>\n<li>Codigo: S20713A03<\/li>\n<li>Modelo: S20713A03<\/li>\n<li>G\u00e9nero: Hombre<\/li>\n<li>Forma de la caja: Circular<\/li>\n<li>Tipo de cristal: Zafiro<\/li>\n<li>Visualizaci\u00f3n: An\u00e1logo<\/li>\n<li>Tipo de cierre: Desplegable<\/li>\n<li>Material de la caja: Acero Inoxidable<\/li>\n<li>Tama\u00f1o Caja : 47 mm<\/li>\n<li>Tama\u00f1o de Correa : 22 mm<\/li>\n<li>Material de la correa: Acero Inoxidable<\/li>\n<li>Color de la correa: Plata<\/li>\n<li>Color del dial: Azul Marino<\/li>\n<li>Tipo de m\u00e1quina : 8n40<\/li>\n<li>Movimiento: Autom\u00e1tico<\/li>\n<li>Resistencia a la presi\u00f3n del agua: 50 Metros<\/li>\n<li>Detalle: Sin Calendario<\/li>\n<\/ul>","protected":false},"excerpt":{"rendered":"<p>Marca: Tempus Codigo: S20713A03 Modelo: S20713A03 G\u00e9nero: Hombre Forma de la caja: Circular Tipo de cristal: Zafiro Visualizaci\u00f3n: An\u00e1logo Tipo<\/p>","protected":false},"featured_media":40354,"comment_status":"open","ping_status":"closed","template":"","meta":{"_joinchat":[]},"product_brand":[],"product_cat":[111],"product_tag":[],"class_list":{"0":"post-40355","1":"product","2":"type-product","3":"status-publish","4":"has-post-thumbnail","6":"product_cat-hombre","7":"product_shipping_class-envio-a-lima-y-provincia","8":"pa_color-de-correa-plata","10":"first","11":"instock","12":"sale","13":"featured","14":"shipping-taxable","15":"purchasable","16":"product-type-simple"},"yoast_head":"<!-- This site is optimized with the Yoast SEO plugin v27.4 - https:\/\/yoast.com\/product\/yoast-seo-wordpress\/ -->\n<title>Reloj Tempus An\u00e1logo S20713A03 Hombre - Kaimanwatch<\/title>\n<meta name=\"robots\" content=\"index, follow, max-snippet:-1, max-image-preview:large, max-video-preview:-1\" \/>\n<link rel=\"canonical\" href=\"https:\/\/kaimanwatch.pe\/es\/producto\/reloj-tempus-analogo-s20713a03-hombre\/\" \/>\n<meta property=\"og:locale\" content=\"es_ES\" \/>\n<meta property=\"og:type\" content=\"article\" \/>\n<meta property=\"og:title\" content=\"Reloj Tempus An\u00e1logo S20713A03 Hombre - Kaimanwatch\" \/>\n<meta property=\"og:description\" content=\"Marca: Tempus Codigo: S20713A03 Modelo: S20713A03 G\u00e9nero: Hombre Forma de la caja: Circular Tipo de cristal: Zafiro Visualizaci\u00f3n: An\u00e1logo Tipo\" \/>\n<meta property=\"og:url\" content=\"https:\/\/kaimanwatch.pe\/es\/producto\/reloj-tempus-analogo-s20713a03-hombre\/\" \/>\n<meta property=\"og:site_name\" content=\"Kaimanwatch\" \/>\n<meta property=\"article:modified_time\" content=\"2026-04-11T18:24:00+00:00\" \/>\n<meta name=\"twitter:card\" content=\"summary_large_image\" \/>\n<script type=\"application\/ld+json\" class=\"yoast-schema-graph\">{\"@context\":\"https:\\\/\\\/schema.org\",\"@graph\":[{\"@type\":\"WebPage\",\"@id\":\"https:\\\/\\\/kaimanwatch.pe\\\/product\\\/reloj-tempus-analogo-s20713a03-hombre\\\/\",\"url\":\"https:\\\/\\\/kaimanwatch.pe\\\/product\\\/reloj-tempus-analogo-s20713a03-hombre\\\/\",\"name\":\"Reloj Tempus An\u00e1logo S20713A03 Hombre - Kaimanwatch\",\"isPartOf\":{\"@id\":\"https:\\\/\\\/kaimanwatch.pe\\\/#website\"},\"primaryImageOfPage\":{\"@id\":\"https:\\\/\\\/kaimanwatch.pe\\\/product\\\/reloj-tempus-analogo-s20713a03-hombre\\\/#primaryimage\"},\"image\":{\"@id\":\"https:\\\/\\\/kaimanwatch.pe\\\/product\\\/reloj-tempus-analogo-s20713a03-hombre\\\/#primaryimage\"},\"thumbnailUrl\":\"https:\\\/\\\/kaimanwatch.pe\\\/wp-content\\\/uploads\\\/2026\\\/04\\\/S20713A03-1.jpg\",\"datePublished\":\"2026-04-05T16:08:16+00:00\",\"dateModified\":\"2026-04-11T18:24:00+00:00\",\"breadcrumb\":{\"@id\":\"https:\\\/\\\/kaimanwatch.pe\\\/product\\\/reloj-tempus-analogo-s20713a03-hombre\\\/#breadcrumb\"},\"inLanguage\":\"es\",\"potentialAction\":[{\"@type\":\"ReadAction\",\"target\":[\"https:\\\/\\\/kaimanwatch.pe\\\/product\\\/reloj-tempus-analogo-s20713a03-hombre\\\/\"]}]},{\"@type\":\"ImageObject\",\"inLanguage\":\"es\",\"@id\":\"https:\\\/\\\/kaimanwatch.pe\\\/product\\\/reloj-tempus-analogo-s20713a03-hombre\\\/#primaryimage\",\"url\":\"https:\\\/\\\/kaimanwatch.pe\\\/wp-content\\\/uploads\\\/2026\\\/04\\\/S20713A03-1.jpg\",\"contentUrl\":\"https:\\\/\\\/kaimanwatch.pe\\\/wp-content\\\/uploads\\\/2026\\\/04\\\/S20713A03-1.jpg\",\"width\":800,\"height\":800},{\"@type\":\"BreadcrumbList\",\"@id\":\"https:\\\/\\\/kaimanwatch.pe\\\/product\\\/reloj-tempus-analogo-s20713a03-hombre\\\/#breadcrumb\",\"itemListElement\":[{\"@type\":\"ListItem\",\"position\":1,\"name\":\"Portada\",\"item\":\"https:\\\/\\\/kaimanwatch.pe\\\/\"},{\"@type\":\"ListItem\",\"position\":2,\"name\":\"Tienda\",\"item\":\"https:\\\/\\\/kaimanwatch.pe\\\/tienda\\\/\"},{\"@type\":\"ListItem\",\"position\":3,\"name\":\"Reloj Tempus An\u00e1logo S20713A03 Hombre\"}]},{\"@type\":\"WebSite\",\"@id\":\"https:\\\/\\\/kaimanwatch.pe\\\/#website\",\"url\":\"https:\\\/\\\/kaimanwatch.pe\\\/\",\"name\":\"Kaimanwatch\",\"description\":\"Relojes a tu alcance\",\"publisher\":{\"@id\":\"https:\\\/\\\/kaimanwatch.pe\\\/#organization\"},\"potentialAction\":[{\"@type\":\"SearchAction\",\"target\":{\"@type\":\"EntryPoint\",\"urlTemplate\":\"https:\\\/\\\/kaimanwatch.pe\\\/?s={search_term_string}\"},\"query-input\":{\"@type\":\"PropertyValueSpecification\",\"valueRequired\":true,\"valueName\":\"search_term_string\"}}],\"inLanguage\":\"es\"},{\"@type\":\"Organization\",\"@id\":\"https:\\\/\\\/kaimanwatch.pe\\\/#organization\",\"name\":\"Kaimanwatch\",\"url\":\"https:\\\/\\\/kaimanwatch.pe\\\/\",\"logo\":{\"@type\":\"ImageObject\",\"inLanguage\":\"es\",\"@id\":\"https:\\\/\\\/kaimanwatch.pe\\\/#\\\/schema\\\/logo\\\/image\\\/\",\"url\":\"https:\\\/\\\/kaimanwatch.pe\\\/wp-content\\\/uploads\\\/2021\\\/08\\\/logooooo-inka.jpg\",\"contentUrl\":\"https:\\\/\\\/kaimanwatch.pe\\\/wp-content\\\/uploads\\\/2021\\\/08\\\/logooooo-inka.jpg\",\"width\":1501,\"height\":1501,\"caption\":\"Kaimanwatch\"},\"image\":{\"@id\":\"https:\\\/\\\/kaimanwatch.pe\\\/#\\\/schema\\\/logo\\\/image\\\/\"}}]}<\/script>\n<!-- \/ Yoast SEO plugin. -->","yoast_head_json":{"title":"Reloj Tempus An\u00e1logo S20713A03 Hombre - Kaimanwatch","robots":{"index":"index","follow":"follow","max-snippet":"max-snippet:-1","max-image-preview":"max-image-preview:large","max-video-preview":"max-video-preview:-1"},"canonical":"https:\/\/kaimanwatch.pe\/es\/producto\/reloj-tempus-analogo-s20713a03-hombre\/","og_locale":"es_ES","og_type":"article","og_title":"Reloj Tempus An\u00e1logo S20713A03 Hombre - Kaimanwatch","og_description":"Marca: Tempus Codigo: S20713A03 Modelo: S20713A03 G\u00e9nero: Hombre Forma de la caja: Circular Tipo de cristal: Zafiro Visualizaci\u00f3n: An\u00e1logo Tipo","og_url":"https:\/\/kaimanwatch.pe\/es\/producto\/reloj-tempus-analogo-s20713a03-hombre\/","og_site_name":"Kaimanwatch","article_modified_time":"2026-04-11T18:24:00+00:00","twitter_card":"summary_large_image","schema":{"@context":"https:\/\/schema.org","@graph":[{"@type":"WebPage","@id":"https:\/\/kaimanwatch.pe\/product\/reloj-tempus-analogo-s20713a03-hombre\/","url":"https:\/\/kaimanwatch.pe\/product\/reloj-tempus-analogo-s20713a03-hombre\/","name":"Reloj Tempus An\u00e1logo S20713A03 Hombre - Kaimanwatch","isPartOf":{"@id":"https:\/\/kaimanwatch.pe\/#website"},"primaryImageOfPage":{"@id":"https:\/\/kaimanwatch.pe\/product\/reloj-tempus-analogo-s20713a03-hombre\/#primaryimage"},"image":{"@id":"https:\/\/kaimanwatch.pe\/product\/reloj-tempus-analogo-s20713a03-hombre\/#primaryimage"},"thumbnailUrl":"https:\/\/kaimanwatch.pe\/wp-content\/uploads\/2026\/04\/S20713A03-1.jpg","datePublished":"2026-04-05T16:08:16+00:00","dateModified":"2026-04-11T18:24:00+00:00","breadcrumb":{"@id":"https:\/\/kaimanwatch.pe\/product\/reloj-tempus-analogo-s20713a03-hombre\/#breadcrumb"},"inLanguage":"es","potentialAction":[{"@type":"ReadAction","target":["https:\/\/kaimanwatch.pe\/product\/reloj-tempus-analogo-s20713a03-hombre\/"]}]},{"@type":"ImageObject","inLanguage":"es","@id":"https:\/\/kaimanwatch.pe\/product\/reloj-tempus-analogo-s20713a03-hombre\/#primaryimage","url":"https:\/\/kaimanwatch.pe\/wp-content\/uploads\/2026\/04\/S20713A03-1.jpg","contentUrl":"https:\/\/kaimanwatch.pe\/wp-content\/uploads\/2026\/04\/S20713A03-1.jpg","width":800,"height":800},{"@type":"BreadcrumbList","@id":"https:\/\/kaimanwatch.pe\/product\/reloj-tempus-analogo-s20713a03-hombre\/#breadcrumb","itemListElement":[{"@type":"ListItem","position":1,"name":"Portada","item":"https:\/\/kaimanwatch.pe\/"},{"@type":"ListItem","position":2,"name":"Tienda","item":"https:\/\/kaimanwatch.pe\/tienda\/"},{"@type":"ListItem","position":3,"name":"Reloj Tempus An\u00e1logo S20713A03 Hombre"}]},{"@type":"WebSite","@id":"https:\/\/kaimanwatch.pe\/#website","url":"https:\/\/kaimanwatch.pe\/","name":"Kaimanwatch","description":"Relojes a tu alcance","publisher":{"@id":"https:\/\/kaimanwatch.pe\/#organization"},"potentialAction":[{"@type":"SearchAction","target":{"@type":"EntryPoint","urlTemplate":"https:\/\/kaimanwatch.pe\/?s={search_term_string}"},"query-input":{"@type":"PropertyValueSpecification","valueRequired":true,"valueName":"search_term_string"}}],"inLanguage":"es"},{"@type":"Organization","@id":"https:\/\/kaimanwatch.pe\/#organization","name":"Kaimanwatch","url":"https:\/\/kaimanwatch.pe\/","logo":{"@type":"ImageObject","inLanguage":"es","@id":"https:\/\/kaimanwatch.pe\/#\/schema\/logo\/image\/","url":"https:\/\/kaimanwatch.pe\/wp-content\/uploads\/2021\/08\/logooooo-inka.jpg","contentUrl":"https:\/\/kaimanwatch.pe\/wp-content\/uploads\/2021\/08\/logooooo-inka.jpg","width":1501,"height":1501,"caption":"Kaimanwatch"},"image":{"@id":"https:\/\/kaimanwatch.pe\/#\/schema\/logo\/image\/"}}]}},"_links":{"self":[{"href":"https:\/\/kaimanwatch.pe\/es\/wp-json\/wp\/v2\/product\/40355","targetHints":{"allow":["GET"]}}],"collection":[{"href":"https:\/\/kaimanwatch.pe\/es\/wp-json\/wp\/v2\/product"}],"about":[{"href":"https:\/\/kaimanwatch.pe\/es\/wp-json\/wp\/v2\/types\/product"}],"replies":[{"embeddable":true,"href":"https:\/\/kaimanwatch.pe\/es\/wp-json\/wp\/v2\/comments?post=40355"}],"version-history":[{"count":0,"href":"https:\/\/kaimanwatch.pe\/es\/wp-json\/wp\/v2\/product\/40355\/revisions"}],"wp:featuredmedia":[{"embeddable":true,"href":"https:\/\/kaimanwatch.pe\/es\/wp-json\/wp\/v2\/media\/40354"}],"wp:attachment":[{"href":"https:\/\/kaimanwatch.pe\/es\/wp-json\/wp\/v2\/media?parent=40355"}],"wp:term":[{"taxonomy":"product_brand","embeddable":true,"href":"https:\/\/kaimanwatch.pe\/es\/wp-json\/wp\/v2\/product_brand?post=40355"},{"taxonomy":"product_cat","embeddable":true,"href":"https:\/\/kaimanwatch.pe\/es\/wp-json\/wp\/v2\/product_cat?post=40355"},{"taxonomy":"product_tag","embeddable":true,"href":"https:\/\/kaimanwatch.pe\/es\/wp-json\/wp\/v2\/product_tag?post=40355"}],"curies":[{"name":"wp","href":"https:\/\/api.w.org\/{rel}","templated":true}]}}