{"id":39747,"date":"2025-10-13T18:18:01","date_gmt":"2025-10-13T23:18:01","guid":{"rendered":"https:\/\/kaimanwatch.pe\/product\/reloj-g-shock-analogo-digital-ga-2300-7adr-hombre\/"},"modified":"2026-04-05T18:57:50","modified_gmt":"2026-04-05T23:57:50","slug":"reloj-g-shock-analogo-digital-ga-2300-7adr-hombre","status":"publish","type":"product","link":"https:\/\/kaimanwatch.pe\/es\/producto\/reloj-g-shock-analogo-digital-ga-2300-7adr-hombre\/","title":{"rendered":"Reloj G-Shock An\u00e1logo &#8211; Digital GA-2300-7ADR Hombre"},"content":{"rendered":"<ul>\n<li>Marca: G-Shock<\/li>\n<li>Codigo: GA-2300-7ADR<\/li>\n<li>Modelo: GA-2300-7ADR<\/li>\n<li>G\u00e9nero: Hombre<\/li>\n<li>Forma de la caja: Circular<\/li>\n<li>Tipo de cristal: Mineral<\/li>\n<li>Visualizaci\u00f3n: An\u00e1logo &#8211; Digital<\/li>\n<li>Tipo de cierre: Hebilla<\/li>\n<li>Material de la caja: Resina<\/li>\n<li>Dimensiones: 45.4 \u00d7 42.1 \u00d7 11.6 mm<\/li>\n<li>Iluminaci\u00f3n: Luz LED doble<br \/>\nLuz LED para la esfera (superiluminador, duraci\u00f3n de iluminaci\u00f3n seleccionable (1,5 o 3 segundos) y luminosidad)<br \/>\nLuz LED para la pantalla digital (superiluminador, duraci\u00f3n de iluminaci\u00f3n seleccionable (1,5 o 3 segundos) y luminosidad)<\/li>\n<li>Material de la correa: Resina<\/li>\n<li>Color de la correa: Blanco<\/li>\n<li>Color del dial: Blanco<\/li>\n<li>Cron\u00f3metro: Cron\u00f3metro de 1\/100 segundos<br \/>\nCapacidad de medici\u00f3n:<br \/>\n00&#8217;00&#8243;00~59&#8217;59&#8243;99 (durante los primeros 60 minutos)<br \/>\n1:00&#8217;00~23:59&#8217;59 (despu\u00e9s de 60 minutos)<br \/>\nUnidad de medici\u00f3n:<br \/>\n1\/100 segundos (durante los primeros 60 minutos)<br \/>\n1 segundo (despu\u00e9s de 60 minutos)<br \/>\nModos de medici\u00f3n: Tiempo transcurrido, fracci\u00f3n de tiempo y tiempo del primer y segundo puesto<br \/>\nTemporizador<br \/>\nTemporizador de cuenta atr\u00e1s<br \/>\nUnidad de medici\u00f3n: 1 segundo<br \/>\nIntervalo de cuenta atr\u00e1s: 24 horas<br \/>\nRango de ajuste de la hora de inicio de la cuenta atr\u00e1s: Entre 1 segundo y 24 horas (incrementos de 1 segundo, de 1 minuto y de 1 hora)<\/li>\n<li>Movimiento: Cuarzo<\/li>\n<li>Resistencia a la presi\u00f3n del agua: 200 Metros<\/li>\n<li>Otras opciones: Formato de 12 y 24 horas<br \/>\nFunci\u00f3n de cambio de manecilla (las manecillas se desplazan para que quede despejada la vista del contenido de la pantalla digital).<br \/>\nIndicaci\u00f3n de la hora normal:<br \/>\nAnal\u00f3gica: 2 manecillas (hora y minutos [la manecilla se mueve cada 20 segundos]), 1 dial (d\u00eda)<br \/>\nDigital: Hora, minutos, segundos, p.m., mes y fecha<\/li>\n<\/ul>\n","protected":false},"excerpt":{"rendered":"<p>Marca: G-Shock Codigo: GA-2300-7ADR Modelo: GA-2300-7ADR G\u00e9nero: Hombre Forma de la caja: Circular Tipo de cristal: Mineral Visualizaci\u00f3n: An\u00e1logo &#8211;<\/p>","protected":false},"featured_media":39558,"comment_status":"open","ping_status":"closed","template":"","meta":{"_joinchat":[]},"product_brand":[],"product_cat":[111],"product_tag":[],"class_list":{"0":"post-39747","1":"product","2":"type-product","3":"status-publish","4":"has-post-thumbnail","6":"product_cat-hombre","7":"product_shipping_class-envio-a-lima-y-provincia","8":"pa_color-de-correa-blanco","10":"first","11":"instock","12":"sale","13":"featured","14":"shipping-taxable","15":"purchasable","16":"product-type-simple"},"yoast_head":"<!-- This site is optimized with the Yoast SEO plugin v27.4 - https:\/\/yoast.com\/product\/yoast-seo-wordpress\/ -->\n<title>Reloj G-Shock An\u00e1logo - Digital GA-2300-7ADR Hombre - Kaimanwatch<\/title>\n<meta name=\"robots\" content=\"index, follow, max-snippet:-1, max-image-preview:large, max-video-preview:-1\" \/>\n<link rel=\"canonical\" href=\"https:\/\/kaimanwatch.pe\/es\/producto\/reloj-g-shock-analogo-digital-ga-2300-7adr-hombre\/\" \/>\n<meta property=\"og:locale\" content=\"es_ES\" \/>\n<meta property=\"og:type\" content=\"article\" \/>\n<meta property=\"og:title\" content=\"Reloj G-Shock An\u00e1logo - Digital GA-2300-7ADR Hombre - Kaimanwatch\" \/>\n<meta property=\"og:description\" content=\"Marca: G-Shock Codigo: GA-2300-7ADR Modelo: GA-2300-7ADR G\u00e9nero: Hombre Forma de la caja: Circular Tipo de cristal: Mineral Visualizaci\u00f3n: An\u00e1logo &#8211;\" \/>\n<meta property=\"og:url\" content=\"https:\/\/kaimanwatch.pe\/es\/producto\/reloj-g-shock-analogo-digital-ga-2300-7adr-hombre\/\" \/>\n<meta property=\"og:site_name\" content=\"Kaimanwatch\" \/>\n<meta property=\"article:modified_time\" content=\"2026-04-05T23:57:50+00:00\" \/>\n<meta name=\"twitter:card\" content=\"summary_large_image\" \/>\n<meta name=\"twitter:label1\" content=\"Tiempo de lectura\" \/>\n\t<meta name=\"twitter:data1\" content=\"1 minuto\" \/>\n<script type=\"application\/ld+json\" class=\"yoast-schema-graph\">{\"@context\":\"https:\\\/\\\/schema.org\",\"@graph\":[{\"@type\":\"WebPage\",\"@id\":\"https:\\\/\\\/kaimanwatch.pe\\\/product\\\/reloj-g-shock-analogo-digital-ga-2300-7adr-hombre\\\/\",\"url\":\"https:\\\/\\\/kaimanwatch.pe\\\/product\\\/reloj-g-shock-analogo-digital-ga-2300-7adr-hombre\\\/\",\"name\":\"Reloj G-Shock An\u00e1logo - Digital GA-2300-7ADR Hombre - Kaimanwatch\",\"isPartOf\":{\"@id\":\"https:\\\/\\\/kaimanwatch.pe\\\/#website\"},\"primaryImageOfPage\":{\"@id\":\"https:\\\/\\\/kaimanwatch.pe\\\/product\\\/reloj-g-shock-analogo-digital-ga-2300-7adr-hombre\\\/#primaryimage\"},\"image\":{\"@id\":\"https:\\\/\\\/kaimanwatch.pe\\\/product\\\/reloj-g-shock-analogo-digital-ga-2300-7adr-hombre\\\/#primaryimage\"},\"thumbnailUrl\":\"https:\\\/\\\/kaimanwatch.pe\\\/wp-content\\\/uploads\\\/2025\\\/10\\\/GA-2300-7ADR_1.jpg\",\"datePublished\":\"2025-10-13T23:18:01+00:00\",\"dateModified\":\"2026-04-05T23:57:50+00:00\",\"breadcrumb\":{\"@id\":\"https:\\\/\\\/kaimanwatch.pe\\\/product\\\/reloj-g-shock-analogo-digital-ga-2300-7adr-hombre\\\/#breadcrumb\"},\"inLanguage\":\"es\",\"potentialAction\":[{\"@type\":\"ReadAction\",\"target\":[\"https:\\\/\\\/kaimanwatch.pe\\\/product\\\/reloj-g-shock-analogo-digital-ga-2300-7adr-hombre\\\/\"]}]},{\"@type\":\"ImageObject\",\"inLanguage\":\"es\",\"@id\":\"https:\\\/\\\/kaimanwatch.pe\\\/product\\\/reloj-g-shock-analogo-digital-ga-2300-7adr-hombre\\\/#primaryimage\",\"url\":\"https:\\\/\\\/kaimanwatch.pe\\\/wp-content\\\/uploads\\\/2025\\\/10\\\/GA-2300-7ADR_1.jpg\",\"contentUrl\":\"https:\\\/\\\/kaimanwatch.pe\\\/wp-content\\\/uploads\\\/2025\\\/10\\\/GA-2300-7ADR_1.jpg\",\"width\":1000,\"height\":1000},{\"@type\":\"BreadcrumbList\",\"@id\":\"https:\\\/\\\/kaimanwatch.pe\\\/product\\\/reloj-g-shock-analogo-digital-ga-2300-7adr-hombre\\\/#breadcrumb\",\"itemListElement\":[{\"@type\":\"ListItem\",\"position\":1,\"name\":\"Portada\",\"item\":\"https:\\\/\\\/kaimanwatch.pe\\\/\"},{\"@type\":\"ListItem\",\"position\":2,\"name\":\"Tienda\",\"item\":\"https:\\\/\\\/kaimanwatch.pe\\\/tienda\\\/\"},{\"@type\":\"ListItem\",\"position\":3,\"name\":\"Reloj G-Shock An\u00e1logo &#8211; Digital GA-2300-7ADR Hombre\"}]},{\"@type\":\"WebSite\",\"@id\":\"https:\\\/\\\/kaimanwatch.pe\\\/#website\",\"url\":\"https:\\\/\\\/kaimanwatch.pe\\\/\",\"name\":\"Kaimanwatch\",\"description\":\"Relojes a tu alcance\",\"publisher\":{\"@id\":\"https:\\\/\\\/kaimanwatch.pe\\\/#organization\"},\"potentialAction\":[{\"@type\":\"SearchAction\",\"target\":{\"@type\":\"EntryPoint\",\"urlTemplate\":\"https:\\\/\\\/kaimanwatch.pe\\\/?s={search_term_string}\"},\"query-input\":{\"@type\":\"PropertyValueSpecification\",\"valueRequired\":true,\"valueName\":\"search_term_string\"}}],\"inLanguage\":\"es\"},{\"@type\":\"Organization\",\"@id\":\"https:\\\/\\\/kaimanwatch.pe\\\/#organization\",\"name\":\"Kaimanwatch\",\"url\":\"https:\\\/\\\/kaimanwatch.pe\\\/\",\"logo\":{\"@type\":\"ImageObject\",\"inLanguage\":\"es\",\"@id\":\"https:\\\/\\\/kaimanwatch.pe\\\/#\\\/schema\\\/logo\\\/image\\\/\",\"url\":\"https:\\\/\\\/kaimanwatch.pe\\\/wp-content\\\/uploads\\\/2021\\\/08\\\/logooooo-inka.jpg\",\"contentUrl\":\"https:\\\/\\\/kaimanwatch.pe\\\/wp-content\\\/uploads\\\/2021\\\/08\\\/logooooo-inka.jpg\",\"width\":1501,\"height\":1501,\"caption\":\"Kaimanwatch\"},\"image\":{\"@id\":\"https:\\\/\\\/kaimanwatch.pe\\\/#\\\/schema\\\/logo\\\/image\\\/\"}}]}<\/script>\n<!-- \/ Yoast SEO plugin. -->","yoast_head_json":{"title":"Reloj G-Shock An\u00e1logo - Digital GA-2300-7ADR Hombre - Kaimanwatch","robots":{"index":"index","follow":"follow","max-snippet":"max-snippet:-1","max-image-preview":"max-image-preview:large","max-video-preview":"max-video-preview:-1"},"canonical":"https:\/\/kaimanwatch.pe\/es\/producto\/reloj-g-shock-analogo-digital-ga-2300-7adr-hombre\/","og_locale":"es_ES","og_type":"article","og_title":"Reloj G-Shock An\u00e1logo - Digital GA-2300-7ADR Hombre - Kaimanwatch","og_description":"Marca: G-Shock Codigo: GA-2300-7ADR Modelo: GA-2300-7ADR G\u00e9nero: Hombre Forma de la caja: Circular Tipo de cristal: Mineral Visualizaci\u00f3n: An\u00e1logo &#8211;","og_url":"https:\/\/kaimanwatch.pe\/es\/producto\/reloj-g-shock-analogo-digital-ga-2300-7adr-hombre\/","og_site_name":"Kaimanwatch","article_modified_time":"2026-04-05T23:57:50+00:00","twitter_card":"summary_large_image","twitter_misc":{"Tiempo de lectura":"1 minuto"},"schema":{"@context":"https:\/\/schema.org","@graph":[{"@type":"WebPage","@id":"https:\/\/kaimanwatch.pe\/product\/reloj-g-shock-analogo-digital-ga-2300-7adr-hombre\/","url":"https:\/\/kaimanwatch.pe\/product\/reloj-g-shock-analogo-digital-ga-2300-7adr-hombre\/","name":"Reloj G-Shock An\u00e1logo - Digital GA-2300-7ADR Hombre - Kaimanwatch","isPartOf":{"@id":"https:\/\/kaimanwatch.pe\/#website"},"primaryImageOfPage":{"@id":"https:\/\/kaimanwatch.pe\/product\/reloj-g-shock-analogo-digital-ga-2300-7adr-hombre\/#primaryimage"},"image":{"@id":"https:\/\/kaimanwatch.pe\/product\/reloj-g-shock-analogo-digital-ga-2300-7adr-hombre\/#primaryimage"},"thumbnailUrl":"https:\/\/kaimanwatch.pe\/wp-content\/uploads\/2025\/10\/GA-2300-7ADR_1.jpg","datePublished":"2025-10-13T23:18:01+00:00","dateModified":"2026-04-05T23:57:50+00:00","breadcrumb":{"@id":"https:\/\/kaimanwatch.pe\/product\/reloj-g-shock-analogo-digital-ga-2300-7adr-hombre\/#breadcrumb"},"inLanguage":"es","potentialAction":[{"@type":"ReadAction","target":["https:\/\/kaimanwatch.pe\/product\/reloj-g-shock-analogo-digital-ga-2300-7adr-hombre\/"]}]},{"@type":"ImageObject","inLanguage":"es","@id":"https:\/\/kaimanwatch.pe\/product\/reloj-g-shock-analogo-digital-ga-2300-7adr-hombre\/#primaryimage","url":"https:\/\/kaimanwatch.pe\/wp-content\/uploads\/2025\/10\/GA-2300-7ADR_1.jpg","contentUrl":"https:\/\/kaimanwatch.pe\/wp-content\/uploads\/2025\/10\/GA-2300-7ADR_1.jpg","width":1000,"height":1000},{"@type":"BreadcrumbList","@id":"https:\/\/kaimanwatch.pe\/product\/reloj-g-shock-analogo-digital-ga-2300-7adr-hombre\/#breadcrumb","itemListElement":[{"@type":"ListItem","position":1,"name":"Portada","item":"https:\/\/kaimanwatch.pe\/"},{"@type":"ListItem","position":2,"name":"Tienda","item":"https:\/\/kaimanwatch.pe\/tienda\/"},{"@type":"ListItem","position":3,"name":"Reloj G-Shock An\u00e1logo &#8211; Digital GA-2300-7ADR Hombre"}]},{"@type":"WebSite","@id":"https:\/\/kaimanwatch.pe\/#website","url":"https:\/\/kaimanwatch.pe\/","name":"Kaimanwatch","description":"Relojes a tu alcance","publisher":{"@id":"https:\/\/kaimanwatch.pe\/#organization"},"potentialAction":[{"@type":"SearchAction","target":{"@type":"EntryPoint","urlTemplate":"https:\/\/kaimanwatch.pe\/?s={search_term_string}"},"query-input":{"@type":"PropertyValueSpecification","valueRequired":true,"valueName":"search_term_string"}}],"inLanguage":"es"},{"@type":"Organization","@id":"https:\/\/kaimanwatch.pe\/#organization","name":"Kaimanwatch","url":"https:\/\/kaimanwatch.pe\/","logo":{"@type":"ImageObject","inLanguage":"es","@id":"https:\/\/kaimanwatch.pe\/#\/schema\/logo\/image\/","url":"https:\/\/kaimanwatch.pe\/wp-content\/uploads\/2021\/08\/logooooo-inka.jpg","contentUrl":"https:\/\/kaimanwatch.pe\/wp-content\/uploads\/2021\/08\/logooooo-inka.jpg","width":1501,"height":1501,"caption":"Kaimanwatch"},"image":{"@id":"https:\/\/kaimanwatch.pe\/#\/schema\/logo\/image\/"}}]}},"_links":{"self":[{"href":"https:\/\/kaimanwatch.pe\/es\/wp-json\/wp\/v2\/product\/39747","targetHints":{"allow":["GET"]}}],"collection":[{"href":"https:\/\/kaimanwatch.pe\/es\/wp-json\/wp\/v2\/product"}],"about":[{"href":"https:\/\/kaimanwatch.pe\/es\/wp-json\/wp\/v2\/types\/product"}],"replies":[{"embeddable":true,"href":"https:\/\/kaimanwatch.pe\/es\/wp-json\/wp\/v2\/comments?post=39747"}],"version-history":[{"count":0,"href":"https:\/\/kaimanwatch.pe\/es\/wp-json\/wp\/v2\/product\/39747\/revisions"}],"wp:featuredmedia":[{"embeddable":true,"href":"https:\/\/kaimanwatch.pe\/es\/wp-json\/wp\/v2\/media\/39558"}],"wp:attachment":[{"href":"https:\/\/kaimanwatch.pe\/es\/wp-json\/wp\/v2\/media?parent=39747"}],"wp:term":[{"taxonomy":"product_brand","embeddable":true,"href":"https:\/\/kaimanwatch.pe\/es\/wp-json\/wp\/v2\/product_brand?post=39747"},{"taxonomy":"product_cat","embeddable":true,"href":"https:\/\/kaimanwatch.pe\/es\/wp-json\/wp\/v2\/product_cat?post=39747"},{"taxonomy":"product_tag","embeddable":true,"href":"https:\/\/kaimanwatch.pe\/es\/wp-json\/wp\/v2\/product_tag?post=39747"}],"curies":[{"name":"wp","href":"https:\/\/api.w.org\/{rel}","templated":true}]}}