{"id":39735,"date":"2025-10-13T18:17:55","date_gmt":"2025-10-13T23:17:55","guid":{"rendered":"https:\/\/kaimanwatch.pe\/product\/reloj-g-shock-analogo-digital-gba-900cb-7adr-hombre\/"},"modified":"2026-04-05T18:57:45","modified_gmt":"2026-04-05T23:57:45","slug":"reloj-g-shock-analogo-digital-gba-900cb-7adr-hombre","status":"publish","type":"product","link":"https:\/\/kaimanwatch.pe\/es\/producto\/reloj-g-shock-analogo-digital-gba-900cb-7adr-hombre\/","title":{"rendered":"Reloj G-Shock An\u00e1logo &#8211; Digital GBA-900CB-7ADR Hombre"},"content":{"rendered":"<ul>\n<li>Marca: G-Shock<\/li>\n<li>Codigo: GBA-900CB-7ADR<\/li>\n<li>Modelo: GBA-900CB-7ADR<\/li>\n<li>G\u00e9nero: Hombre<\/li>\n<li>Forma de la caja: Circular<\/li>\n<li>Tipo de cristal: Mineral<\/li>\n<li>Visualizaci\u00f3n: An\u00e1logo &#8211; Digital<\/li>\n<li>Tipo de cierre: Hebilla<\/li>\n<li>Material de la caja: Resina<\/li>\n<li>Dimensiones: 51.3 \u00d7 48.9 \u00d7 16.6 mm<\/li>\n<li>Iluminaci\u00f3n: Luz LED doble<br \/>\nLuz LED para la esfera (luz LED autom\u00e1tica, Super Illuminator, selecci\u00f3n de duraci\u00f3n de la iluminaci\u00f3n [1,5 o 3 segundos], persistencia luminosa)<br \/>\nLuz de fondo LED para la pantalla digital (luz LED autom\u00e1tica, Super Illuminator, selecci\u00f3n de duraci\u00f3n de la iluminaci\u00f3n [1,5 o 3 segundos], persistencia luminosa)<\/li>\n<li>Material de la correa: Resina<\/li>\n<li>Color de la correa: Blanco<\/li>\n<li>Color del dial: Celeste<\/li>\n<li>Cron\u00f3metro: Cron\u00f3metro de 1\/100 segundos<br \/>\nCapacidad de medici\u00f3n:<br \/>\n00&#8217;00&#8243;00~59&#8217;59&#8243;99 (por los primeros 60 minutos)<br \/>\n1:00&#8217;00~23:59&#8217;59 (despu\u00e9s de 60 minutos)<br \/>\nUnidad de medici\u00f3n:<br \/>\n1\/100 segundos (durante los primeros 60 minutos)<br \/>\n1 segundo (despu\u00e9s de 60 minutos)<br \/>\nModos de medici\u00f3n: tiempo de vuelta\/fracci\u00f3n, visualizaci\u00f3n de distancia\/ritmo, notificaci\u00f3n autom\u00e1tica\/manual de tiempo de vuelta<br \/>\nCapacidad de memoria: hasta los 45 registros m\u00e1s recientes (mes de inicio de la medici\u00f3n, fecha, hora, minuto, tiempos de vuelta\/fracci\u00f3n, tiempo total, distancia, velocidad, promedio, calor\u00edas quemadas, n\u00famero de vuelta, tiempo, distancia, velocidad promedio de cada vuelta\/fracci\u00f3n)<br \/>\nTemporizador<br \/>\nTemporizador de cuenta regresiva<br \/>\nTemporizador para la medici\u00f3n de intervalos (hasta cinco ajustes de tiempo)<br \/>\nUnidad de medici\u00f3n: 1 segundo<br \/>\nRango de entrada: 00&#8217;00&#8221; a 60&#8217;00&#8221; (incrementos de 1 segundo)<br \/>\nOtros: repetici\u00f3n autom\u00e1tica, inicio autom\u00e1tico de temporizador de 5 segundos, repetici\u00f3n (de 1 a 20 veces)<\/li>\n<li>Movimiento: Cuarzo<\/li>\n<li>Resistencia a la presi\u00f3n del agua: 200 Metros<\/li>\n<li>Otras opciones: Mobile Link (conexi\u00f3n autom\u00e1tica, conectividad inal\u00e1mbrica con Bluetooth\u00ae)\n<p>Ajuste de hora autom\u00e1tico<br \/>\nAjustes del reloj sencillos<br \/>\nHora mundial de aproximadamente 300 ciudades<br \/>\nNotificaci\u00f3n simple (alerta solo de tono)<br \/>\nHistorial de actividad<br \/>\nDatos de Life Log<br \/>\nCorrecci\u00f3n de distancia mediante GPS de tel\u00e9fonos inteligentes<br \/>\nBuscador de tel\u00e9fono<\/p>\n<p>Formato de 12 y 24 horas<br \/>\nFunci\u00f3n de movimiento de agujas (las agujas se apartan para proporcionar una visi\u00f3n sin obstrucciones del contenido digital de la pantalla).<br \/>\nModo avi\u00f3n<br \/>\nFunciones cl\u00e1sicas de reloj:<br \/>\nAnal\u00f3gica: 2 manecillas (hora, minuto [las manecillas se mueven cada 20 segundos])<br \/>\nDigital: horas, minutos, segundos, p. m., mes, fecha, d\u00eda<br \/>\nCreaci\u00f3n del perfil del usuario<\/li>\n<\/ul>\n","protected":false},"excerpt":{"rendered":"<p>Marca: G-Shock Codigo: GBA-900CB-7ADR Modelo: GBA-900CB-7ADR G\u00e9nero: Hombre Forma de la caja: Circular Tipo de cristal: Mineral Visualizaci\u00f3n: An\u00e1logo &#8211;<\/p>","protected":false},"featured_media":39575,"comment_status":"open","ping_status":"closed","template":"","meta":{"_joinchat":[]},"product_brand":[],"product_cat":[111],"product_tag":[],"class_list":{"0":"post-39735","1":"product","2":"type-product","3":"status-publish","4":"has-post-thumbnail","6":"product_cat-hombre","7":"product_shipping_class-envio-a-lima-y-provincia","8":"pa_color-de-correa-blanco","10":"first","11":"instock","12":"sale","13":"featured","14":"shipping-taxable","15":"purchasable","16":"product-type-simple"},"yoast_head":"<!-- This site is optimized with the Yoast SEO plugin v27.4 - https:\/\/yoast.com\/product\/yoast-seo-wordpress\/ -->\n<title>Reloj G-Shock An\u00e1logo - Digital GBA-900CB-7ADR Hombre - Kaimanwatch<\/title>\n<meta name=\"robots\" content=\"index, follow, max-snippet:-1, max-image-preview:large, max-video-preview:-1\" \/>\n<link rel=\"canonical\" href=\"https:\/\/kaimanwatch.pe\/es\/producto\/reloj-g-shock-analogo-digital-gba-900cb-7adr-hombre\/\" \/>\n<meta property=\"og:locale\" content=\"es_ES\" \/>\n<meta property=\"og:type\" content=\"article\" \/>\n<meta property=\"og:title\" content=\"Reloj G-Shock An\u00e1logo - Digital GBA-900CB-7ADR Hombre - Kaimanwatch\" \/>\n<meta property=\"og:description\" content=\"Marca: G-Shock Codigo: GBA-900CB-7ADR Modelo: GBA-900CB-7ADR G\u00e9nero: Hombre Forma de la caja: Circular Tipo de cristal: Mineral Visualizaci\u00f3n: An\u00e1logo &#8211;\" \/>\n<meta property=\"og:url\" content=\"https:\/\/kaimanwatch.pe\/es\/producto\/reloj-g-shock-analogo-digital-gba-900cb-7adr-hombre\/\" \/>\n<meta property=\"og:site_name\" content=\"Kaimanwatch\" \/>\n<meta property=\"article:modified_time\" content=\"2026-04-05T23:57:45+00:00\" \/>\n<meta name=\"twitter:card\" content=\"summary_large_image\" \/>\n<meta name=\"twitter:label1\" content=\"Tiempo de lectura\" \/>\n\t<meta name=\"twitter:data1\" content=\"2 minutos\" \/>\n<script type=\"application\/ld+json\" class=\"yoast-schema-graph\">{\"@context\":\"https:\\\/\\\/schema.org\",\"@graph\":[{\"@type\":\"WebPage\",\"@id\":\"https:\\\/\\\/kaimanwatch.pe\\\/product\\\/reloj-g-shock-analogo-digital-gba-900cb-7adr-hombre\\\/\",\"url\":\"https:\\\/\\\/kaimanwatch.pe\\\/product\\\/reloj-g-shock-analogo-digital-gba-900cb-7adr-hombre\\\/\",\"name\":\"Reloj G-Shock An\u00e1logo - Digital GBA-900CB-7ADR Hombre - Kaimanwatch\",\"isPartOf\":{\"@id\":\"https:\\\/\\\/kaimanwatch.pe\\\/#website\"},\"primaryImageOfPage\":{\"@id\":\"https:\\\/\\\/kaimanwatch.pe\\\/product\\\/reloj-g-shock-analogo-digital-gba-900cb-7adr-hombre\\\/#primaryimage\"},\"image\":{\"@id\":\"https:\\\/\\\/kaimanwatch.pe\\\/product\\\/reloj-g-shock-analogo-digital-gba-900cb-7adr-hombre\\\/#primaryimage\"},\"thumbnailUrl\":\"https:\\\/\\\/kaimanwatch.pe\\\/wp-content\\\/uploads\\\/2025\\\/10\\\/GBA-900CB-7ADR_1.jpg\",\"datePublished\":\"2025-10-13T23:17:55+00:00\",\"dateModified\":\"2026-04-05T23:57:45+00:00\",\"breadcrumb\":{\"@id\":\"https:\\\/\\\/kaimanwatch.pe\\\/product\\\/reloj-g-shock-analogo-digital-gba-900cb-7adr-hombre\\\/#breadcrumb\"},\"inLanguage\":\"es\",\"potentialAction\":[{\"@type\":\"ReadAction\",\"target\":[\"https:\\\/\\\/kaimanwatch.pe\\\/product\\\/reloj-g-shock-analogo-digital-gba-900cb-7adr-hombre\\\/\"]}]},{\"@type\":\"ImageObject\",\"inLanguage\":\"es\",\"@id\":\"https:\\\/\\\/kaimanwatch.pe\\\/product\\\/reloj-g-shock-analogo-digital-gba-900cb-7adr-hombre\\\/#primaryimage\",\"url\":\"https:\\\/\\\/kaimanwatch.pe\\\/wp-content\\\/uploads\\\/2025\\\/10\\\/GBA-900CB-7ADR_1.jpg\",\"contentUrl\":\"https:\\\/\\\/kaimanwatch.pe\\\/wp-content\\\/uploads\\\/2025\\\/10\\\/GBA-900CB-7ADR_1.jpg\",\"width\":1000,\"height\":1000},{\"@type\":\"BreadcrumbList\",\"@id\":\"https:\\\/\\\/kaimanwatch.pe\\\/product\\\/reloj-g-shock-analogo-digital-gba-900cb-7adr-hombre\\\/#breadcrumb\",\"itemListElement\":[{\"@type\":\"ListItem\",\"position\":1,\"name\":\"Portada\",\"item\":\"https:\\\/\\\/kaimanwatch.pe\\\/\"},{\"@type\":\"ListItem\",\"position\":2,\"name\":\"Tienda\",\"item\":\"https:\\\/\\\/kaimanwatch.pe\\\/tienda\\\/\"},{\"@type\":\"ListItem\",\"position\":3,\"name\":\"Reloj G-Shock An\u00e1logo &#8211; Digital GBA-900CB-7ADR Hombre\"}]},{\"@type\":\"WebSite\",\"@id\":\"https:\\\/\\\/kaimanwatch.pe\\\/#website\",\"url\":\"https:\\\/\\\/kaimanwatch.pe\\\/\",\"name\":\"Kaimanwatch\",\"description\":\"Relojes a tu alcance\",\"publisher\":{\"@id\":\"https:\\\/\\\/kaimanwatch.pe\\\/#organization\"},\"potentialAction\":[{\"@type\":\"SearchAction\",\"target\":{\"@type\":\"EntryPoint\",\"urlTemplate\":\"https:\\\/\\\/kaimanwatch.pe\\\/?s={search_term_string}\"},\"query-input\":{\"@type\":\"PropertyValueSpecification\",\"valueRequired\":true,\"valueName\":\"search_term_string\"}}],\"inLanguage\":\"es\"},{\"@type\":\"Organization\",\"@id\":\"https:\\\/\\\/kaimanwatch.pe\\\/#organization\",\"name\":\"Kaimanwatch\",\"url\":\"https:\\\/\\\/kaimanwatch.pe\\\/\",\"logo\":{\"@type\":\"ImageObject\",\"inLanguage\":\"es\",\"@id\":\"https:\\\/\\\/kaimanwatch.pe\\\/#\\\/schema\\\/logo\\\/image\\\/\",\"url\":\"https:\\\/\\\/kaimanwatch.pe\\\/wp-content\\\/uploads\\\/2021\\\/08\\\/logooooo-inka.jpg\",\"contentUrl\":\"https:\\\/\\\/kaimanwatch.pe\\\/wp-content\\\/uploads\\\/2021\\\/08\\\/logooooo-inka.jpg\",\"width\":1501,\"height\":1501,\"caption\":\"Kaimanwatch\"},\"image\":{\"@id\":\"https:\\\/\\\/kaimanwatch.pe\\\/#\\\/schema\\\/logo\\\/image\\\/\"}}]}<\/script>\n<!-- \/ Yoast SEO plugin. -->","yoast_head_json":{"title":"Reloj G-Shock An\u00e1logo - Digital GBA-900CB-7ADR Hombre - Kaimanwatch","robots":{"index":"index","follow":"follow","max-snippet":"max-snippet:-1","max-image-preview":"max-image-preview:large","max-video-preview":"max-video-preview:-1"},"canonical":"https:\/\/kaimanwatch.pe\/es\/producto\/reloj-g-shock-analogo-digital-gba-900cb-7adr-hombre\/","og_locale":"es_ES","og_type":"article","og_title":"Reloj G-Shock An\u00e1logo - Digital GBA-900CB-7ADR Hombre - Kaimanwatch","og_description":"Marca: G-Shock Codigo: GBA-900CB-7ADR Modelo: GBA-900CB-7ADR G\u00e9nero: Hombre Forma de la caja: Circular Tipo de cristal: Mineral Visualizaci\u00f3n: An\u00e1logo &#8211;","og_url":"https:\/\/kaimanwatch.pe\/es\/producto\/reloj-g-shock-analogo-digital-gba-900cb-7adr-hombre\/","og_site_name":"Kaimanwatch","article_modified_time":"2026-04-05T23:57:45+00:00","twitter_card":"summary_large_image","twitter_misc":{"Tiempo de lectura":"2 minutos"},"schema":{"@context":"https:\/\/schema.org","@graph":[{"@type":"WebPage","@id":"https:\/\/kaimanwatch.pe\/product\/reloj-g-shock-analogo-digital-gba-900cb-7adr-hombre\/","url":"https:\/\/kaimanwatch.pe\/product\/reloj-g-shock-analogo-digital-gba-900cb-7adr-hombre\/","name":"Reloj G-Shock An\u00e1logo - Digital GBA-900CB-7ADR Hombre - Kaimanwatch","isPartOf":{"@id":"https:\/\/kaimanwatch.pe\/#website"},"primaryImageOfPage":{"@id":"https:\/\/kaimanwatch.pe\/product\/reloj-g-shock-analogo-digital-gba-900cb-7adr-hombre\/#primaryimage"},"image":{"@id":"https:\/\/kaimanwatch.pe\/product\/reloj-g-shock-analogo-digital-gba-900cb-7adr-hombre\/#primaryimage"},"thumbnailUrl":"https:\/\/kaimanwatch.pe\/wp-content\/uploads\/2025\/10\/GBA-900CB-7ADR_1.jpg","datePublished":"2025-10-13T23:17:55+00:00","dateModified":"2026-04-05T23:57:45+00:00","breadcrumb":{"@id":"https:\/\/kaimanwatch.pe\/product\/reloj-g-shock-analogo-digital-gba-900cb-7adr-hombre\/#breadcrumb"},"inLanguage":"es","potentialAction":[{"@type":"ReadAction","target":["https:\/\/kaimanwatch.pe\/product\/reloj-g-shock-analogo-digital-gba-900cb-7adr-hombre\/"]}]},{"@type":"ImageObject","inLanguage":"es","@id":"https:\/\/kaimanwatch.pe\/product\/reloj-g-shock-analogo-digital-gba-900cb-7adr-hombre\/#primaryimage","url":"https:\/\/kaimanwatch.pe\/wp-content\/uploads\/2025\/10\/GBA-900CB-7ADR_1.jpg","contentUrl":"https:\/\/kaimanwatch.pe\/wp-content\/uploads\/2025\/10\/GBA-900CB-7ADR_1.jpg","width":1000,"height":1000},{"@type":"BreadcrumbList","@id":"https:\/\/kaimanwatch.pe\/product\/reloj-g-shock-analogo-digital-gba-900cb-7adr-hombre\/#breadcrumb","itemListElement":[{"@type":"ListItem","position":1,"name":"Portada","item":"https:\/\/kaimanwatch.pe\/"},{"@type":"ListItem","position":2,"name":"Tienda","item":"https:\/\/kaimanwatch.pe\/tienda\/"},{"@type":"ListItem","position":3,"name":"Reloj G-Shock An\u00e1logo &#8211; Digital GBA-900CB-7ADR Hombre"}]},{"@type":"WebSite","@id":"https:\/\/kaimanwatch.pe\/#website","url":"https:\/\/kaimanwatch.pe\/","name":"Kaimanwatch","description":"Relojes a tu alcance","publisher":{"@id":"https:\/\/kaimanwatch.pe\/#organization"},"potentialAction":[{"@type":"SearchAction","target":{"@type":"EntryPoint","urlTemplate":"https:\/\/kaimanwatch.pe\/?s={search_term_string}"},"query-input":{"@type":"PropertyValueSpecification","valueRequired":true,"valueName":"search_term_string"}}],"inLanguage":"es"},{"@type":"Organization","@id":"https:\/\/kaimanwatch.pe\/#organization","name":"Kaimanwatch","url":"https:\/\/kaimanwatch.pe\/","logo":{"@type":"ImageObject","inLanguage":"es","@id":"https:\/\/kaimanwatch.pe\/#\/schema\/logo\/image\/","url":"https:\/\/kaimanwatch.pe\/wp-content\/uploads\/2021\/08\/logooooo-inka.jpg","contentUrl":"https:\/\/kaimanwatch.pe\/wp-content\/uploads\/2021\/08\/logooooo-inka.jpg","width":1501,"height":1501,"caption":"Kaimanwatch"},"image":{"@id":"https:\/\/kaimanwatch.pe\/#\/schema\/logo\/image\/"}}]}},"_links":{"self":[{"href":"https:\/\/kaimanwatch.pe\/es\/wp-json\/wp\/v2\/product\/39735","targetHints":{"allow":["GET"]}}],"collection":[{"href":"https:\/\/kaimanwatch.pe\/es\/wp-json\/wp\/v2\/product"}],"about":[{"href":"https:\/\/kaimanwatch.pe\/es\/wp-json\/wp\/v2\/types\/product"}],"replies":[{"embeddable":true,"href":"https:\/\/kaimanwatch.pe\/es\/wp-json\/wp\/v2\/comments?post=39735"}],"version-history":[{"count":0,"href":"https:\/\/kaimanwatch.pe\/es\/wp-json\/wp\/v2\/product\/39735\/revisions"}],"wp:featuredmedia":[{"embeddable":true,"href":"https:\/\/kaimanwatch.pe\/es\/wp-json\/wp\/v2\/media\/39575"}],"wp:attachment":[{"href":"https:\/\/kaimanwatch.pe\/es\/wp-json\/wp\/v2\/media?parent=39735"}],"wp:term":[{"taxonomy":"product_brand","embeddable":true,"href":"https:\/\/kaimanwatch.pe\/es\/wp-json\/wp\/v2\/product_brand?post=39735"},{"taxonomy":"product_cat","embeddable":true,"href":"https:\/\/kaimanwatch.pe\/es\/wp-json\/wp\/v2\/product_cat?post=39735"},{"taxonomy":"product_tag","embeddable":true,"href":"https:\/\/kaimanwatch.pe\/es\/wp-json\/wp\/v2\/product_tag?post=39735"}],"curies":[{"name":"wp","href":"https:\/\/api.w.org\/{rel}","templated":true}]}}