{"id":39731,"date":"2025-10-13T18:17:54","date_gmt":"2025-10-13T23:17:54","guid":{"rendered":"https:\/\/kaimanwatch.pe\/product\/reloj-g-shock-analogo-digital-gg-b100-8adr-hombre\/"},"modified":"2026-04-05T18:57:41","modified_gmt":"2026-04-05T23:57:41","slug":"reloj-g-shock-analogo-digital-gg-b100-8adr-hombre","status":"publish","type":"product","link":"https:\/\/kaimanwatch.pe\/es\/producto\/reloj-g-shock-analogo-digital-gg-b100-8adr-hombre\/","title":{"rendered":"Reloj G-Shock An\u00e1logo &#8211; Digital GG-B100-8ADR Hombre"},"content":{"rendered":"<ul>\n<li>Marca: G-Shock<\/li>\n<li>Codigo: GG-B100-8ADR<\/li>\n<li>Modelo: GG-B100-8ADR<\/li>\n<li>G\u00e9nero: Hombre<\/li>\n<li>Forma de la caja: Circular<\/li>\n<li>Tipo de cristal: Mineral<\/li>\n<li>Visualizaci\u00f3n: An\u00e1logo &#8211; Digital<\/li>\n<li>Tipo de cierre: Hebilla<\/li>\n<li>Material de la caja: Resina<\/li>\n<li>Dimensiones: 55.4 \u00d7 51.3 \u00d7 19.4 mm<\/li>\n<li>Iluminaci\u00f3n: Luz LED doble<br \/>\nLuz LED para la esfera (luz LED autom\u00e1tica, Super Illuminator, selecci\u00f3n de duraci\u00f3n de la iluminaci\u00f3n [1,5 o 3 segundos], persistencia luminosa)<br \/>\nLuz de fondo LED para la pantalla digital (luz LED autom\u00e1tica, Super Illuminator, selecci\u00f3n de duraci\u00f3n de la iluminaci\u00f3n [1,5 o 3 segundos], persistencia luminosa)<\/li>\n<li>Material de la correa: Resina<\/li>\n<li>Color de la correa: Negro<\/li>\n<li>Color del dial: Gris<\/li>\n<li>Cron\u00f3metro: Cron\u00f3metro de 1\/100 segundos 00&#8217;00&#8243;00~59&#8217;59&#8243;99 (por los primeros 60 minutos) 1:00&#8217;00~23:59&#8217;59 (despu\u00e9s de 60 minutos) Unidad de medici\u00f3n:<br \/>\n1\/100 segundos (por los primeros 60 minutos)<br \/>\n1 segundo (despu\u00e9s de 60 minutos)<br \/>\nModos de medici\u00f3n: Tiempo transcurrido, tiempo de divisi\u00f3n, tiempos de 1\u00aa y 2\u00aa posiciones<br \/>\nTemporizador<br \/>\nTemporizador con cuenta regresiva Unidad de medici\u00f3n: 1 segundo Rango de cuenta regresiva: 24 horas Rango de ajuste de tiempo inicial de cuenta regresiva: de 1 segundo a 24 horas (incrementos de 1 minuto y de 1 hora)<\/li>\n<li>Movimiento: Cuarzo<\/li>\n<li>Resistencia a la presi\u00f3n del agua: 200 Metros<\/li>\n<li>Otras opciones: Bluetooth: Se conecta a un tel\u00e9fono inteligente y ajusta autom\u00e1ticamente la hora.\n<p>Conteo de pasos mediante sensor de aceleraci\u00f3n de 3 ejes: Margen de visualizaci\u00f3n de conteo de pasos de 0 a 999 999 Ahorro de energ\u00eda: sensor autom\u00e1tico de modo de sue\u00f1o (se activa despu\u00e9s de un per\u00edodo fijo de inactividad)<br \/>\nAlt\u00edmetro Rango de medici\u00f3n: de -700 m a 10 000 m (-2300 a 32 800 pies) Unidad de medici\u00f3n: 1 m (5 pies) Manecilla de indicaci\u00f3n de la diferencia de altitud Mediciones de memoria manual (hasta 14 registros; cada uno incluye altitud, fecha y hora) Datos de registro autom\u00e1tico (altitudes altas\/bajas, memoria acumulativa de ascenso y descenso) Otros: Lecturas de altitud relativa (\u00b1100 m\/\u00b11000 m), intervalo de medida seleccionable: 5 segundos o 2 minutos (1 segundo para los primeros 3 minutos solamente) * Cambio de metros (m) a pies (ft)<br \/>\nBar\u00f3metro Rango de medici\u00f3n: de 260 a 1100 hPa (de 7,65 a 32,45 inHg) Unidad de medici\u00f3n: 1 hPa (0,05 inHg) Manecilla de indicaci\u00f3n de presi\u00f3n diferencial (\u00b110 hPa) Gr\u00e1fico de tendencia de la presi\u00f3n atmosf\u00e9rica (\u00faltimas 20 o 56 horas) Alarma de informaci\u00f3n de tendencia de presi\u00f3n barom\u00e9trica (el zumbido y la flecha indican cambios importantes de presi\u00f3n) En el gr\u00e1fico de tendencia de presi\u00f3n atmosf\u00e9rica se pueden mostrar los \u00faltimos 20 o 56 minutos de mediciones. En la aguja de indicaci\u00f3n de presi\u00f3n diferencial, se muestran los valores en unidades de \u00b10.1 hPa. *Cambio de hPa a pulgada de Hg<br \/>\nBr\u00fajula digital Mide y muestra la direcci\u00f3n como uno de 16 puntos Rango de medici\u00f3n: de 0 a 359\u00b0 Unidad de medici\u00f3n: 1\u00b0 60 segundos de medici\u00f3n continua Manecilla de indicaci\u00f3n del norte Correcci\u00f3n de declinaci\u00f3n magn\u00e9tica Calibraci\u00f3n de direcci\u00f3n (calibraci\u00f3n de 2 puntos, calibraci\u00f3n de figura ocho, calibraci\u00f3n autom\u00e1tica)<br \/>\nTerm\u00f3metro Rango de medici\u00f3n: de -10 a 60 \u00b0C (de 14 a 140 \u00b0F) Unidad de medici\u00f3n: 0,1 \u00b0C (0,2 \u2109) * Cambio entre Celsius (\u00b0C) y Fahrenheit (\u00b0C)<\/li>\n<\/ul>\n","protected":false},"excerpt":{"rendered":"<p>Marca: G-Shock Codigo: GG-B100-8ADR Modelo: GG-B100-8ADR G\u00e9nero: Hombre Forma de la caja: Circular Tipo de cristal: Mineral Visualizaci\u00f3n: An\u00e1logo &#8211;<\/p>","protected":false},"featured_media":39673,"comment_status":"open","ping_status":"closed","template":"","meta":{"_joinchat":[]},"product_brand":[],"product_cat":[111],"product_tag":[],"class_list":{"0":"post-39731","1":"product","2":"type-product","3":"status-publish","4":"has-post-thumbnail","6":"product_cat-hombre","7":"product_shipping_class-envio-a-lima-y-provincia","8":"pa_color-de-correa-negro","10":"first","11":"outofstock","12":"sale","13":"featured","14":"shipping-taxable","15":"purchasable","16":"product-type-simple"},"yoast_head":"<!-- This site is optimized with the Yoast SEO plugin v27.5 - https:\/\/yoast.com\/product\/yoast-seo-wordpress\/ -->\n<title>Reloj G-Shock An\u00e1logo - Digital GG-B100-8ADR Hombre - Kaimanwatch<\/title>\n<meta name=\"robots\" content=\"index, follow, max-snippet:-1, max-image-preview:large, max-video-preview:-1\" \/>\n<link rel=\"canonical\" href=\"https:\/\/kaimanwatch.pe\/es\/producto\/reloj-g-shock-analogo-digital-gg-b100-8adr-hombre\/\" \/>\n<meta property=\"og:locale\" content=\"es_ES\" \/>\n<meta property=\"og:type\" content=\"article\" \/>\n<meta property=\"og:title\" content=\"Reloj G-Shock An\u00e1logo - Digital GG-B100-8ADR Hombre - Kaimanwatch\" \/>\n<meta property=\"og:description\" content=\"Marca: G-Shock Codigo: GG-B100-8ADR Modelo: GG-B100-8ADR G\u00e9nero: Hombre Forma de la caja: Circular Tipo de cristal: Mineral Visualizaci\u00f3n: An\u00e1logo &#8211;\" \/>\n<meta property=\"og:url\" content=\"https:\/\/kaimanwatch.pe\/es\/producto\/reloj-g-shock-analogo-digital-gg-b100-8adr-hombre\/\" \/>\n<meta property=\"og:site_name\" content=\"Kaimanwatch\" \/>\n<meta property=\"article:modified_time\" content=\"2026-04-05T23:57:41+00:00\" \/>\n<meta name=\"twitter:card\" content=\"summary_large_image\" \/>\n<meta name=\"twitter:label1\" content=\"Tiempo de lectura\" \/>\n\t<meta name=\"twitter:data1\" content=\"3 minutos\" \/>\n<script type=\"application\/ld+json\" class=\"yoast-schema-graph\">{\"@context\":\"https:\\\/\\\/schema.org\",\"@graph\":[{\"@type\":\"WebPage\",\"@id\":\"https:\\\/\\\/kaimanwatch.pe\\\/product\\\/reloj-g-shock-analogo-digital-gg-b100-8adr-hombre\\\/\",\"url\":\"https:\\\/\\\/kaimanwatch.pe\\\/product\\\/reloj-g-shock-analogo-digital-gg-b100-8adr-hombre\\\/\",\"name\":\"Reloj G-Shock An\u00e1logo - Digital GG-B100-8ADR Hombre - Kaimanwatch\",\"isPartOf\":{\"@id\":\"https:\\\/\\\/kaimanwatch.pe\\\/#website\"},\"primaryImageOfPage\":{\"@id\":\"https:\\\/\\\/kaimanwatch.pe\\\/product\\\/reloj-g-shock-analogo-digital-gg-b100-8adr-hombre\\\/#primaryimage\"},\"image\":{\"@id\":\"https:\\\/\\\/kaimanwatch.pe\\\/product\\\/reloj-g-shock-analogo-digital-gg-b100-8adr-hombre\\\/#primaryimage\"},\"thumbnailUrl\":\"https:\\\/\\\/kaimanwatch.pe\\\/wp-content\\\/uploads\\\/2025\\\/10\\\/GG-B100-8ADR_1.jpg\",\"datePublished\":\"2025-10-13T23:17:54+00:00\",\"dateModified\":\"2026-04-05T23:57:41+00:00\",\"breadcrumb\":{\"@id\":\"https:\\\/\\\/kaimanwatch.pe\\\/product\\\/reloj-g-shock-analogo-digital-gg-b100-8adr-hombre\\\/#breadcrumb\"},\"inLanguage\":\"es\",\"potentialAction\":[{\"@type\":\"ReadAction\",\"target\":[\"https:\\\/\\\/kaimanwatch.pe\\\/product\\\/reloj-g-shock-analogo-digital-gg-b100-8adr-hombre\\\/\"]}]},{\"@type\":\"ImageObject\",\"inLanguage\":\"es\",\"@id\":\"https:\\\/\\\/kaimanwatch.pe\\\/product\\\/reloj-g-shock-analogo-digital-gg-b100-8adr-hombre\\\/#primaryimage\",\"url\":\"https:\\\/\\\/kaimanwatch.pe\\\/wp-content\\\/uploads\\\/2025\\\/10\\\/GG-B100-8ADR_1.jpg\",\"contentUrl\":\"https:\\\/\\\/kaimanwatch.pe\\\/wp-content\\\/uploads\\\/2025\\\/10\\\/GG-B100-8ADR_1.jpg\",\"width\":1000,\"height\":1000},{\"@type\":\"BreadcrumbList\",\"@id\":\"https:\\\/\\\/kaimanwatch.pe\\\/product\\\/reloj-g-shock-analogo-digital-gg-b100-8adr-hombre\\\/#breadcrumb\",\"itemListElement\":[{\"@type\":\"ListItem\",\"position\":1,\"name\":\"Portada\",\"item\":\"https:\\\/\\\/kaimanwatch.pe\\\/\"},{\"@type\":\"ListItem\",\"position\":2,\"name\":\"Tienda\",\"item\":\"https:\\\/\\\/kaimanwatch.pe\\\/tienda\\\/\"},{\"@type\":\"ListItem\",\"position\":3,\"name\":\"Reloj G-Shock An\u00e1logo &#8211; Digital GG-B100-8ADR Hombre\"}]},{\"@type\":\"WebSite\",\"@id\":\"https:\\\/\\\/kaimanwatch.pe\\\/#website\",\"url\":\"https:\\\/\\\/kaimanwatch.pe\\\/\",\"name\":\"Kaimanwatch\",\"description\":\"Relojes a tu alcance\",\"publisher\":{\"@id\":\"https:\\\/\\\/kaimanwatch.pe\\\/#organization\"},\"potentialAction\":[{\"@type\":\"SearchAction\",\"target\":{\"@type\":\"EntryPoint\",\"urlTemplate\":\"https:\\\/\\\/kaimanwatch.pe\\\/?s={search_term_string}\"},\"query-input\":{\"@type\":\"PropertyValueSpecification\",\"valueRequired\":true,\"valueName\":\"search_term_string\"}}],\"inLanguage\":\"es\"},{\"@type\":\"Organization\",\"@id\":\"https:\\\/\\\/kaimanwatch.pe\\\/#organization\",\"name\":\"Kaimanwatch\",\"url\":\"https:\\\/\\\/kaimanwatch.pe\\\/\",\"logo\":{\"@type\":\"ImageObject\",\"inLanguage\":\"es\",\"@id\":\"https:\\\/\\\/kaimanwatch.pe\\\/#\\\/schema\\\/logo\\\/image\\\/\",\"url\":\"https:\\\/\\\/kaimanwatch.pe\\\/wp-content\\\/uploads\\\/2021\\\/08\\\/logooooo-inka.jpg\",\"contentUrl\":\"https:\\\/\\\/kaimanwatch.pe\\\/wp-content\\\/uploads\\\/2021\\\/08\\\/logooooo-inka.jpg\",\"width\":1501,\"height\":1501,\"caption\":\"Kaimanwatch\"},\"image\":{\"@id\":\"https:\\\/\\\/kaimanwatch.pe\\\/#\\\/schema\\\/logo\\\/image\\\/\"}}]}<\/script>\n<!-- \/ Yoast SEO plugin. -->","yoast_head_json":{"title":"Reloj G-Shock An\u00e1logo - Digital GG-B100-8ADR Hombre - Kaimanwatch","robots":{"index":"index","follow":"follow","max-snippet":"max-snippet:-1","max-image-preview":"max-image-preview:large","max-video-preview":"max-video-preview:-1"},"canonical":"https:\/\/kaimanwatch.pe\/es\/producto\/reloj-g-shock-analogo-digital-gg-b100-8adr-hombre\/","og_locale":"es_ES","og_type":"article","og_title":"Reloj G-Shock An\u00e1logo - Digital GG-B100-8ADR Hombre - Kaimanwatch","og_description":"Marca: G-Shock Codigo: GG-B100-8ADR Modelo: GG-B100-8ADR G\u00e9nero: Hombre Forma de la caja: Circular Tipo de cristal: Mineral Visualizaci\u00f3n: An\u00e1logo &#8211;","og_url":"https:\/\/kaimanwatch.pe\/es\/producto\/reloj-g-shock-analogo-digital-gg-b100-8adr-hombre\/","og_site_name":"Kaimanwatch","article_modified_time":"2026-04-05T23:57:41+00:00","twitter_card":"summary_large_image","twitter_misc":{"Tiempo de lectura":"3 minutos"},"schema":{"@context":"https:\/\/schema.org","@graph":[{"@type":"WebPage","@id":"https:\/\/kaimanwatch.pe\/product\/reloj-g-shock-analogo-digital-gg-b100-8adr-hombre\/","url":"https:\/\/kaimanwatch.pe\/product\/reloj-g-shock-analogo-digital-gg-b100-8adr-hombre\/","name":"Reloj G-Shock An\u00e1logo - Digital GG-B100-8ADR Hombre - Kaimanwatch","isPartOf":{"@id":"https:\/\/kaimanwatch.pe\/#website"},"primaryImageOfPage":{"@id":"https:\/\/kaimanwatch.pe\/product\/reloj-g-shock-analogo-digital-gg-b100-8adr-hombre\/#primaryimage"},"image":{"@id":"https:\/\/kaimanwatch.pe\/product\/reloj-g-shock-analogo-digital-gg-b100-8adr-hombre\/#primaryimage"},"thumbnailUrl":"https:\/\/kaimanwatch.pe\/wp-content\/uploads\/2025\/10\/GG-B100-8ADR_1.jpg","datePublished":"2025-10-13T23:17:54+00:00","dateModified":"2026-04-05T23:57:41+00:00","breadcrumb":{"@id":"https:\/\/kaimanwatch.pe\/product\/reloj-g-shock-analogo-digital-gg-b100-8adr-hombre\/#breadcrumb"},"inLanguage":"es","potentialAction":[{"@type":"ReadAction","target":["https:\/\/kaimanwatch.pe\/product\/reloj-g-shock-analogo-digital-gg-b100-8adr-hombre\/"]}]},{"@type":"ImageObject","inLanguage":"es","@id":"https:\/\/kaimanwatch.pe\/product\/reloj-g-shock-analogo-digital-gg-b100-8adr-hombre\/#primaryimage","url":"https:\/\/kaimanwatch.pe\/wp-content\/uploads\/2025\/10\/GG-B100-8ADR_1.jpg","contentUrl":"https:\/\/kaimanwatch.pe\/wp-content\/uploads\/2025\/10\/GG-B100-8ADR_1.jpg","width":1000,"height":1000},{"@type":"BreadcrumbList","@id":"https:\/\/kaimanwatch.pe\/product\/reloj-g-shock-analogo-digital-gg-b100-8adr-hombre\/#breadcrumb","itemListElement":[{"@type":"ListItem","position":1,"name":"Portada","item":"https:\/\/kaimanwatch.pe\/"},{"@type":"ListItem","position":2,"name":"Tienda","item":"https:\/\/kaimanwatch.pe\/tienda\/"},{"@type":"ListItem","position":3,"name":"Reloj G-Shock An\u00e1logo &#8211; Digital GG-B100-8ADR Hombre"}]},{"@type":"WebSite","@id":"https:\/\/kaimanwatch.pe\/#website","url":"https:\/\/kaimanwatch.pe\/","name":"Kaimanwatch","description":"Relojes a tu alcance","publisher":{"@id":"https:\/\/kaimanwatch.pe\/#organization"},"potentialAction":[{"@type":"SearchAction","target":{"@type":"EntryPoint","urlTemplate":"https:\/\/kaimanwatch.pe\/?s={search_term_string}"},"query-input":{"@type":"PropertyValueSpecification","valueRequired":true,"valueName":"search_term_string"}}],"inLanguage":"es"},{"@type":"Organization","@id":"https:\/\/kaimanwatch.pe\/#organization","name":"Kaimanwatch","url":"https:\/\/kaimanwatch.pe\/","logo":{"@type":"ImageObject","inLanguage":"es","@id":"https:\/\/kaimanwatch.pe\/#\/schema\/logo\/image\/","url":"https:\/\/kaimanwatch.pe\/wp-content\/uploads\/2021\/08\/logooooo-inka.jpg","contentUrl":"https:\/\/kaimanwatch.pe\/wp-content\/uploads\/2021\/08\/logooooo-inka.jpg","width":1501,"height":1501,"caption":"Kaimanwatch"},"image":{"@id":"https:\/\/kaimanwatch.pe\/#\/schema\/logo\/image\/"}}]}},"_links":{"self":[{"href":"https:\/\/kaimanwatch.pe\/es\/wp-json\/wp\/v2\/product\/39731","targetHints":{"allow":["GET"]}}],"collection":[{"href":"https:\/\/kaimanwatch.pe\/es\/wp-json\/wp\/v2\/product"}],"about":[{"href":"https:\/\/kaimanwatch.pe\/es\/wp-json\/wp\/v2\/types\/product"}],"replies":[{"embeddable":true,"href":"https:\/\/kaimanwatch.pe\/es\/wp-json\/wp\/v2\/comments?post=39731"}],"version-history":[{"count":0,"href":"https:\/\/kaimanwatch.pe\/es\/wp-json\/wp\/v2\/product\/39731\/revisions"}],"wp:featuredmedia":[{"embeddable":true,"href":"https:\/\/kaimanwatch.pe\/es\/wp-json\/wp\/v2\/media\/39673"}],"wp:attachment":[{"href":"https:\/\/kaimanwatch.pe\/es\/wp-json\/wp\/v2\/media?parent=39731"}],"wp:term":[{"taxonomy":"product_brand","embeddable":true,"href":"https:\/\/kaimanwatch.pe\/es\/wp-json\/wp\/v2\/product_brand?post=39731"},{"taxonomy":"product_cat","embeddable":true,"href":"https:\/\/kaimanwatch.pe\/es\/wp-json\/wp\/v2\/product_cat?post=39731"},{"taxonomy":"product_tag","embeddable":true,"href":"https:\/\/kaimanwatch.pe\/es\/wp-json\/wp\/v2\/product_tag?post=39731"}],"curies":[{"name":"wp","href":"https:\/\/api.w.org\/{rel}","templated":true}]}}