{"id":39729,"date":"2025-10-13T18:17:53","date_gmt":"2025-10-13T23:17:53","guid":{"rendered":"https:\/\/kaimanwatch.pe\/product\/reloj-g-shock-analogo-digital-gma-b800-9adr-hombre\/"},"modified":"2026-04-05T18:57:40","modified_gmt":"2026-04-05T23:57:40","slug":"reloj-g-shock-analogo-digital-gma-b800-9adr-hombre","status":"publish","type":"product","link":"https:\/\/kaimanwatch.pe\/es\/producto\/reloj-g-shock-analogo-digital-gma-b800-9adr-hombre\/","title":{"rendered":"Reloj G-Shock An\u00e1logo &#8211; Digital GMA-B800-9ADR Hombre"},"content":{"rendered":"<ul>\n<li>Marca: G-Shock<\/li>\n<li>Codigo: GMA-B800-9ADR<\/li>\n<li>Modelo: GMA-B800-9ADR<\/li>\n<li>G\u00e9nero: Hombre<\/li>\n<li>Forma de la caja: Circular<\/li>\n<li>Tipo de cristal: Mineral<\/li>\n<li>Visualizaci\u00f3n: An\u00e1logo &#8211; Digital<\/li>\n<li>Tipo de cierre: Hebilla<\/li>\n<li>Material de la caja: Resina<\/li>\n<li>Dimensiones: 50.7 \u00d7 45.2 \u00d7 15.5 mm<\/li>\n<li>Iluminaci\u00f3n: Luz LED doble<br \/>\nLuz LED para la esfera (luz LED autom\u00e1tica, Super Illuminator, selecci\u00f3n de duraci\u00f3n de la iluminaci\u00f3n [1,5 o 3 segundos], persistencia luminosa)<br \/>\nLuz de fondo LED para la pantalla digital (luz LED autom\u00e1tica, Super Illuminator, selecci\u00f3n de duraci\u00f3n de la iluminaci\u00f3n [1,5 o 3 segundos], persistencia luminosa)<\/li>\n<li>Material de la correa: Resina<\/li>\n<li>Color de la correa: Verde<\/li>\n<li>Color del dial: Blanco<\/li>\n<li>Cron\u00f3metro: Cron\u00f3metro de 1\/100 segundos<br \/>\nCapacidad de medici\u00f3n:<br \/>\n00&#8217;00&#8243;00~59&#8217;59&#8243;99 (por los primeros 60 minutos)<br \/>\n1:00&#8217;00~23:59&#8217;59 (despu\u00e9s de 60 minutos)<br \/>\nUnidad de medici\u00f3n:<br \/>\n1\/100 segundos (por los primeros 60 minutos)<br \/>\n1 segundo (despu\u00e9s de 60 minutos)<br \/>\nRegistro de datos: Hasta 200 registros (mes de inicio de la medici\u00f3n, fecha, tiempos de vuelta\/fracci\u00f3n)<br \/>\nAlarma de tiempo objetivo para hasta 10 ajustes de tiempo objetivo<br \/>\nTemporizador<br \/>\nTemporizador de cuenta regresiva<br \/>\nTemporizador para la medici\u00f3n de intervalos (hasta cinco ajustes de tiempo)<br \/>\nUnidad de medici\u00f3n: 1 segundo<br \/>\nRango de entrada: 00&#8217;00&#8221; a 60&#8217;00&#8221; (incrementos de 1 segundo)<br \/>\nOtros: Repetici\u00f3n autom\u00e1tica (cantidad de ajuste de repeticiones de 1 a 20), inicio autom\u00e1tico<\/li>\n<li>Movimiento: Cuarzo<\/li>\n<li>Resistencia a la presi\u00f3n del agua: 200 Metros<\/li>\n<li>Otras opciones: Bluetooth: Se conecta a un tel\u00e9fono inteligente y ajusta autom\u00e1ticamente la hora.\n<p>Conteo de pasos mediante sensor de aceleraci\u00f3n de 3 ejes: Margen de visualizaci\u00f3n de conteo de pasos de 0 a 999 999<br \/>\nVisualizaci\u00f3n del progreso del objetivo de pasos (margen de configuraci\u00f3n del objetivo de conteo de pasos: de 1000 a 50 000, aumentos de 1000 pasos)<br \/>\nGr\u00e1fico de conteo de pasos: Conteo de pasos por hora para las \u00faltimas 11 horas en un gr\u00e1fico de 6 niveles<br \/>\nIndicador de pasos<br \/>\nAhorro de energ\u00eda: sensor autom\u00e1tico de modo de sue\u00f1o (se activa despu\u00e9s de un per\u00edodo fijo de inactividad)<\/p>\n<p>Formato de 12 y 24 horas<br \/>\nFunci\u00f3n de movimiento de agujas (las agujas se apartan para proporcionar una visi\u00f3n sin obstrucciones del contenido digital de la pantalla).<br \/>\nFunciones cl\u00e1sicas de reloj:<br \/>\nAnal\u00f3gica: 2 manecillas (hora, minuto [las manecillas se mueven cada 20 segundos])<br \/>\nDigital: horas, minutos, segundos, p. m., mes, fecha, d\u00eda<\/li>\n<\/ul>\n","protected":false},"excerpt":{"rendered":"<p>Marca: G-Shock Codigo: GMA-B800-9ADR Modelo: GMA-B800-9ADR G\u00e9nero: Hombre Forma de la caja: Circular Tipo de cristal: Mineral Visualizaci\u00f3n: An\u00e1logo &#8211;<\/p>","protected":false},"featured_media":39691,"comment_status":"open","ping_status":"closed","template":"","meta":{"_joinchat":[]},"product_brand":[],"product_cat":[111],"product_tag":[],"class_list":{"0":"post-39729","1":"product","2":"type-product","3":"status-publish","4":"has-post-thumbnail","6":"product_cat-hombre","7":"product_shipping_class-envio-a-lima-y-provincia","8":"pa_color-de-correa-verde","10":"first","11":"instock","12":"sale","13":"featured","14":"shipping-taxable","15":"purchasable","16":"product-type-simple"},"yoast_head":"<!-- This site is optimized with the Yoast SEO plugin v27.4 - https:\/\/yoast.com\/product\/yoast-seo-wordpress\/ -->\n<title>Reloj G-Shock An\u00e1logo - Digital GMA-B800-9ADR Hombre - Kaimanwatch<\/title>\n<meta name=\"robots\" content=\"index, follow, max-snippet:-1, max-image-preview:large, max-video-preview:-1\" \/>\n<link rel=\"canonical\" href=\"https:\/\/kaimanwatch.pe\/es\/producto\/reloj-g-shock-analogo-digital-gma-b800-9adr-hombre\/\" \/>\n<meta property=\"og:locale\" content=\"es_ES\" \/>\n<meta property=\"og:type\" content=\"article\" \/>\n<meta property=\"og:title\" content=\"Reloj G-Shock An\u00e1logo - Digital GMA-B800-9ADR Hombre - Kaimanwatch\" \/>\n<meta property=\"og:description\" content=\"Marca: G-Shock Codigo: GMA-B800-9ADR Modelo: GMA-B800-9ADR G\u00e9nero: Hombre Forma de la caja: Circular Tipo de cristal: Mineral Visualizaci\u00f3n: An\u00e1logo &#8211;\" \/>\n<meta property=\"og:url\" content=\"https:\/\/kaimanwatch.pe\/es\/producto\/reloj-g-shock-analogo-digital-gma-b800-9adr-hombre\/\" \/>\n<meta property=\"og:site_name\" content=\"Kaimanwatch\" \/>\n<meta property=\"article:modified_time\" content=\"2026-04-05T23:57:40+00:00\" \/>\n<meta name=\"twitter:card\" content=\"summary_large_image\" \/>\n<meta name=\"twitter:label1\" content=\"Tiempo de lectura\" \/>\n\t<meta name=\"twitter:data1\" content=\"2 minutos\" \/>\n<script type=\"application\/ld+json\" class=\"yoast-schema-graph\">{\"@context\":\"https:\\\/\\\/schema.org\",\"@graph\":[{\"@type\":\"WebPage\",\"@id\":\"https:\\\/\\\/kaimanwatch.pe\\\/product\\\/reloj-g-shock-analogo-digital-gma-b800-9adr-hombre\\\/\",\"url\":\"https:\\\/\\\/kaimanwatch.pe\\\/product\\\/reloj-g-shock-analogo-digital-gma-b800-9adr-hombre\\\/\",\"name\":\"Reloj G-Shock An\u00e1logo - Digital GMA-B800-9ADR Hombre - Kaimanwatch\",\"isPartOf\":{\"@id\":\"https:\\\/\\\/kaimanwatch.pe\\\/#website\"},\"primaryImageOfPage\":{\"@id\":\"https:\\\/\\\/kaimanwatch.pe\\\/product\\\/reloj-g-shock-analogo-digital-gma-b800-9adr-hombre\\\/#primaryimage\"},\"image\":{\"@id\":\"https:\\\/\\\/kaimanwatch.pe\\\/product\\\/reloj-g-shock-analogo-digital-gma-b800-9adr-hombre\\\/#primaryimage\"},\"thumbnailUrl\":\"https:\\\/\\\/kaimanwatch.pe\\\/wp-content\\\/uploads\\\/2025\\\/10\\\/GMA-B800-9ADR_1.jpg\",\"datePublished\":\"2025-10-13T23:17:53+00:00\",\"dateModified\":\"2026-04-05T23:57:40+00:00\",\"breadcrumb\":{\"@id\":\"https:\\\/\\\/kaimanwatch.pe\\\/product\\\/reloj-g-shock-analogo-digital-gma-b800-9adr-hombre\\\/#breadcrumb\"},\"inLanguage\":\"es\",\"potentialAction\":[{\"@type\":\"ReadAction\",\"target\":[\"https:\\\/\\\/kaimanwatch.pe\\\/product\\\/reloj-g-shock-analogo-digital-gma-b800-9adr-hombre\\\/\"]}]},{\"@type\":\"ImageObject\",\"inLanguage\":\"es\",\"@id\":\"https:\\\/\\\/kaimanwatch.pe\\\/product\\\/reloj-g-shock-analogo-digital-gma-b800-9adr-hombre\\\/#primaryimage\",\"url\":\"https:\\\/\\\/kaimanwatch.pe\\\/wp-content\\\/uploads\\\/2025\\\/10\\\/GMA-B800-9ADR_1.jpg\",\"contentUrl\":\"https:\\\/\\\/kaimanwatch.pe\\\/wp-content\\\/uploads\\\/2025\\\/10\\\/GMA-B800-9ADR_1.jpg\",\"width\":1000,\"height\":1000},{\"@type\":\"BreadcrumbList\",\"@id\":\"https:\\\/\\\/kaimanwatch.pe\\\/product\\\/reloj-g-shock-analogo-digital-gma-b800-9adr-hombre\\\/#breadcrumb\",\"itemListElement\":[{\"@type\":\"ListItem\",\"position\":1,\"name\":\"Portada\",\"item\":\"https:\\\/\\\/kaimanwatch.pe\\\/\"},{\"@type\":\"ListItem\",\"position\":2,\"name\":\"Tienda\",\"item\":\"https:\\\/\\\/kaimanwatch.pe\\\/tienda\\\/\"},{\"@type\":\"ListItem\",\"position\":3,\"name\":\"Reloj G-Shock An\u00e1logo &#8211; Digital GMA-B800-9ADR Hombre\"}]},{\"@type\":\"WebSite\",\"@id\":\"https:\\\/\\\/kaimanwatch.pe\\\/#website\",\"url\":\"https:\\\/\\\/kaimanwatch.pe\\\/\",\"name\":\"Kaimanwatch\",\"description\":\"Relojes a tu alcance\",\"publisher\":{\"@id\":\"https:\\\/\\\/kaimanwatch.pe\\\/#organization\"},\"potentialAction\":[{\"@type\":\"SearchAction\",\"target\":{\"@type\":\"EntryPoint\",\"urlTemplate\":\"https:\\\/\\\/kaimanwatch.pe\\\/?s={search_term_string}\"},\"query-input\":{\"@type\":\"PropertyValueSpecification\",\"valueRequired\":true,\"valueName\":\"search_term_string\"}}],\"inLanguage\":\"es\"},{\"@type\":\"Organization\",\"@id\":\"https:\\\/\\\/kaimanwatch.pe\\\/#organization\",\"name\":\"Kaimanwatch\",\"url\":\"https:\\\/\\\/kaimanwatch.pe\\\/\",\"logo\":{\"@type\":\"ImageObject\",\"inLanguage\":\"es\",\"@id\":\"https:\\\/\\\/kaimanwatch.pe\\\/#\\\/schema\\\/logo\\\/image\\\/\",\"url\":\"https:\\\/\\\/kaimanwatch.pe\\\/wp-content\\\/uploads\\\/2021\\\/08\\\/logooooo-inka.jpg\",\"contentUrl\":\"https:\\\/\\\/kaimanwatch.pe\\\/wp-content\\\/uploads\\\/2021\\\/08\\\/logooooo-inka.jpg\",\"width\":1501,\"height\":1501,\"caption\":\"Kaimanwatch\"},\"image\":{\"@id\":\"https:\\\/\\\/kaimanwatch.pe\\\/#\\\/schema\\\/logo\\\/image\\\/\"}}]}<\/script>\n<!-- \/ Yoast SEO plugin. -->","yoast_head_json":{"title":"Reloj G-Shock An\u00e1logo - Digital GMA-B800-9ADR Hombre - Kaimanwatch","robots":{"index":"index","follow":"follow","max-snippet":"max-snippet:-1","max-image-preview":"max-image-preview:large","max-video-preview":"max-video-preview:-1"},"canonical":"https:\/\/kaimanwatch.pe\/es\/producto\/reloj-g-shock-analogo-digital-gma-b800-9adr-hombre\/","og_locale":"es_ES","og_type":"article","og_title":"Reloj G-Shock An\u00e1logo - Digital GMA-B800-9ADR Hombre - Kaimanwatch","og_description":"Marca: G-Shock Codigo: GMA-B800-9ADR Modelo: GMA-B800-9ADR G\u00e9nero: Hombre Forma de la caja: Circular Tipo de cristal: Mineral Visualizaci\u00f3n: An\u00e1logo &#8211;","og_url":"https:\/\/kaimanwatch.pe\/es\/producto\/reloj-g-shock-analogo-digital-gma-b800-9adr-hombre\/","og_site_name":"Kaimanwatch","article_modified_time":"2026-04-05T23:57:40+00:00","twitter_card":"summary_large_image","twitter_misc":{"Tiempo de lectura":"2 minutos"},"schema":{"@context":"https:\/\/schema.org","@graph":[{"@type":"WebPage","@id":"https:\/\/kaimanwatch.pe\/product\/reloj-g-shock-analogo-digital-gma-b800-9adr-hombre\/","url":"https:\/\/kaimanwatch.pe\/product\/reloj-g-shock-analogo-digital-gma-b800-9adr-hombre\/","name":"Reloj G-Shock An\u00e1logo - Digital GMA-B800-9ADR Hombre - Kaimanwatch","isPartOf":{"@id":"https:\/\/kaimanwatch.pe\/#website"},"primaryImageOfPage":{"@id":"https:\/\/kaimanwatch.pe\/product\/reloj-g-shock-analogo-digital-gma-b800-9adr-hombre\/#primaryimage"},"image":{"@id":"https:\/\/kaimanwatch.pe\/product\/reloj-g-shock-analogo-digital-gma-b800-9adr-hombre\/#primaryimage"},"thumbnailUrl":"https:\/\/kaimanwatch.pe\/wp-content\/uploads\/2025\/10\/GMA-B800-9ADR_1.jpg","datePublished":"2025-10-13T23:17:53+00:00","dateModified":"2026-04-05T23:57:40+00:00","breadcrumb":{"@id":"https:\/\/kaimanwatch.pe\/product\/reloj-g-shock-analogo-digital-gma-b800-9adr-hombre\/#breadcrumb"},"inLanguage":"es","potentialAction":[{"@type":"ReadAction","target":["https:\/\/kaimanwatch.pe\/product\/reloj-g-shock-analogo-digital-gma-b800-9adr-hombre\/"]}]},{"@type":"ImageObject","inLanguage":"es","@id":"https:\/\/kaimanwatch.pe\/product\/reloj-g-shock-analogo-digital-gma-b800-9adr-hombre\/#primaryimage","url":"https:\/\/kaimanwatch.pe\/wp-content\/uploads\/2025\/10\/GMA-B800-9ADR_1.jpg","contentUrl":"https:\/\/kaimanwatch.pe\/wp-content\/uploads\/2025\/10\/GMA-B800-9ADR_1.jpg","width":1000,"height":1000},{"@type":"BreadcrumbList","@id":"https:\/\/kaimanwatch.pe\/product\/reloj-g-shock-analogo-digital-gma-b800-9adr-hombre\/#breadcrumb","itemListElement":[{"@type":"ListItem","position":1,"name":"Portada","item":"https:\/\/kaimanwatch.pe\/"},{"@type":"ListItem","position":2,"name":"Tienda","item":"https:\/\/kaimanwatch.pe\/tienda\/"},{"@type":"ListItem","position":3,"name":"Reloj G-Shock An\u00e1logo &#8211; Digital GMA-B800-9ADR Hombre"}]},{"@type":"WebSite","@id":"https:\/\/kaimanwatch.pe\/#website","url":"https:\/\/kaimanwatch.pe\/","name":"Kaimanwatch","description":"Relojes a tu alcance","publisher":{"@id":"https:\/\/kaimanwatch.pe\/#organization"},"potentialAction":[{"@type":"SearchAction","target":{"@type":"EntryPoint","urlTemplate":"https:\/\/kaimanwatch.pe\/?s={search_term_string}"},"query-input":{"@type":"PropertyValueSpecification","valueRequired":true,"valueName":"search_term_string"}}],"inLanguage":"es"},{"@type":"Organization","@id":"https:\/\/kaimanwatch.pe\/#organization","name":"Kaimanwatch","url":"https:\/\/kaimanwatch.pe\/","logo":{"@type":"ImageObject","inLanguage":"es","@id":"https:\/\/kaimanwatch.pe\/#\/schema\/logo\/image\/","url":"https:\/\/kaimanwatch.pe\/wp-content\/uploads\/2021\/08\/logooooo-inka.jpg","contentUrl":"https:\/\/kaimanwatch.pe\/wp-content\/uploads\/2021\/08\/logooooo-inka.jpg","width":1501,"height":1501,"caption":"Kaimanwatch"},"image":{"@id":"https:\/\/kaimanwatch.pe\/#\/schema\/logo\/image\/"}}]}},"_links":{"self":[{"href":"https:\/\/kaimanwatch.pe\/es\/wp-json\/wp\/v2\/product\/39729","targetHints":{"allow":["GET"]}}],"collection":[{"href":"https:\/\/kaimanwatch.pe\/es\/wp-json\/wp\/v2\/product"}],"about":[{"href":"https:\/\/kaimanwatch.pe\/es\/wp-json\/wp\/v2\/types\/product"}],"replies":[{"embeddable":true,"href":"https:\/\/kaimanwatch.pe\/es\/wp-json\/wp\/v2\/comments?post=39729"}],"version-history":[{"count":0,"href":"https:\/\/kaimanwatch.pe\/es\/wp-json\/wp\/v2\/product\/39729\/revisions"}],"wp:featuredmedia":[{"embeddable":true,"href":"https:\/\/kaimanwatch.pe\/es\/wp-json\/wp\/v2\/media\/39691"}],"wp:attachment":[{"href":"https:\/\/kaimanwatch.pe\/es\/wp-json\/wp\/v2\/media?parent=39729"}],"wp:term":[{"taxonomy":"product_brand","embeddable":true,"href":"https:\/\/kaimanwatch.pe\/es\/wp-json\/wp\/v2\/product_brand?post=39729"},{"taxonomy":"product_cat","embeddable":true,"href":"https:\/\/kaimanwatch.pe\/es\/wp-json\/wp\/v2\/product_cat?post=39729"},{"taxonomy":"product_tag","embeddable":true,"href":"https:\/\/kaimanwatch.pe\/es\/wp-json\/wp\/v2\/product_tag?post=39729"}],"curies":[{"name":"wp","href":"https:\/\/api.w.org\/{rel}","templated":true}]}}