{"id":39361,"date":"2025-09-29T16:43:42","date_gmt":"2025-09-29T21:43:42","guid":{"rendered":"https:\/\/kaimanwatch.pe\/product\/reloj-edifice-analogo-digital-efv-c120d-3adf-hombre\/"},"modified":"2026-04-05T18:57:37","modified_gmt":"2026-04-05T23:57:37","slug":"reloj-edifice-analogo-digital-efv-c120d-3adf-hombre","status":"publish","type":"product","link":"https:\/\/kaimanwatch.pe\/es\/producto\/reloj-edifice-analogo-digital-efv-c120d-3adf-hombre\/","title":{"rendered":"Reloj Edifice An\u00e1logo &#8211; Digital EFV-C120D-3ADF Hombre"},"content":{"rendered":"<ul>\n<li>Marca: Edifice<\/li>\n<li>Codigo: EFV-C120D-3ADF<\/li>\n<li>Modelo: EFV-C120D-3ADF<\/li>\n<li>G\u00e9nero: Hombre<\/li>\n<li>Forma de la caja: Circular<\/li>\n<li>Tipo de cristal: Mineral<\/li>\n<li>Visualizaci\u00f3n: An\u00e1logo &#8211; Digital<\/li>\n<li>Tipo de cierre: Desplegable<\/li>\n<li>Material de la caja: Acero Inoxidable<\/li>\n<li>Dimensiones: 49.5 \u00d7 45.5 \u00d7 13.7 mm<\/li>\n<li>Iluminaci\u00f3n: No<\/li>\n<li>Material de la correa: Acero Inoxidable<\/li>\n<li>Color de la correa: Plata<\/li>\n<li>Color del dial: Verde<\/li>\n<li>Cron\u00f3metro: Cron\u00f3metro de 1\/100 segundos<br \/>\nCapacidad de medici\u00f3n: 23:59&#8217;59.99&#8243;<br \/>\nModos de medici\u00f3n: Tiempo transcurrido, tiempo de divisi\u00f3n, tiempos de 1\u00aa y 2\u00aa posiciones<\/p>\n<p>Temporizador con cuenta regresiva<br \/>\nUnidad de medici\u00f3n: 1 segundo<br \/>\nRango de cuenta regresiva: 24 horas<br \/>\nRango de ajuste de tiempo inicial de cuenta regresiva: de 1 minuto a 24 horas (incrementos de 1 minuto y de 1 hora)<\/li>\n<li>Movimiento: Cuarzo<\/li>\n<li>Resistencia a la presi\u00f3n del agua: 100 Metros<\/li>\n<li>Otras opciones: Capacidad<br \/>\nde memoria de Telememo: hasta 30 conjuntos de datos con nombres de 8 caracteres y n\u00fameros de tel\u00e9fono de 16 d\u00edgitos<br \/>\nOtros: pantalla de memoria restante, clasificaci\u00f3n autom\u00e1tica<br \/>\nFormato de 12 y 24 horas<br \/>\nFunciones cl\u00e1sicas de reloj:<br \/>\nAnal\u00f3gica: 2 manecillas (hora, minuto [las manecillas se mueven cada 20 segundos])<br \/>\nDigital: horas, minutos, segundos, a. m.\/p. m., mes, fecha, d\u00eda<\/li>\n<\/ul>\n","protected":false},"excerpt":{"rendered":"<p>Marca: Edifice Codigo: EFV-C120D-3ADF Modelo: EFV-C120D-3ADF G\u00e9nero: Hombre Forma de la caja: Circular Tipo de cristal: Mineral Visualizaci\u00f3n: An\u00e1logo &#8211;<\/p>","protected":false},"featured_media":39340,"comment_status":"open","ping_status":"closed","template":"","meta":{"_joinchat":[]},"product_brand":[],"product_cat":[111],"product_tag":[],"class_list":{"0":"post-39361","1":"product","2":"type-product","3":"status-publish","4":"has-post-thumbnail","6":"product_cat-hombre","7":"product_shipping_class-envio-a-lima-y-provincia","8":"pa_color-de-correa-plateado","10":"first","11":"outofstock","12":"sale","13":"featured","14":"shipping-taxable","15":"purchasable","16":"product-type-simple"},"yoast_head":"<!-- This site is optimized with the Yoast SEO plugin v27.4 - https:\/\/yoast.com\/product\/yoast-seo-wordpress\/ -->\n<title>Reloj Edifice An\u00e1logo - Digital EFV-C120D-3ADF Hombre - Kaimanwatch<\/title>\n<meta name=\"robots\" content=\"index, follow, max-snippet:-1, max-image-preview:large, max-video-preview:-1\" \/>\n<link rel=\"canonical\" href=\"https:\/\/kaimanwatch.pe\/es\/producto\/reloj-edifice-analogo-digital-efv-c120d-3adf-hombre\/\" \/>\n<meta property=\"og:locale\" content=\"es_ES\" \/>\n<meta property=\"og:type\" content=\"article\" \/>\n<meta property=\"og:title\" content=\"Reloj Edifice An\u00e1logo - Digital EFV-C120D-3ADF Hombre - Kaimanwatch\" \/>\n<meta property=\"og:description\" content=\"Marca: Edifice Codigo: EFV-C120D-3ADF Modelo: EFV-C120D-3ADF G\u00e9nero: Hombre Forma de la caja: Circular Tipo de cristal: Mineral Visualizaci\u00f3n: An\u00e1logo &#8211;\" \/>\n<meta property=\"og:url\" content=\"https:\/\/kaimanwatch.pe\/es\/producto\/reloj-edifice-analogo-digital-efv-c120d-3adf-hombre\/\" \/>\n<meta property=\"og:site_name\" content=\"Kaimanwatch\" \/>\n<meta property=\"article:modified_time\" content=\"2026-04-05T23:57:37+00:00\" \/>\n<meta name=\"twitter:card\" content=\"summary_large_image\" \/>\n<meta name=\"twitter:label1\" content=\"Tiempo de lectura\" \/>\n\t<meta name=\"twitter:data1\" content=\"1 minuto\" \/>\n<script type=\"application\/ld+json\" class=\"yoast-schema-graph\">{\"@context\":\"https:\\\/\\\/schema.org\",\"@graph\":[{\"@type\":\"WebPage\",\"@id\":\"https:\\\/\\\/kaimanwatch.pe\\\/product\\\/reloj-edifice-analogo-digital-efv-c120d-3adf-hombre\\\/\",\"url\":\"https:\\\/\\\/kaimanwatch.pe\\\/product\\\/reloj-edifice-analogo-digital-efv-c120d-3adf-hombre\\\/\",\"name\":\"Reloj Edifice An\u00e1logo - Digital EFV-C120D-3ADF Hombre - Kaimanwatch\",\"isPartOf\":{\"@id\":\"https:\\\/\\\/kaimanwatch.pe\\\/#website\"},\"primaryImageOfPage\":{\"@id\":\"https:\\\/\\\/kaimanwatch.pe\\\/product\\\/reloj-edifice-analogo-digital-efv-c120d-3adf-hombre\\\/#primaryimage\"},\"image\":{\"@id\":\"https:\\\/\\\/kaimanwatch.pe\\\/product\\\/reloj-edifice-analogo-digital-efv-c120d-3adf-hombre\\\/#primaryimage\"},\"thumbnailUrl\":\"https:\\\/\\\/kaimanwatch.pe\\\/wp-content\\\/uploads\\\/2025\\\/09\\\/EFV-C120D-3ADF_1.jpg\",\"datePublished\":\"2025-09-29T21:43:42+00:00\",\"dateModified\":\"2026-04-05T23:57:37+00:00\",\"breadcrumb\":{\"@id\":\"https:\\\/\\\/kaimanwatch.pe\\\/product\\\/reloj-edifice-analogo-digital-efv-c120d-3adf-hombre\\\/#breadcrumb\"},\"inLanguage\":\"es\",\"potentialAction\":[{\"@type\":\"ReadAction\",\"target\":[\"https:\\\/\\\/kaimanwatch.pe\\\/product\\\/reloj-edifice-analogo-digital-efv-c120d-3adf-hombre\\\/\"]}]},{\"@type\":\"ImageObject\",\"inLanguage\":\"es\",\"@id\":\"https:\\\/\\\/kaimanwatch.pe\\\/product\\\/reloj-edifice-analogo-digital-efv-c120d-3adf-hombre\\\/#primaryimage\",\"url\":\"https:\\\/\\\/kaimanwatch.pe\\\/wp-content\\\/uploads\\\/2025\\\/09\\\/EFV-C120D-3ADF_1.jpg\",\"contentUrl\":\"https:\\\/\\\/kaimanwatch.pe\\\/wp-content\\\/uploads\\\/2025\\\/09\\\/EFV-C120D-3ADF_1.jpg\",\"width\":1000,\"height\":1000},{\"@type\":\"BreadcrumbList\",\"@id\":\"https:\\\/\\\/kaimanwatch.pe\\\/product\\\/reloj-edifice-analogo-digital-efv-c120d-3adf-hombre\\\/#breadcrumb\",\"itemListElement\":[{\"@type\":\"ListItem\",\"position\":1,\"name\":\"Portada\",\"item\":\"https:\\\/\\\/kaimanwatch.pe\\\/\"},{\"@type\":\"ListItem\",\"position\":2,\"name\":\"Tienda\",\"item\":\"https:\\\/\\\/kaimanwatch.pe\\\/tienda\\\/\"},{\"@type\":\"ListItem\",\"position\":3,\"name\":\"Reloj Edifice An\u00e1logo &#8211; Digital EFV-C120D-3ADF Hombre\"}]},{\"@type\":\"WebSite\",\"@id\":\"https:\\\/\\\/kaimanwatch.pe\\\/#website\",\"url\":\"https:\\\/\\\/kaimanwatch.pe\\\/\",\"name\":\"Kaimanwatch\",\"description\":\"Relojes a tu alcance\",\"publisher\":{\"@id\":\"https:\\\/\\\/kaimanwatch.pe\\\/#organization\"},\"potentialAction\":[{\"@type\":\"SearchAction\",\"target\":{\"@type\":\"EntryPoint\",\"urlTemplate\":\"https:\\\/\\\/kaimanwatch.pe\\\/?s={search_term_string}\"},\"query-input\":{\"@type\":\"PropertyValueSpecification\",\"valueRequired\":true,\"valueName\":\"search_term_string\"}}],\"inLanguage\":\"es\"},{\"@type\":\"Organization\",\"@id\":\"https:\\\/\\\/kaimanwatch.pe\\\/#organization\",\"name\":\"Kaimanwatch\",\"url\":\"https:\\\/\\\/kaimanwatch.pe\\\/\",\"logo\":{\"@type\":\"ImageObject\",\"inLanguage\":\"es\",\"@id\":\"https:\\\/\\\/kaimanwatch.pe\\\/#\\\/schema\\\/logo\\\/image\\\/\",\"url\":\"https:\\\/\\\/kaimanwatch.pe\\\/wp-content\\\/uploads\\\/2021\\\/08\\\/logooooo-inka.jpg\",\"contentUrl\":\"https:\\\/\\\/kaimanwatch.pe\\\/wp-content\\\/uploads\\\/2021\\\/08\\\/logooooo-inka.jpg\",\"width\":1501,\"height\":1501,\"caption\":\"Kaimanwatch\"},\"image\":{\"@id\":\"https:\\\/\\\/kaimanwatch.pe\\\/#\\\/schema\\\/logo\\\/image\\\/\"}}]}<\/script>\n<!-- \/ Yoast SEO plugin. -->","yoast_head_json":{"title":"Reloj Edifice An\u00e1logo - Digital EFV-C120D-3ADF Hombre - Kaimanwatch","robots":{"index":"index","follow":"follow","max-snippet":"max-snippet:-1","max-image-preview":"max-image-preview:large","max-video-preview":"max-video-preview:-1"},"canonical":"https:\/\/kaimanwatch.pe\/es\/producto\/reloj-edifice-analogo-digital-efv-c120d-3adf-hombre\/","og_locale":"es_ES","og_type":"article","og_title":"Reloj Edifice An\u00e1logo - Digital EFV-C120D-3ADF Hombre - Kaimanwatch","og_description":"Marca: Edifice Codigo: EFV-C120D-3ADF Modelo: EFV-C120D-3ADF G\u00e9nero: Hombre Forma de la caja: Circular Tipo de cristal: Mineral Visualizaci\u00f3n: An\u00e1logo &#8211;","og_url":"https:\/\/kaimanwatch.pe\/es\/producto\/reloj-edifice-analogo-digital-efv-c120d-3adf-hombre\/","og_site_name":"Kaimanwatch","article_modified_time":"2026-04-05T23:57:37+00:00","twitter_card":"summary_large_image","twitter_misc":{"Tiempo de lectura":"1 minuto"},"schema":{"@context":"https:\/\/schema.org","@graph":[{"@type":"WebPage","@id":"https:\/\/kaimanwatch.pe\/product\/reloj-edifice-analogo-digital-efv-c120d-3adf-hombre\/","url":"https:\/\/kaimanwatch.pe\/product\/reloj-edifice-analogo-digital-efv-c120d-3adf-hombre\/","name":"Reloj Edifice An\u00e1logo - Digital EFV-C120D-3ADF Hombre - Kaimanwatch","isPartOf":{"@id":"https:\/\/kaimanwatch.pe\/#website"},"primaryImageOfPage":{"@id":"https:\/\/kaimanwatch.pe\/product\/reloj-edifice-analogo-digital-efv-c120d-3adf-hombre\/#primaryimage"},"image":{"@id":"https:\/\/kaimanwatch.pe\/product\/reloj-edifice-analogo-digital-efv-c120d-3adf-hombre\/#primaryimage"},"thumbnailUrl":"https:\/\/kaimanwatch.pe\/wp-content\/uploads\/2025\/09\/EFV-C120D-3ADF_1.jpg","datePublished":"2025-09-29T21:43:42+00:00","dateModified":"2026-04-05T23:57:37+00:00","breadcrumb":{"@id":"https:\/\/kaimanwatch.pe\/product\/reloj-edifice-analogo-digital-efv-c120d-3adf-hombre\/#breadcrumb"},"inLanguage":"es","potentialAction":[{"@type":"ReadAction","target":["https:\/\/kaimanwatch.pe\/product\/reloj-edifice-analogo-digital-efv-c120d-3adf-hombre\/"]}]},{"@type":"ImageObject","inLanguage":"es","@id":"https:\/\/kaimanwatch.pe\/product\/reloj-edifice-analogo-digital-efv-c120d-3adf-hombre\/#primaryimage","url":"https:\/\/kaimanwatch.pe\/wp-content\/uploads\/2025\/09\/EFV-C120D-3ADF_1.jpg","contentUrl":"https:\/\/kaimanwatch.pe\/wp-content\/uploads\/2025\/09\/EFV-C120D-3ADF_1.jpg","width":1000,"height":1000},{"@type":"BreadcrumbList","@id":"https:\/\/kaimanwatch.pe\/product\/reloj-edifice-analogo-digital-efv-c120d-3adf-hombre\/#breadcrumb","itemListElement":[{"@type":"ListItem","position":1,"name":"Portada","item":"https:\/\/kaimanwatch.pe\/"},{"@type":"ListItem","position":2,"name":"Tienda","item":"https:\/\/kaimanwatch.pe\/tienda\/"},{"@type":"ListItem","position":3,"name":"Reloj Edifice An\u00e1logo &#8211; Digital EFV-C120D-3ADF Hombre"}]},{"@type":"WebSite","@id":"https:\/\/kaimanwatch.pe\/#website","url":"https:\/\/kaimanwatch.pe\/","name":"Kaimanwatch","description":"Relojes a tu alcance","publisher":{"@id":"https:\/\/kaimanwatch.pe\/#organization"},"potentialAction":[{"@type":"SearchAction","target":{"@type":"EntryPoint","urlTemplate":"https:\/\/kaimanwatch.pe\/?s={search_term_string}"},"query-input":{"@type":"PropertyValueSpecification","valueRequired":true,"valueName":"search_term_string"}}],"inLanguage":"es"},{"@type":"Organization","@id":"https:\/\/kaimanwatch.pe\/#organization","name":"Kaimanwatch","url":"https:\/\/kaimanwatch.pe\/","logo":{"@type":"ImageObject","inLanguage":"es","@id":"https:\/\/kaimanwatch.pe\/#\/schema\/logo\/image\/","url":"https:\/\/kaimanwatch.pe\/wp-content\/uploads\/2021\/08\/logooooo-inka.jpg","contentUrl":"https:\/\/kaimanwatch.pe\/wp-content\/uploads\/2021\/08\/logooooo-inka.jpg","width":1501,"height":1501,"caption":"Kaimanwatch"},"image":{"@id":"https:\/\/kaimanwatch.pe\/#\/schema\/logo\/image\/"}}]}},"_links":{"self":[{"href":"https:\/\/kaimanwatch.pe\/es\/wp-json\/wp\/v2\/product\/39361","targetHints":{"allow":["GET"]}}],"collection":[{"href":"https:\/\/kaimanwatch.pe\/es\/wp-json\/wp\/v2\/product"}],"about":[{"href":"https:\/\/kaimanwatch.pe\/es\/wp-json\/wp\/v2\/types\/product"}],"replies":[{"embeddable":true,"href":"https:\/\/kaimanwatch.pe\/es\/wp-json\/wp\/v2\/comments?post=39361"}],"version-history":[{"count":0,"href":"https:\/\/kaimanwatch.pe\/es\/wp-json\/wp\/v2\/product\/39361\/revisions"}],"wp:featuredmedia":[{"embeddable":true,"href":"https:\/\/kaimanwatch.pe\/es\/wp-json\/wp\/v2\/media\/39340"}],"wp:attachment":[{"href":"https:\/\/kaimanwatch.pe\/es\/wp-json\/wp\/v2\/media?parent=39361"}],"wp:term":[{"taxonomy":"product_brand","embeddable":true,"href":"https:\/\/kaimanwatch.pe\/es\/wp-json\/wp\/v2\/product_brand?post=39361"},{"taxonomy":"product_cat","embeddable":true,"href":"https:\/\/kaimanwatch.pe\/es\/wp-json\/wp\/v2\/product_cat?post=39361"},{"taxonomy":"product_tag","embeddable":true,"href":"https:\/\/kaimanwatch.pe\/es\/wp-json\/wp\/v2\/product_tag?post=39361"}],"curies":[{"name":"wp","href":"https:\/\/api.w.org\/{rel}","templated":true}]}}