{"id":39349,"date":"2025-09-29T16:43:32","date_gmt":"2025-09-29T21:43:32","guid":{"rendered":"https:\/\/kaimanwatch.pe\/product\/reloj-edifice-analogo-efr-s567d-2avudf-hombre\/"},"modified":"2026-04-05T18:57:32","modified_gmt":"2026-04-05T23:57:32","slug":"reloj-edifice-analogo-efr-s567d-2avudf-hombre","status":"publish","type":"product","link":"https:\/\/kaimanwatch.pe\/es\/producto\/reloj-edifice-analogo-efr-s567d-2avudf-hombre\/","title":{"rendered":"Reloj Edifice An\u00e1logo EFR-S567D-2AVUDF Hombre"},"content":{"rendered":"<ul>\n<li>Marca: Edifice<\/li>\n<li>Codigo: EFR-S567D-2AVUDF<\/li>\n<li>Modelo: EFR-S567D-2AVUDF<\/li>\n<li>G\u00e9nero: Hombre<\/li>\n<li>Forma de la caja: Circular<\/li>\n<li>Tipo de cristal: Zafiro<\/li>\n<li>Visualizaci\u00f3n: An\u00e1logo<\/li>\n<li>Tipo de cierre: Desplegable<\/li>\n<li>Material de la caja: Acero Inoxidable<\/li>\n<li>Dimensiones: 50.5 \u00d7 45.6 \u00d7 9.5 mm<\/li>\n<li>Iluminaci\u00f3n: No<\/li>\n<li>Material de la correa: Acero Inoxidable<\/li>\n<li>Color de la correa: Plata<\/li>\n<li>Color del dial: Azul<\/li>\n<li>Cron\u00f3metro: Cron\u00f3metro de 1 segundo Capacidad de medici\u00f3n: 29&#8217;59 Modos de medici\u00f3n: Tiempo transcurrido, tiempo fraccionado<\/li>\n<li>Movimiento: Cuarzo<\/li>\n<li>Resistencia a la presi\u00f3n del agua: 100 Metros<\/li>\n<li>Otras opciones: Funciones cl\u00e1sicas de reloj: Anal\u00f3gica: 2 manecillas (hora, minuto), 3 diales (funciones de reloj de segundos, minutos del cron\u00f3metro, segundos del cron\u00f3metro)<br \/>\nPantalla de fecha<\/li>\n<\/ul>","protected":false},"excerpt":{"rendered":"<p>Marca: Edifice Codigo: EFR-S567D-2AVUDF Modelo: EFR-S567D-2AVUDF G\u00e9nero: Hombre Forma de la caja: Circular Tipo de cristal: Zafiro Visualizaci\u00f3n: An\u00e1logo Tipo<\/p>","protected":false},"featured_media":39286,"comment_status":"open","ping_status":"closed","template":"","meta":{"_joinchat":[]},"product_brand":[],"product_cat":[111],"product_tag":[],"class_list":{"0":"post-39349","1":"product","2":"type-product","3":"status-publish","4":"has-post-thumbnail","6":"product_cat-hombre","7":"product_shipping_class-envio-a-lima-y-provincia","8":"pa_color-de-correa-plateado","10":"first","11":"outofstock","12":"sale","13":"featured","14":"shipping-taxable","15":"purchasable","16":"product-type-simple"},"yoast_head":"<!-- This site is optimized with the Yoast SEO plugin v27.4 - https:\/\/yoast.com\/product\/yoast-seo-wordpress\/ -->\n<title>Reloj Edifice An\u00e1logo EFR-S567D-2AVUDF Hombre - Kaimanwatch<\/title>\n<meta name=\"robots\" content=\"index, follow, max-snippet:-1, max-image-preview:large, max-video-preview:-1\" \/>\n<link rel=\"canonical\" href=\"https:\/\/kaimanwatch.pe\/es\/producto\/reloj-edifice-analogo-efr-s567d-2avudf-hombre\/\" \/>\n<meta property=\"og:locale\" content=\"es_ES\" \/>\n<meta property=\"og:type\" content=\"article\" \/>\n<meta property=\"og:title\" content=\"Reloj Edifice An\u00e1logo EFR-S567D-2AVUDF Hombre - Kaimanwatch\" \/>\n<meta property=\"og:description\" content=\"Marca: Edifice Codigo: EFR-S567D-2AVUDF Modelo: EFR-S567D-2AVUDF G\u00e9nero: Hombre Forma de la caja: Circular Tipo de cristal: Zafiro Visualizaci\u00f3n: An\u00e1logo Tipo\" \/>\n<meta property=\"og:url\" content=\"https:\/\/kaimanwatch.pe\/es\/producto\/reloj-edifice-analogo-efr-s567d-2avudf-hombre\/\" \/>\n<meta property=\"og:site_name\" content=\"Kaimanwatch\" \/>\n<meta property=\"article:modified_time\" content=\"2026-04-05T23:57:32+00:00\" \/>\n<meta name=\"twitter:card\" content=\"summary_large_image\" \/>\n<script type=\"application\/ld+json\" class=\"yoast-schema-graph\">{\"@context\":\"https:\\\/\\\/schema.org\",\"@graph\":[{\"@type\":\"WebPage\",\"@id\":\"https:\\\/\\\/kaimanwatch.pe\\\/product\\\/reloj-edifice-analogo-efr-s567d-2avudf-hombre\\\/\",\"url\":\"https:\\\/\\\/kaimanwatch.pe\\\/product\\\/reloj-edifice-analogo-efr-s567d-2avudf-hombre\\\/\",\"name\":\"Reloj Edifice An\u00e1logo EFR-S567D-2AVUDF Hombre - Kaimanwatch\",\"isPartOf\":{\"@id\":\"https:\\\/\\\/kaimanwatch.pe\\\/#website\"},\"primaryImageOfPage\":{\"@id\":\"https:\\\/\\\/kaimanwatch.pe\\\/product\\\/reloj-edifice-analogo-efr-s567d-2avudf-hombre\\\/#primaryimage\"},\"image\":{\"@id\":\"https:\\\/\\\/kaimanwatch.pe\\\/product\\\/reloj-edifice-analogo-efr-s567d-2avudf-hombre\\\/#primaryimage\"},\"thumbnailUrl\":\"https:\\\/\\\/kaimanwatch.pe\\\/wp-content\\\/uploads\\\/2025\\\/09\\\/EFR-S567D-2AVUDF_1.jpg\",\"datePublished\":\"2025-09-29T21:43:32+00:00\",\"dateModified\":\"2026-04-05T23:57:32+00:00\",\"breadcrumb\":{\"@id\":\"https:\\\/\\\/kaimanwatch.pe\\\/product\\\/reloj-edifice-analogo-efr-s567d-2avudf-hombre\\\/#breadcrumb\"},\"inLanguage\":\"es\",\"potentialAction\":[{\"@type\":\"ReadAction\",\"target\":[\"https:\\\/\\\/kaimanwatch.pe\\\/product\\\/reloj-edifice-analogo-efr-s567d-2avudf-hombre\\\/\"]}]},{\"@type\":\"ImageObject\",\"inLanguage\":\"es\",\"@id\":\"https:\\\/\\\/kaimanwatch.pe\\\/product\\\/reloj-edifice-analogo-efr-s567d-2avudf-hombre\\\/#primaryimage\",\"url\":\"https:\\\/\\\/kaimanwatch.pe\\\/wp-content\\\/uploads\\\/2025\\\/09\\\/EFR-S567D-2AVUDF_1.jpg\",\"contentUrl\":\"https:\\\/\\\/kaimanwatch.pe\\\/wp-content\\\/uploads\\\/2025\\\/09\\\/EFR-S567D-2AVUDF_1.jpg\",\"width\":1000,\"height\":1000},{\"@type\":\"BreadcrumbList\",\"@id\":\"https:\\\/\\\/kaimanwatch.pe\\\/product\\\/reloj-edifice-analogo-efr-s567d-2avudf-hombre\\\/#breadcrumb\",\"itemListElement\":[{\"@type\":\"ListItem\",\"position\":1,\"name\":\"Portada\",\"item\":\"https:\\\/\\\/kaimanwatch.pe\\\/\"},{\"@type\":\"ListItem\",\"position\":2,\"name\":\"Tienda\",\"item\":\"https:\\\/\\\/kaimanwatch.pe\\\/tienda\\\/\"},{\"@type\":\"ListItem\",\"position\":3,\"name\":\"Reloj Edifice An\u00e1logo EFR-S567D-2AVUDF Hombre\"}]},{\"@type\":\"WebSite\",\"@id\":\"https:\\\/\\\/kaimanwatch.pe\\\/#website\",\"url\":\"https:\\\/\\\/kaimanwatch.pe\\\/\",\"name\":\"Kaimanwatch\",\"description\":\"Relojes a tu alcance\",\"publisher\":{\"@id\":\"https:\\\/\\\/kaimanwatch.pe\\\/#organization\"},\"potentialAction\":[{\"@type\":\"SearchAction\",\"target\":{\"@type\":\"EntryPoint\",\"urlTemplate\":\"https:\\\/\\\/kaimanwatch.pe\\\/?s={search_term_string}\"},\"query-input\":{\"@type\":\"PropertyValueSpecification\",\"valueRequired\":true,\"valueName\":\"search_term_string\"}}],\"inLanguage\":\"es\"},{\"@type\":\"Organization\",\"@id\":\"https:\\\/\\\/kaimanwatch.pe\\\/#organization\",\"name\":\"Kaimanwatch\",\"url\":\"https:\\\/\\\/kaimanwatch.pe\\\/\",\"logo\":{\"@type\":\"ImageObject\",\"inLanguage\":\"es\",\"@id\":\"https:\\\/\\\/kaimanwatch.pe\\\/#\\\/schema\\\/logo\\\/image\\\/\",\"url\":\"https:\\\/\\\/kaimanwatch.pe\\\/wp-content\\\/uploads\\\/2021\\\/08\\\/logooooo-inka.jpg\",\"contentUrl\":\"https:\\\/\\\/kaimanwatch.pe\\\/wp-content\\\/uploads\\\/2021\\\/08\\\/logooooo-inka.jpg\",\"width\":1501,\"height\":1501,\"caption\":\"Kaimanwatch\"},\"image\":{\"@id\":\"https:\\\/\\\/kaimanwatch.pe\\\/#\\\/schema\\\/logo\\\/image\\\/\"}}]}<\/script>\n<!-- \/ Yoast SEO plugin. -->","yoast_head_json":{"title":"Reloj Edifice An\u00e1logo EFR-S567D-2AVUDF Hombre - Kaimanwatch","robots":{"index":"index","follow":"follow","max-snippet":"max-snippet:-1","max-image-preview":"max-image-preview:large","max-video-preview":"max-video-preview:-1"},"canonical":"https:\/\/kaimanwatch.pe\/es\/producto\/reloj-edifice-analogo-efr-s567d-2avudf-hombre\/","og_locale":"es_ES","og_type":"article","og_title":"Reloj Edifice An\u00e1logo EFR-S567D-2AVUDF Hombre - Kaimanwatch","og_description":"Marca: Edifice Codigo: EFR-S567D-2AVUDF Modelo: EFR-S567D-2AVUDF G\u00e9nero: Hombre Forma de la caja: Circular Tipo de cristal: Zafiro Visualizaci\u00f3n: An\u00e1logo Tipo","og_url":"https:\/\/kaimanwatch.pe\/es\/producto\/reloj-edifice-analogo-efr-s567d-2avudf-hombre\/","og_site_name":"Kaimanwatch","article_modified_time":"2026-04-05T23:57:32+00:00","twitter_card":"summary_large_image","schema":{"@context":"https:\/\/schema.org","@graph":[{"@type":"WebPage","@id":"https:\/\/kaimanwatch.pe\/product\/reloj-edifice-analogo-efr-s567d-2avudf-hombre\/","url":"https:\/\/kaimanwatch.pe\/product\/reloj-edifice-analogo-efr-s567d-2avudf-hombre\/","name":"Reloj Edifice An\u00e1logo EFR-S567D-2AVUDF Hombre - Kaimanwatch","isPartOf":{"@id":"https:\/\/kaimanwatch.pe\/#website"},"primaryImageOfPage":{"@id":"https:\/\/kaimanwatch.pe\/product\/reloj-edifice-analogo-efr-s567d-2avudf-hombre\/#primaryimage"},"image":{"@id":"https:\/\/kaimanwatch.pe\/product\/reloj-edifice-analogo-efr-s567d-2avudf-hombre\/#primaryimage"},"thumbnailUrl":"https:\/\/kaimanwatch.pe\/wp-content\/uploads\/2025\/09\/EFR-S567D-2AVUDF_1.jpg","datePublished":"2025-09-29T21:43:32+00:00","dateModified":"2026-04-05T23:57:32+00:00","breadcrumb":{"@id":"https:\/\/kaimanwatch.pe\/product\/reloj-edifice-analogo-efr-s567d-2avudf-hombre\/#breadcrumb"},"inLanguage":"es","potentialAction":[{"@type":"ReadAction","target":["https:\/\/kaimanwatch.pe\/product\/reloj-edifice-analogo-efr-s567d-2avudf-hombre\/"]}]},{"@type":"ImageObject","inLanguage":"es","@id":"https:\/\/kaimanwatch.pe\/product\/reloj-edifice-analogo-efr-s567d-2avudf-hombre\/#primaryimage","url":"https:\/\/kaimanwatch.pe\/wp-content\/uploads\/2025\/09\/EFR-S567D-2AVUDF_1.jpg","contentUrl":"https:\/\/kaimanwatch.pe\/wp-content\/uploads\/2025\/09\/EFR-S567D-2AVUDF_1.jpg","width":1000,"height":1000},{"@type":"BreadcrumbList","@id":"https:\/\/kaimanwatch.pe\/product\/reloj-edifice-analogo-efr-s567d-2avudf-hombre\/#breadcrumb","itemListElement":[{"@type":"ListItem","position":1,"name":"Portada","item":"https:\/\/kaimanwatch.pe\/"},{"@type":"ListItem","position":2,"name":"Tienda","item":"https:\/\/kaimanwatch.pe\/tienda\/"},{"@type":"ListItem","position":3,"name":"Reloj Edifice An\u00e1logo EFR-S567D-2AVUDF Hombre"}]},{"@type":"WebSite","@id":"https:\/\/kaimanwatch.pe\/#website","url":"https:\/\/kaimanwatch.pe\/","name":"Kaimanwatch","description":"Relojes a tu alcance","publisher":{"@id":"https:\/\/kaimanwatch.pe\/#organization"},"potentialAction":[{"@type":"SearchAction","target":{"@type":"EntryPoint","urlTemplate":"https:\/\/kaimanwatch.pe\/?s={search_term_string}"},"query-input":{"@type":"PropertyValueSpecification","valueRequired":true,"valueName":"search_term_string"}}],"inLanguage":"es"},{"@type":"Organization","@id":"https:\/\/kaimanwatch.pe\/#organization","name":"Kaimanwatch","url":"https:\/\/kaimanwatch.pe\/","logo":{"@type":"ImageObject","inLanguage":"es","@id":"https:\/\/kaimanwatch.pe\/#\/schema\/logo\/image\/","url":"https:\/\/kaimanwatch.pe\/wp-content\/uploads\/2021\/08\/logooooo-inka.jpg","contentUrl":"https:\/\/kaimanwatch.pe\/wp-content\/uploads\/2021\/08\/logooooo-inka.jpg","width":1501,"height":1501,"caption":"Kaimanwatch"},"image":{"@id":"https:\/\/kaimanwatch.pe\/#\/schema\/logo\/image\/"}}]}},"_links":{"self":[{"href":"https:\/\/kaimanwatch.pe\/es\/wp-json\/wp\/v2\/product\/39349","targetHints":{"allow":["GET"]}}],"collection":[{"href":"https:\/\/kaimanwatch.pe\/es\/wp-json\/wp\/v2\/product"}],"about":[{"href":"https:\/\/kaimanwatch.pe\/es\/wp-json\/wp\/v2\/types\/product"}],"replies":[{"embeddable":true,"href":"https:\/\/kaimanwatch.pe\/es\/wp-json\/wp\/v2\/comments?post=39349"}],"version-history":[{"count":0,"href":"https:\/\/kaimanwatch.pe\/es\/wp-json\/wp\/v2\/product\/39349\/revisions"}],"wp:featuredmedia":[{"embeddable":true,"href":"https:\/\/kaimanwatch.pe\/es\/wp-json\/wp\/v2\/media\/39286"}],"wp:attachment":[{"href":"https:\/\/kaimanwatch.pe\/es\/wp-json\/wp\/v2\/media?parent=39349"}],"wp:term":[{"taxonomy":"product_brand","embeddable":true,"href":"https:\/\/kaimanwatch.pe\/es\/wp-json\/wp\/v2\/product_brand?post=39349"},{"taxonomy":"product_cat","embeddable":true,"href":"https:\/\/kaimanwatch.pe\/es\/wp-json\/wp\/v2\/product_cat?post=39349"},{"taxonomy":"product_tag","embeddable":true,"href":"https:\/\/kaimanwatch.pe\/es\/wp-json\/wp\/v2\/product_tag?post=39349"}],"curies":[{"name":"wp","href":"https:\/\/api.w.org\/{rel}","templated":true}]}}