{"id":37431,"date":"2025-01-21T19:27:42","date_gmt":"2025-01-22T00:27:42","guid":{"rendered":"https:\/\/kaimanwatch.pe\/product\/relojes-naviforce-analogo-nf8048gl-sbes-para-pareja\/"},"modified":"2026-04-05T18:56:45","modified_gmt":"2026-04-05T23:56:45","slug":"relojes-naviforce-analogo-nf8048gl-sbes-para-pareja","status":"publish","type":"product","link":"https:\/\/kaimanwatch.pe\/es\/producto\/relojes-naviforce-analogo-nf8048gl-sbes-para-pareja\/","title":{"rendered":"Relojes Naviforce An\u00e1logo NF8048GL-SBES para Pareja"},"content":{"rendered":"<ul>\n<li>Marca: Naviforce<\/li>\n<li>Codigo: NF8048GL-SBES<\/li>\n<li>Modelo: NF8048GL-SBES<\/li>\n<li>G\u00e9nero: Unisex<\/li>\n<li>Forma de la caja: Circular<\/li>\n<li>Tipo de cristal: Mineral<\/li>\n<li>Visualizaci\u00f3n: An\u00e1logo<\/li>\n<li>Tipo de cierre: Desplegable<\/li>\n<li>Material de la caja: Acero Inoxidable<\/li>\n<li>Di\u00e1metro Caja Caballero : 40 mm<\/li>\n<li>Di\u00e1metro Caja Dama : 34 mm<\/li>\n<li>Material de la correa: Acero Inoxidable<\/li>\n<li>Color de la correa: Plata<\/li>\n<li>Color del dial: Blanco<\/li>\n<li>Funciones : Calendario<\/li>\n<li>Movimiento: Cuarzo<\/li>\n<li>Resistencia a la presi\u00f3n del agua: 30 Metros<\/li>\n<li>Detalle: Los relojes para parejas Naviforce NF8048 se caracterizan por su esfera cl\u00e1sica y su correa de acero inoxidable cepillado con eslabones de bamb\u00fa, que muestran un dise\u00f1o exquisito y durabilidad. La exclusiva correa c\u00f3nica se conecta perfectamente a la caja, acentuando los contornos de la mu\u00f1eca y creando un atractivo irresistible. Con un revestimiento luminiscente de alta definici\u00f3n, el reloj garantiza una visibilidad clara en la oscuridad, sin dejar que te pierdas ni un momento. La esfera multifuncional captura elegantemente el tiempo, con pantallas de minutos, horas y 24 horas que sirven como testigos de su viaje compartido. El dise\u00f1o de resistencia al agua 3ATM le libera de preocupaciones por da\u00f1os causados \u200b\u200bpor el agua.<\/li>\n<\/ul>","protected":false},"excerpt":{"rendered":"<p>Marca: Naviforce Codigo: NF8048GL-SBES Modelo: NF8048GL-SBES G\u00e9nero: Unisex Forma de la caja: Circular Tipo de cristal: Mineral Visualizaci\u00f3n: An\u00e1logo Tipo<\/p>","protected":false},"featured_media":37403,"comment_status":"open","ping_status":"closed","template":"","meta":{"_joinchat":[]},"product_brand":[],"product_cat":[135],"product_tag":[],"class_list":{"0":"post-37431","1":"product","2":"type-product","3":"status-publish","4":"has-post-thumbnail","6":"product_cat-parejas","7":"product_shipping_class-envio-a-lima-y-provincia","8":"pa_color-de-correa-plata","10":"first","11":"instock","12":"sale","13":"featured","14":"shipping-taxable","15":"purchasable","16":"product-type-simple"},"yoast_head":"<!-- This site is optimized with the Yoast SEO plugin v27.4 - https:\/\/yoast.com\/product\/yoast-seo-wordpress\/ -->\n<title>Relojes Naviforce An\u00e1logo NF8048GL-SBES para Pareja - Kaimanwatch<\/title>\n<meta name=\"robots\" content=\"index, follow, max-snippet:-1, max-image-preview:large, max-video-preview:-1\" \/>\n<link rel=\"canonical\" href=\"https:\/\/kaimanwatch.pe\/es\/producto\/relojes-naviforce-analogo-nf8048gl-sbes-para-pareja\/\" \/>\n<meta property=\"og:locale\" content=\"es_ES\" \/>\n<meta property=\"og:type\" content=\"article\" \/>\n<meta property=\"og:title\" content=\"Relojes Naviforce An\u00e1logo NF8048GL-SBES para Pareja - Kaimanwatch\" \/>\n<meta property=\"og:description\" content=\"Marca: Naviforce Codigo: NF8048GL-SBES Modelo: NF8048GL-SBES G\u00e9nero: Unisex Forma de la caja: Circular Tipo de cristal: Mineral Visualizaci\u00f3n: An\u00e1logo Tipo\" \/>\n<meta property=\"og:url\" content=\"https:\/\/kaimanwatch.pe\/es\/producto\/relojes-naviforce-analogo-nf8048gl-sbes-para-pareja\/\" \/>\n<meta property=\"og:site_name\" content=\"Kaimanwatch\" \/>\n<meta property=\"article:modified_time\" content=\"2026-04-05T23:56:45+00:00\" \/>\n<meta property=\"og:image\" content=\"https:\/\/kaimanwatch.pe\/wp-content\/uploads\/2025\/01\/NF8048GL-SBES_1.jpg\" \/>\n\t<meta property=\"og:image:width\" content=\"1000\" \/>\n\t<meta property=\"og:image:height\" content=\"1000\" \/>\n\t<meta property=\"og:image:type\" content=\"image\/jpeg\" \/>\n<meta name=\"twitter:card\" content=\"summary_large_image\" \/>\n<meta name=\"twitter:label1\" content=\"Tiempo de lectura\" \/>\n\t<meta name=\"twitter:data1\" content=\"2 minutos\" \/>\n<script type=\"application\/ld+json\" class=\"yoast-schema-graph\">{\"@context\":\"https:\\\/\\\/schema.org\",\"@graph\":[{\"@type\":\"WebPage\",\"@id\":\"https:\\\/\\\/kaimanwatch.pe\\\/product\\\/relojes-naviforce-analogo-nf8048gl-sbes-para-pareja\\\/\",\"url\":\"https:\\\/\\\/kaimanwatch.pe\\\/product\\\/relojes-naviforce-analogo-nf8048gl-sbes-para-pareja\\\/\",\"name\":\"Relojes Naviforce An\u00e1logo NF8048GL-SBES para Pareja - Kaimanwatch\",\"isPartOf\":{\"@id\":\"https:\\\/\\\/kaimanwatch.pe\\\/#website\"},\"primaryImageOfPage\":{\"@id\":\"https:\\\/\\\/kaimanwatch.pe\\\/product\\\/relojes-naviforce-analogo-nf8048gl-sbes-para-pareja\\\/#primaryimage\"},\"image\":{\"@id\":\"https:\\\/\\\/kaimanwatch.pe\\\/product\\\/relojes-naviforce-analogo-nf8048gl-sbes-para-pareja\\\/#primaryimage\"},\"thumbnailUrl\":\"https:\\\/\\\/kaimanwatch.pe\\\/wp-content\\\/uploads\\\/2025\\\/01\\\/NF8048GL-SBES_1.jpg\",\"datePublished\":\"2025-01-22T00:27:42+00:00\",\"dateModified\":\"2026-04-05T23:56:45+00:00\",\"breadcrumb\":{\"@id\":\"https:\\\/\\\/kaimanwatch.pe\\\/product\\\/relojes-naviforce-analogo-nf8048gl-sbes-para-pareja\\\/#breadcrumb\"},\"inLanguage\":\"es\",\"potentialAction\":[{\"@type\":\"ReadAction\",\"target\":[\"https:\\\/\\\/kaimanwatch.pe\\\/product\\\/relojes-naviforce-analogo-nf8048gl-sbes-para-pareja\\\/\"]}]},{\"@type\":\"ImageObject\",\"inLanguage\":\"es\",\"@id\":\"https:\\\/\\\/kaimanwatch.pe\\\/product\\\/relojes-naviforce-analogo-nf8048gl-sbes-para-pareja\\\/#primaryimage\",\"url\":\"https:\\\/\\\/kaimanwatch.pe\\\/wp-content\\\/uploads\\\/2025\\\/01\\\/NF8048GL-SBES_1.jpg\",\"contentUrl\":\"https:\\\/\\\/kaimanwatch.pe\\\/wp-content\\\/uploads\\\/2025\\\/01\\\/NF8048GL-SBES_1.jpg\",\"width\":1000,\"height\":1000},{\"@type\":\"BreadcrumbList\",\"@id\":\"https:\\\/\\\/kaimanwatch.pe\\\/product\\\/relojes-naviforce-analogo-nf8048gl-sbes-para-pareja\\\/#breadcrumb\",\"itemListElement\":[{\"@type\":\"ListItem\",\"position\":1,\"name\":\"Portada\",\"item\":\"https:\\\/\\\/kaimanwatch.pe\\\/\"},{\"@type\":\"ListItem\",\"position\":2,\"name\":\"Tienda\",\"item\":\"https:\\\/\\\/kaimanwatch.pe\\\/tienda\\\/\"},{\"@type\":\"ListItem\",\"position\":3,\"name\":\"Relojes Naviforce An\u00e1logo NF8048GL-SBES para Pareja\"}]},{\"@type\":\"WebSite\",\"@id\":\"https:\\\/\\\/kaimanwatch.pe\\\/#website\",\"url\":\"https:\\\/\\\/kaimanwatch.pe\\\/\",\"name\":\"Kaimanwatch\",\"description\":\"Relojes a tu alcance\",\"publisher\":{\"@id\":\"https:\\\/\\\/kaimanwatch.pe\\\/#organization\"},\"potentialAction\":[{\"@type\":\"SearchAction\",\"target\":{\"@type\":\"EntryPoint\",\"urlTemplate\":\"https:\\\/\\\/kaimanwatch.pe\\\/?s={search_term_string}\"},\"query-input\":{\"@type\":\"PropertyValueSpecification\",\"valueRequired\":true,\"valueName\":\"search_term_string\"}}],\"inLanguage\":\"es\"},{\"@type\":\"Organization\",\"@id\":\"https:\\\/\\\/kaimanwatch.pe\\\/#organization\",\"name\":\"Kaimanwatch\",\"url\":\"https:\\\/\\\/kaimanwatch.pe\\\/\",\"logo\":{\"@type\":\"ImageObject\",\"inLanguage\":\"es\",\"@id\":\"https:\\\/\\\/kaimanwatch.pe\\\/#\\\/schema\\\/logo\\\/image\\\/\",\"url\":\"https:\\\/\\\/kaimanwatch.pe\\\/wp-content\\\/uploads\\\/2021\\\/08\\\/logooooo-inka.jpg\",\"contentUrl\":\"https:\\\/\\\/kaimanwatch.pe\\\/wp-content\\\/uploads\\\/2021\\\/08\\\/logooooo-inka.jpg\",\"width\":1501,\"height\":1501,\"caption\":\"Kaimanwatch\"},\"image\":{\"@id\":\"https:\\\/\\\/kaimanwatch.pe\\\/#\\\/schema\\\/logo\\\/image\\\/\"}}]}<\/script>\n<!-- \/ Yoast SEO plugin. -->","yoast_head_json":{"title":"Relojes Naviforce An\u00e1logo NF8048GL-SBES para Pareja - Kaimanwatch","robots":{"index":"index","follow":"follow","max-snippet":"max-snippet:-1","max-image-preview":"max-image-preview:large","max-video-preview":"max-video-preview:-1"},"canonical":"https:\/\/kaimanwatch.pe\/es\/producto\/relojes-naviforce-analogo-nf8048gl-sbes-para-pareja\/","og_locale":"es_ES","og_type":"article","og_title":"Relojes Naviforce An\u00e1logo NF8048GL-SBES para Pareja - Kaimanwatch","og_description":"Marca: Naviforce Codigo: NF8048GL-SBES Modelo: NF8048GL-SBES G\u00e9nero: Unisex Forma de la caja: Circular Tipo de cristal: Mineral Visualizaci\u00f3n: An\u00e1logo Tipo","og_url":"https:\/\/kaimanwatch.pe\/es\/producto\/relojes-naviforce-analogo-nf8048gl-sbes-para-pareja\/","og_site_name":"Kaimanwatch","article_modified_time":"2026-04-05T23:56:45+00:00","og_image":[{"width":1000,"height":1000,"url":"https:\/\/kaimanwatch.pe\/wp-content\/uploads\/2025\/01\/NF8048GL-SBES_1.jpg","type":"image\/jpeg"}],"twitter_card":"summary_large_image","twitter_misc":{"Tiempo de lectura":"2 minutos"},"schema":{"@context":"https:\/\/schema.org","@graph":[{"@type":"WebPage","@id":"https:\/\/kaimanwatch.pe\/product\/relojes-naviforce-analogo-nf8048gl-sbes-para-pareja\/","url":"https:\/\/kaimanwatch.pe\/product\/relojes-naviforce-analogo-nf8048gl-sbes-para-pareja\/","name":"Relojes Naviforce An\u00e1logo NF8048GL-SBES para Pareja - Kaimanwatch","isPartOf":{"@id":"https:\/\/kaimanwatch.pe\/#website"},"primaryImageOfPage":{"@id":"https:\/\/kaimanwatch.pe\/product\/relojes-naviforce-analogo-nf8048gl-sbes-para-pareja\/#primaryimage"},"image":{"@id":"https:\/\/kaimanwatch.pe\/product\/relojes-naviforce-analogo-nf8048gl-sbes-para-pareja\/#primaryimage"},"thumbnailUrl":"https:\/\/kaimanwatch.pe\/wp-content\/uploads\/2025\/01\/NF8048GL-SBES_1.jpg","datePublished":"2025-01-22T00:27:42+00:00","dateModified":"2026-04-05T23:56:45+00:00","breadcrumb":{"@id":"https:\/\/kaimanwatch.pe\/product\/relojes-naviforce-analogo-nf8048gl-sbes-para-pareja\/#breadcrumb"},"inLanguage":"es","potentialAction":[{"@type":"ReadAction","target":["https:\/\/kaimanwatch.pe\/product\/relojes-naviforce-analogo-nf8048gl-sbes-para-pareja\/"]}]},{"@type":"ImageObject","inLanguage":"es","@id":"https:\/\/kaimanwatch.pe\/product\/relojes-naviforce-analogo-nf8048gl-sbes-para-pareja\/#primaryimage","url":"https:\/\/kaimanwatch.pe\/wp-content\/uploads\/2025\/01\/NF8048GL-SBES_1.jpg","contentUrl":"https:\/\/kaimanwatch.pe\/wp-content\/uploads\/2025\/01\/NF8048GL-SBES_1.jpg","width":1000,"height":1000},{"@type":"BreadcrumbList","@id":"https:\/\/kaimanwatch.pe\/product\/relojes-naviforce-analogo-nf8048gl-sbes-para-pareja\/#breadcrumb","itemListElement":[{"@type":"ListItem","position":1,"name":"Portada","item":"https:\/\/kaimanwatch.pe\/"},{"@type":"ListItem","position":2,"name":"Tienda","item":"https:\/\/kaimanwatch.pe\/tienda\/"},{"@type":"ListItem","position":3,"name":"Relojes Naviforce An\u00e1logo NF8048GL-SBES para Pareja"}]},{"@type":"WebSite","@id":"https:\/\/kaimanwatch.pe\/#website","url":"https:\/\/kaimanwatch.pe\/","name":"Kaimanwatch","description":"Relojes a tu alcance","publisher":{"@id":"https:\/\/kaimanwatch.pe\/#organization"},"potentialAction":[{"@type":"SearchAction","target":{"@type":"EntryPoint","urlTemplate":"https:\/\/kaimanwatch.pe\/?s={search_term_string}"},"query-input":{"@type":"PropertyValueSpecification","valueRequired":true,"valueName":"search_term_string"}}],"inLanguage":"es"},{"@type":"Organization","@id":"https:\/\/kaimanwatch.pe\/#organization","name":"Kaimanwatch","url":"https:\/\/kaimanwatch.pe\/","logo":{"@type":"ImageObject","inLanguage":"es","@id":"https:\/\/kaimanwatch.pe\/#\/schema\/logo\/image\/","url":"https:\/\/kaimanwatch.pe\/wp-content\/uploads\/2021\/08\/logooooo-inka.jpg","contentUrl":"https:\/\/kaimanwatch.pe\/wp-content\/uploads\/2021\/08\/logooooo-inka.jpg","width":1501,"height":1501,"caption":"Kaimanwatch"},"image":{"@id":"https:\/\/kaimanwatch.pe\/#\/schema\/logo\/image\/"}}]}},"_links":{"self":[{"href":"https:\/\/kaimanwatch.pe\/es\/wp-json\/wp\/v2\/product\/37431","targetHints":{"allow":["GET"]}}],"collection":[{"href":"https:\/\/kaimanwatch.pe\/es\/wp-json\/wp\/v2\/product"}],"about":[{"href":"https:\/\/kaimanwatch.pe\/es\/wp-json\/wp\/v2\/types\/product"}],"replies":[{"embeddable":true,"href":"https:\/\/kaimanwatch.pe\/es\/wp-json\/wp\/v2\/comments?post=37431"}],"version-history":[{"count":0,"href":"https:\/\/kaimanwatch.pe\/es\/wp-json\/wp\/v2\/product\/37431\/revisions"}],"wp:featuredmedia":[{"embeddable":true,"href":"https:\/\/kaimanwatch.pe\/es\/wp-json\/wp\/v2\/media\/37403"}],"wp:attachment":[{"href":"https:\/\/kaimanwatch.pe\/es\/wp-json\/wp\/v2\/media?parent=37431"}],"wp:term":[{"taxonomy":"product_brand","embeddable":true,"href":"https:\/\/kaimanwatch.pe\/es\/wp-json\/wp\/v2\/product_brand?post=37431"},{"taxonomy":"product_cat","embeddable":true,"href":"https:\/\/kaimanwatch.pe\/es\/wp-json\/wp\/v2\/product_cat?post=37431"},{"taxonomy":"product_tag","embeddable":true,"href":"https:\/\/kaimanwatch.pe\/es\/wp-json\/wp\/v2\/product_tag?post=37431"}],"curies":[{"name":"wp","href":"https:\/\/api.w.org\/{rel}","templated":true}]}}