{"id":36960,"date":"2024-12-07T17:34:20","date_gmt":"2024-12-07T22:34:20","guid":{"rendered":"https:\/\/kaimanwatch.pe\/product\/reloj-naviforce-digital-nf7108bebe-mujer\/"},"modified":"2026-04-05T18:56:37","modified_gmt":"2026-04-05T23:56:37","slug":"reloj-naviforce-digital-nf7108bebe-mujer","status":"publish","type":"product","link":"https:\/\/kaimanwatch.pe\/es\/producto\/reloj-naviforce-digital-nf7108bebe-mujer\/","title":{"rendered":"Reloj Naviforce Digital NF7108BEBE Mujer"},"content":{"rendered":"<ul>\n<li>Marca: Naviforce<\/li>\n<li>Codigo: NF7108BEBE<\/li>\n<li>Modelo: NF7108BEBE<\/li>\n<li>G\u00e9nero: Mujer<\/li>\n<li>Forma de la caja: Circular<\/li>\n<li>Tipo de cristal: Mineral<\/li>\n<li>Visualizaci\u00f3n: Digital<\/li>\n<li>Tipo de cierre: Hebilla<\/li>\n<li>Material de la caja: Silicona<\/li>\n<li>Di\u00e1metro del dial : 35 mm<\/li>\n<li>Ancho de banda : 18 mm<\/li>\n<li>Material de la correa: Silicona<\/li>\n<li>Color de la correa: Celeste<\/li>\n<li>Color del dial: Negro<\/li>\n<li>Longitud de la banda : 235 mm<\/li>\n<li>Movimiento: Curazo<\/li>\n<li>Resistencia a la presi\u00f3n del agua: 50 Metros<\/li>\n<li>Detalle: NF7108 muestra una declaraci\u00f3n de moda que se adapta a cualquier mu\u00f1eca y estado de \u00e1nimo. Tambi\u00e9n est\u00e1 equipado con una variedad de funciones, como un cron\u00f3metro, calendario, cambio de 12\/24 horas y configuraciones de alarma flexibles, y est\u00e1 equipado con una luz de fondo LED blanca, que se puede ver claramente incluso en entornos con poca luz. Al mismo tiempo, la resistencia al agua de 5 ATM lo hace perfecto para nadar y para la impermeabilizaci\u00f3n diaria. Y el resistente cristal acr\u00edlico HD y una c\u00f3moda correa de silicona, aseguran que pueda superar todos los entornos aventureros. Por lo tanto, este reloj con solo 35 mm de di\u00e1metro y un peso de 39 g es adecuado para usuarios de todas las edades y es un producto ideal para distribuidores de relojes.<\/li>\n<\/ul>","protected":false},"excerpt":{"rendered":"<p>Marca: Naviforce Codigo: NF7108BEBE Modelo: NF7108BEBE G\u00e9nero: Mujer Forma de la caja: Circular Tipo de cristal: Mineral Visualizaci\u00f3n: Digital Tipo<\/p>","protected":false},"featured_media":36911,"comment_status":"open","ping_status":"closed","template":"","meta":{"_joinchat":[]},"product_brand":[],"product_cat":[112],"product_tag":[],"class_list":{"0":"post-36960","1":"product","2":"type-product","3":"status-publish","4":"has-post-thumbnail","6":"product_cat-mujer","7":"product_shipping_class-envio-a-lima-y-provincia","8":"pa_color-de-correa-celeste","10":"first","11":"outofstock","12":"sale","13":"featured","14":"shipping-taxable","15":"purchasable","16":"product-type-simple"},"yoast_head":"<!-- This site is optimized with the Yoast SEO plugin v27.4 - https:\/\/yoast.com\/product\/yoast-seo-wordpress\/ -->\n<title>Reloj Naviforce Digital NF7108BEBE Mujer - Kaimanwatch<\/title>\n<meta name=\"robots\" content=\"index, follow, max-snippet:-1, max-image-preview:large, max-video-preview:-1\" \/>\n<link rel=\"canonical\" href=\"https:\/\/kaimanwatch.pe\/es\/producto\/reloj-naviforce-digital-nf7108bebe-mujer\/\" \/>\n<meta property=\"og:locale\" content=\"es_ES\" \/>\n<meta property=\"og:type\" content=\"article\" \/>\n<meta property=\"og:title\" content=\"Reloj Naviforce Digital NF7108BEBE Mujer - Kaimanwatch\" \/>\n<meta property=\"og:description\" content=\"Marca: Naviforce Codigo: NF7108BEBE Modelo: NF7108BEBE G\u00e9nero: Mujer Forma de la caja: Circular Tipo de cristal: Mineral Visualizaci\u00f3n: Digital Tipo\" \/>\n<meta property=\"og:url\" content=\"https:\/\/kaimanwatch.pe\/es\/producto\/reloj-naviforce-digital-nf7108bebe-mujer\/\" \/>\n<meta property=\"og:site_name\" content=\"Kaimanwatch\" \/>\n<meta property=\"article:modified_time\" content=\"2026-04-05T23:56:37+00:00\" \/>\n<meta property=\"og:image\" content=\"https:\/\/kaimanwatch.pe\/wp-content\/uploads\/2024\/12\/NF7108BEBE_1.jpg\" \/>\n\t<meta property=\"og:image:width\" content=\"1000\" \/>\n\t<meta property=\"og:image:height\" content=\"1000\" \/>\n\t<meta property=\"og:image:type\" content=\"image\/jpeg\" \/>\n<meta name=\"twitter:card\" content=\"summary_large_image\" \/>\n<meta name=\"twitter:label1\" content=\"Tiempo de lectura\" \/>\n\t<meta name=\"twitter:data1\" content=\"1 minuto\" \/>\n<script type=\"application\/ld+json\" class=\"yoast-schema-graph\">{\"@context\":\"https:\\\/\\\/schema.org\",\"@graph\":[{\"@type\":\"WebPage\",\"@id\":\"https:\\\/\\\/kaimanwatch.pe\\\/product\\\/reloj-naviforce-digital-nf7108bebe-mujer\\\/\",\"url\":\"https:\\\/\\\/kaimanwatch.pe\\\/product\\\/reloj-naviforce-digital-nf7108bebe-mujer\\\/\",\"name\":\"Reloj Naviforce Digital NF7108BEBE Mujer - Kaimanwatch\",\"isPartOf\":{\"@id\":\"https:\\\/\\\/kaimanwatch.pe\\\/#website\"},\"primaryImageOfPage\":{\"@id\":\"https:\\\/\\\/kaimanwatch.pe\\\/product\\\/reloj-naviforce-digital-nf7108bebe-mujer\\\/#primaryimage\"},\"image\":{\"@id\":\"https:\\\/\\\/kaimanwatch.pe\\\/product\\\/reloj-naviforce-digital-nf7108bebe-mujer\\\/#primaryimage\"},\"thumbnailUrl\":\"https:\\\/\\\/kaimanwatch.pe\\\/wp-content\\\/uploads\\\/2024\\\/12\\\/NF7108BEBE_1.jpg\",\"datePublished\":\"2024-12-07T22:34:20+00:00\",\"dateModified\":\"2026-04-05T23:56:37+00:00\",\"breadcrumb\":{\"@id\":\"https:\\\/\\\/kaimanwatch.pe\\\/product\\\/reloj-naviforce-digital-nf7108bebe-mujer\\\/#breadcrumb\"},\"inLanguage\":\"es\",\"potentialAction\":[{\"@type\":\"ReadAction\",\"target\":[\"https:\\\/\\\/kaimanwatch.pe\\\/product\\\/reloj-naviforce-digital-nf7108bebe-mujer\\\/\"]}]},{\"@type\":\"ImageObject\",\"inLanguage\":\"es\",\"@id\":\"https:\\\/\\\/kaimanwatch.pe\\\/product\\\/reloj-naviforce-digital-nf7108bebe-mujer\\\/#primaryimage\",\"url\":\"https:\\\/\\\/kaimanwatch.pe\\\/wp-content\\\/uploads\\\/2024\\\/12\\\/NF7108BEBE_1.jpg\",\"contentUrl\":\"https:\\\/\\\/kaimanwatch.pe\\\/wp-content\\\/uploads\\\/2024\\\/12\\\/NF7108BEBE_1.jpg\",\"width\":1000,\"height\":1000},{\"@type\":\"BreadcrumbList\",\"@id\":\"https:\\\/\\\/kaimanwatch.pe\\\/product\\\/reloj-naviforce-digital-nf7108bebe-mujer\\\/#breadcrumb\",\"itemListElement\":[{\"@type\":\"ListItem\",\"position\":1,\"name\":\"Portada\",\"item\":\"https:\\\/\\\/kaimanwatch.pe\\\/\"},{\"@type\":\"ListItem\",\"position\":2,\"name\":\"Tienda\",\"item\":\"https:\\\/\\\/kaimanwatch.pe\\\/tienda\\\/\"},{\"@type\":\"ListItem\",\"position\":3,\"name\":\"Reloj Naviforce Digital NF7108BEBE Mujer\"}]},{\"@type\":\"WebSite\",\"@id\":\"https:\\\/\\\/kaimanwatch.pe\\\/#website\",\"url\":\"https:\\\/\\\/kaimanwatch.pe\\\/\",\"name\":\"Kaimanwatch\",\"description\":\"Relojes a tu alcance\",\"publisher\":{\"@id\":\"https:\\\/\\\/kaimanwatch.pe\\\/#organization\"},\"potentialAction\":[{\"@type\":\"SearchAction\",\"target\":{\"@type\":\"EntryPoint\",\"urlTemplate\":\"https:\\\/\\\/kaimanwatch.pe\\\/?s={search_term_string}\"},\"query-input\":{\"@type\":\"PropertyValueSpecification\",\"valueRequired\":true,\"valueName\":\"search_term_string\"}}],\"inLanguage\":\"es\"},{\"@type\":\"Organization\",\"@id\":\"https:\\\/\\\/kaimanwatch.pe\\\/#organization\",\"name\":\"Kaimanwatch\",\"url\":\"https:\\\/\\\/kaimanwatch.pe\\\/\",\"logo\":{\"@type\":\"ImageObject\",\"inLanguage\":\"es\",\"@id\":\"https:\\\/\\\/kaimanwatch.pe\\\/#\\\/schema\\\/logo\\\/image\\\/\",\"url\":\"https:\\\/\\\/kaimanwatch.pe\\\/wp-content\\\/uploads\\\/2021\\\/08\\\/logooooo-inka.jpg\",\"contentUrl\":\"https:\\\/\\\/kaimanwatch.pe\\\/wp-content\\\/uploads\\\/2021\\\/08\\\/logooooo-inka.jpg\",\"width\":1501,\"height\":1501,\"caption\":\"Kaimanwatch\"},\"image\":{\"@id\":\"https:\\\/\\\/kaimanwatch.pe\\\/#\\\/schema\\\/logo\\\/image\\\/\"}}]}<\/script>\n<!-- \/ Yoast SEO plugin. -->","yoast_head_json":{"title":"Reloj Naviforce Digital NF7108BEBE Mujer - Kaimanwatch","robots":{"index":"index","follow":"follow","max-snippet":"max-snippet:-1","max-image-preview":"max-image-preview:large","max-video-preview":"max-video-preview:-1"},"canonical":"https:\/\/kaimanwatch.pe\/es\/producto\/reloj-naviforce-digital-nf7108bebe-mujer\/","og_locale":"es_ES","og_type":"article","og_title":"Reloj Naviforce Digital NF7108BEBE Mujer - Kaimanwatch","og_description":"Marca: Naviforce Codigo: NF7108BEBE Modelo: NF7108BEBE G\u00e9nero: Mujer Forma de la caja: Circular Tipo de cristal: Mineral Visualizaci\u00f3n: Digital Tipo","og_url":"https:\/\/kaimanwatch.pe\/es\/producto\/reloj-naviforce-digital-nf7108bebe-mujer\/","og_site_name":"Kaimanwatch","article_modified_time":"2026-04-05T23:56:37+00:00","og_image":[{"width":1000,"height":1000,"url":"https:\/\/kaimanwatch.pe\/wp-content\/uploads\/2024\/12\/NF7108BEBE_1.jpg","type":"image\/jpeg"}],"twitter_card":"summary_large_image","twitter_misc":{"Tiempo de lectura":"1 minuto"},"schema":{"@context":"https:\/\/schema.org","@graph":[{"@type":"WebPage","@id":"https:\/\/kaimanwatch.pe\/product\/reloj-naviforce-digital-nf7108bebe-mujer\/","url":"https:\/\/kaimanwatch.pe\/product\/reloj-naviforce-digital-nf7108bebe-mujer\/","name":"Reloj Naviforce Digital NF7108BEBE Mujer - Kaimanwatch","isPartOf":{"@id":"https:\/\/kaimanwatch.pe\/#website"},"primaryImageOfPage":{"@id":"https:\/\/kaimanwatch.pe\/product\/reloj-naviforce-digital-nf7108bebe-mujer\/#primaryimage"},"image":{"@id":"https:\/\/kaimanwatch.pe\/product\/reloj-naviforce-digital-nf7108bebe-mujer\/#primaryimage"},"thumbnailUrl":"https:\/\/kaimanwatch.pe\/wp-content\/uploads\/2024\/12\/NF7108BEBE_1.jpg","datePublished":"2024-12-07T22:34:20+00:00","dateModified":"2026-04-05T23:56:37+00:00","breadcrumb":{"@id":"https:\/\/kaimanwatch.pe\/product\/reloj-naviforce-digital-nf7108bebe-mujer\/#breadcrumb"},"inLanguage":"es","potentialAction":[{"@type":"ReadAction","target":["https:\/\/kaimanwatch.pe\/product\/reloj-naviforce-digital-nf7108bebe-mujer\/"]}]},{"@type":"ImageObject","inLanguage":"es","@id":"https:\/\/kaimanwatch.pe\/product\/reloj-naviforce-digital-nf7108bebe-mujer\/#primaryimage","url":"https:\/\/kaimanwatch.pe\/wp-content\/uploads\/2024\/12\/NF7108BEBE_1.jpg","contentUrl":"https:\/\/kaimanwatch.pe\/wp-content\/uploads\/2024\/12\/NF7108BEBE_1.jpg","width":1000,"height":1000},{"@type":"BreadcrumbList","@id":"https:\/\/kaimanwatch.pe\/product\/reloj-naviforce-digital-nf7108bebe-mujer\/#breadcrumb","itemListElement":[{"@type":"ListItem","position":1,"name":"Portada","item":"https:\/\/kaimanwatch.pe\/"},{"@type":"ListItem","position":2,"name":"Tienda","item":"https:\/\/kaimanwatch.pe\/tienda\/"},{"@type":"ListItem","position":3,"name":"Reloj Naviforce Digital NF7108BEBE Mujer"}]},{"@type":"WebSite","@id":"https:\/\/kaimanwatch.pe\/#website","url":"https:\/\/kaimanwatch.pe\/","name":"Kaimanwatch","description":"Relojes a tu alcance","publisher":{"@id":"https:\/\/kaimanwatch.pe\/#organization"},"potentialAction":[{"@type":"SearchAction","target":{"@type":"EntryPoint","urlTemplate":"https:\/\/kaimanwatch.pe\/?s={search_term_string}"},"query-input":{"@type":"PropertyValueSpecification","valueRequired":true,"valueName":"search_term_string"}}],"inLanguage":"es"},{"@type":"Organization","@id":"https:\/\/kaimanwatch.pe\/#organization","name":"Kaimanwatch","url":"https:\/\/kaimanwatch.pe\/","logo":{"@type":"ImageObject","inLanguage":"es","@id":"https:\/\/kaimanwatch.pe\/#\/schema\/logo\/image\/","url":"https:\/\/kaimanwatch.pe\/wp-content\/uploads\/2021\/08\/logooooo-inka.jpg","contentUrl":"https:\/\/kaimanwatch.pe\/wp-content\/uploads\/2021\/08\/logooooo-inka.jpg","width":1501,"height":1501,"caption":"Kaimanwatch"},"image":{"@id":"https:\/\/kaimanwatch.pe\/#\/schema\/logo\/image\/"}}]}},"_links":{"self":[{"href":"https:\/\/kaimanwatch.pe\/es\/wp-json\/wp\/v2\/product\/36960","targetHints":{"allow":["GET"]}}],"collection":[{"href":"https:\/\/kaimanwatch.pe\/es\/wp-json\/wp\/v2\/product"}],"about":[{"href":"https:\/\/kaimanwatch.pe\/es\/wp-json\/wp\/v2\/types\/product"}],"replies":[{"embeddable":true,"href":"https:\/\/kaimanwatch.pe\/es\/wp-json\/wp\/v2\/comments?post=36960"}],"version-history":[{"count":0,"href":"https:\/\/kaimanwatch.pe\/es\/wp-json\/wp\/v2\/product\/36960\/revisions"}],"wp:featuredmedia":[{"embeddable":true,"href":"https:\/\/kaimanwatch.pe\/es\/wp-json\/wp\/v2\/media\/36911"}],"wp:attachment":[{"href":"https:\/\/kaimanwatch.pe\/es\/wp-json\/wp\/v2\/media?parent=36960"}],"wp:term":[{"taxonomy":"product_brand","embeddable":true,"href":"https:\/\/kaimanwatch.pe\/es\/wp-json\/wp\/v2\/product_brand?post=36960"},{"taxonomy":"product_cat","embeddable":true,"href":"https:\/\/kaimanwatch.pe\/es\/wp-json\/wp\/v2\/product_cat?post=36960"},{"taxonomy":"product_tag","embeddable":true,"href":"https:\/\/kaimanwatch.pe\/es\/wp-json\/wp\/v2\/product_tag?post=36960"}],"curies":[{"name":"wp","href":"https:\/\/api.w.org\/{rel}","templated":true}]}}