{"id":36631,"date":"2024-10-20T22:08:06","date_gmt":"2024-10-21T03:08:06","guid":{"rendered":"https:\/\/kaimanwatch.pe\/product\/reloj-baby-g-analogo-digital-ba-110xbc-1adr-mujer\/"},"modified":"2026-04-05T18:56:16","modified_gmt":"2026-04-05T23:56:16","slug":"reloj-baby-g-analogo-digital-ba-110xbc-1adr-mujer","status":"publish","type":"product","link":"https:\/\/kaimanwatch.pe\/es\/producto\/reloj-baby-g-analogo-digital-ba-110xbc-1adr-mujer\/","title":{"rendered":"Reloj Baby G An\u00e1logo &#8211; Digital BA-110XBC-1ADR Mujer"},"content":{"rendered":"<ul>\n<li>Marca: Baby G<\/li>\n<li>Codigo: BA-110XBC-1ADR<\/li>\n<li>Modelo: BA-110XBC-1ADR<\/li>\n<li>G\u00e9nero: Mujer<\/li>\n<li>Forma de la caja: Circular<\/li>\n<li>Tipo de cristal: Mineral<\/li>\n<li>Visualizaci\u00f3n: An\u00e1logo &#8211; Digital<\/li>\n<li>Tipo de cierre: Hebilla<\/li>\n<li>Material de la caja: Resina<\/li>\n<li>Dimensiones: 46.3 \u00d7 43.4 \u00d7 15.8 mm<\/li>\n<li>Iluminaci\u00f3n: Iluminaci\u00f3n por LED<br \/>\ncon persistencia luminosa<\/li>\n<li>Material de la correa: Resina<\/li>\n<li>Color de la correa: Negro<\/li>\n<li>Color del dial: Negro<\/li>\n<li>Cron\u00f3metro: 1\/100-second stopwatch<br \/>\nMeasuring capacity: 23:59&#8217;59.99&#8221;<br \/>\nMeasuring modes: Elapsed time, split time, 1st-2nd place times<\/li>\n<li>Movimiento: Cuarzo<\/li>\n<li>Resistencia a la presi\u00f3n del agua: 100 Metros<\/li>\n<li>Otras opciones: Formato de 12 y 24 horas<br \/>\nFunciones cl\u00e1sicas de reloj:<br \/>\nAnal\u00f3gica: 2 manecillas (hora, minuto [las manecillas se mueven cada 20 segundos])<br \/>\nDigital: horas, minutos, segundos, p. m., mes, fecha, d\u00eda<\/li>\n<\/ul>\n","protected":false},"excerpt":{"rendered":"<p>Marca: Baby G Codigo: BA-110XBC-1ADR Modelo: BA-110XBC-1ADR G\u00e9nero: Mujer Forma de la caja: Circular Tipo de cristal: Mineral Visualizaci\u00f3n: An\u00e1logo<\/p>","protected":false},"featured_media":35867,"comment_status":"open","ping_status":"closed","template":"","meta":{"_joinchat":[]},"product_brand":[],"product_cat":[112],"product_tag":[],"class_list":{"0":"post-36631","1":"product","2":"type-product","3":"status-publish","4":"has-post-thumbnail","6":"product_cat-mujer","7":"product_shipping_class-envio-a-lima-y-provincia","8":"pa_color-de-correa-negro","10":"first","11":"instock","12":"sale","13":"featured","14":"shipping-taxable","15":"purchasable","16":"product-type-simple"},"yoast_head":"<!-- This site is optimized with the Yoast SEO plugin v27.4 - https:\/\/yoast.com\/product\/yoast-seo-wordpress\/ -->\n<title>Reloj Baby G An\u00e1logo - Digital BA-110XBC-1ADR Mujer - Kaimanwatch<\/title>\n<meta name=\"robots\" content=\"index, follow, max-snippet:-1, max-image-preview:large, max-video-preview:-1\" \/>\n<link rel=\"canonical\" href=\"https:\/\/kaimanwatch.pe\/es\/producto\/reloj-baby-g-analogo-digital-ba-110xbc-1adr-mujer\/\" \/>\n<meta property=\"og:locale\" content=\"es_ES\" \/>\n<meta property=\"og:type\" content=\"article\" \/>\n<meta property=\"og:title\" content=\"Reloj Baby G An\u00e1logo - Digital BA-110XBC-1ADR Mujer - Kaimanwatch\" \/>\n<meta property=\"og:description\" content=\"Marca: Baby G Codigo: BA-110XBC-1ADR Modelo: BA-110XBC-1ADR G\u00e9nero: Mujer Forma de la caja: Circular Tipo de cristal: Mineral Visualizaci\u00f3n: An\u00e1logo\" \/>\n<meta property=\"og:url\" content=\"https:\/\/kaimanwatch.pe\/es\/producto\/reloj-baby-g-analogo-digital-ba-110xbc-1adr-mujer\/\" \/>\n<meta property=\"og:site_name\" content=\"Kaimanwatch\" \/>\n<meta property=\"article:modified_time\" content=\"2026-04-05T23:56:16+00:00\" \/>\n<meta property=\"og:image\" content=\"https:\/\/kaimanwatch.pe\/wp-content\/uploads\/2024\/10\/BA-110XBC-1ADR_1.jpg\" \/>\n\t<meta property=\"og:image:width\" content=\"1000\" \/>\n\t<meta property=\"og:image:height\" content=\"1000\" \/>\n\t<meta property=\"og:image:type\" content=\"image\/jpeg\" \/>\n<meta name=\"twitter:card\" content=\"summary_large_image\" \/>\n<meta name=\"twitter:label1\" content=\"Tiempo de lectura\" \/>\n\t<meta name=\"twitter:data1\" content=\"1 minuto\" \/>\n<script type=\"application\/ld+json\" class=\"yoast-schema-graph\">{\"@context\":\"https:\\\/\\\/schema.org\",\"@graph\":[{\"@type\":\"WebPage\",\"@id\":\"https:\\\/\\\/kaimanwatch.pe\\\/product\\\/reloj-baby-g-analogo-digital-ba-110xbc-1adr-mujer\\\/\",\"url\":\"https:\\\/\\\/kaimanwatch.pe\\\/product\\\/reloj-baby-g-analogo-digital-ba-110xbc-1adr-mujer\\\/\",\"name\":\"Reloj Baby G An\u00e1logo - Digital BA-110XBC-1ADR Mujer - Kaimanwatch\",\"isPartOf\":{\"@id\":\"https:\\\/\\\/kaimanwatch.pe\\\/#website\"},\"primaryImageOfPage\":{\"@id\":\"https:\\\/\\\/kaimanwatch.pe\\\/product\\\/reloj-baby-g-analogo-digital-ba-110xbc-1adr-mujer\\\/#primaryimage\"},\"image\":{\"@id\":\"https:\\\/\\\/kaimanwatch.pe\\\/product\\\/reloj-baby-g-analogo-digital-ba-110xbc-1adr-mujer\\\/#primaryimage\"},\"thumbnailUrl\":\"https:\\\/\\\/kaimanwatch.pe\\\/wp-content\\\/uploads\\\/2024\\\/10\\\/BA-110XBC-1ADR_1.jpg\",\"datePublished\":\"2024-10-21T03:08:06+00:00\",\"dateModified\":\"2026-04-05T23:56:16+00:00\",\"breadcrumb\":{\"@id\":\"https:\\\/\\\/kaimanwatch.pe\\\/product\\\/reloj-baby-g-analogo-digital-ba-110xbc-1adr-mujer\\\/#breadcrumb\"},\"inLanguage\":\"es\",\"potentialAction\":[{\"@type\":\"ReadAction\",\"target\":[\"https:\\\/\\\/kaimanwatch.pe\\\/product\\\/reloj-baby-g-analogo-digital-ba-110xbc-1adr-mujer\\\/\"]}]},{\"@type\":\"ImageObject\",\"inLanguage\":\"es\",\"@id\":\"https:\\\/\\\/kaimanwatch.pe\\\/product\\\/reloj-baby-g-analogo-digital-ba-110xbc-1adr-mujer\\\/#primaryimage\",\"url\":\"https:\\\/\\\/kaimanwatch.pe\\\/wp-content\\\/uploads\\\/2024\\\/10\\\/BA-110XBC-1ADR_1.jpg\",\"contentUrl\":\"https:\\\/\\\/kaimanwatch.pe\\\/wp-content\\\/uploads\\\/2024\\\/10\\\/BA-110XBC-1ADR_1.jpg\",\"width\":1000,\"height\":1000},{\"@type\":\"BreadcrumbList\",\"@id\":\"https:\\\/\\\/kaimanwatch.pe\\\/product\\\/reloj-baby-g-analogo-digital-ba-110xbc-1adr-mujer\\\/#breadcrumb\",\"itemListElement\":[{\"@type\":\"ListItem\",\"position\":1,\"name\":\"Portada\",\"item\":\"https:\\\/\\\/kaimanwatch.pe\\\/\"},{\"@type\":\"ListItem\",\"position\":2,\"name\":\"Tienda\",\"item\":\"https:\\\/\\\/kaimanwatch.pe\\\/tienda\\\/\"},{\"@type\":\"ListItem\",\"position\":3,\"name\":\"Reloj Baby G An\u00e1logo &#8211; Digital BA-110XBC-1ADR Mujer\"}]},{\"@type\":\"WebSite\",\"@id\":\"https:\\\/\\\/kaimanwatch.pe\\\/#website\",\"url\":\"https:\\\/\\\/kaimanwatch.pe\\\/\",\"name\":\"Kaimanwatch\",\"description\":\"Relojes a tu alcance\",\"publisher\":{\"@id\":\"https:\\\/\\\/kaimanwatch.pe\\\/#organization\"},\"potentialAction\":[{\"@type\":\"SearchAction\",\"target\":{\"@type\":\"EntryPoint\",\"urlTemplate\":\"https:\\\/\\\/kaimanwatch.pe\\\/?s={search_term_string}\"},\"query-input\":{\"@type\":\"PropertyValueSpecification\",\"valueRequired\":true,\"valueName\":\"search_term_string\"}}],\"inLanguage\":\"es\"},{\"@type\":\"Organization\",\"@id\":\"https:\\\/\\\/kaimanwatch.pe\\\/#organization\",\"name\":\"Kaimanwatch\",\"url\":\"https:\\\/\\\/kaimanwatch.pe\\\/\",\"logo\":{\"@type\":\"ImageObject\",\"inLanguage\":\"es\",\"@id\":\"https:\\\/\\\/kaimanwatch.pe\\\/#\\\/schema\\\/logo\\\/image\\\/\",\"url\":\"https:\\\/\\\/kaimanwatch.pe\\\/wp-content\\\/uploads\\\/2021\\\/08\\\/logooooo-inka.jpg\",\"contentUrl\":\"https:\\\/\\\/kaimanwatch.pe\\\/wp-content\\\/uploads\\\/2021\\\/08\\\/logooooo-inka.jpg\",\"width\":1501,\"height\":1501,\"caption\":\"Kaimanwatch\"},\"image\":{\"@id\":\"https:\\\/\\\/kaimanwatch.pe\\\/#\\\/schema\\\/logo\\\/image\\\/\"}}]}<\/script>\n<!-- \/ Yoast SEO plugin. -->","yoast_head_json":{"title":"Reloj Baby G An\u00e1logo - Digital BA-110XBC-1ADR Mujer - Kaimanwatch","robots":{"index":"index","follow":"follow","max-snippet":"max-snippet:-1","max-image-preview":"max-image-preview:large","max-video-preview":"max-video-preview:-1"},"canonical":"https:\/\/kaimanwatch.pe\/es\/producto\/reloj-baby-g-analogo-digital-ba-110xbc-1adr-mujer\/","og_locale":"es_ES","og_type":"article","og_title":"Reloj Baby G An\u00e1logo - Digital BA-110XBC-1ADR Mujer - Kaimanwatch","og_description":"Marca: Baby G Codigo: BA-110XBC-1ADR Modelo: BA-110XBC-1ADR G\u00e9nero: Mujer Forma de la caja: Circular Tipo de cristal: Mineral Visualizaci\u00f3n: An\u00e1logo","og_url":"https:\/\/kaimanwatch.pe\/es\/producto\/reloj-baby-g-analogo-digital-ba-110xbc-1adr-mujer\/","og_site_name":"Kaimanwatch","article_modified_time":"2026-04-05T23:56:16+00:00","og_image":[{"width":1000,"height":1000,"url":"https:\/\/kaimanwatch.pe\/wp-content\/uploads\/2024\/10\/BA-110XBC-1ADR_1.jpg","type":"image\/jpeg"}],"twitter_card":"summary_large_image","twitter_misc":{"Tiempo de lectura":"1 minuto"},"schema":{"@context":"https:\/\/schema.org","@graph":[{"@type":"WebPage","@id":"https:\/\/kaimanwatch.pe\/product\/reloj-baby-g-analogo-digital-ba-110xbc-1adr-mujer\/","url":"https:\/\/kaimanwatch.pe\/product\/reloj-baby-g-analogo-digital-ba-110xbc-1adr-mujer\/","name":"Reloj Baby G An\u00e1logo - Digital BA-110XBC-1ADR Mujer - Kaimanwatch","isPartOf":{"@id":"https:\/\/kaimanwatch.pe\/#website"},"primaryImageOfPage":{"@id":"https:\/\/kaimanwatch.pe\/product\/reloj-baby-g-analogo-digital-ba-110xbc-1adr-mujer\/#primaryimage"},"image":{"@id":"https:\/\/kaimanwatch.pe\/product\/reloj-baby-g-analogo-digital-ba-110xbc-1adr-mujer\/#primaryimage"},"thumbnailUrl":"https:\/\/kaimanwatch.pe\/wp-content\/uploads\/2024\/10\/BA-110XBC-1ADR_1.jpg","datePublished":"2024-10-21T03:08:06+00:00","dateModified":"2026-04-05T23:56:16+00:00","breadcrumb":{"@id":"https:\/\/kaimanwatch.pe\/product\/reloj-baby-g-analogo-digital-ba-110xbc-1adr-mujer\/#breadcrumb"},"inLanguage":"es","potentialAction":[{"@type":"ReadAction","target":["https:\/\/kaimanwatch.pe\/product\/reloj-baby-g-analogo-digital-ba-110xbc-1adr-mujer\/"]}]},{"@type":"ImageObject","inLanguage":"es","@id":"https:\/\/kaimanwatch.pe\/product\/reloj-baby-g-analogo-digital-ba-110xbc-1adr-mujer\/#primaryimage","url":"https:\/\/kaimanwatch.pe\/wp-content\/uploads\/2024\/10\/BA-110XBC-1ADR_1.jpg","contentUrl":"https:\/\/kaimanwatch.pe\/wp-content\/uploads\/2024\/10\/BA-110XBC-1ADR_1.jpg","width":1000,"height":1000},{"@type":"BreadcrumbList","@id":"https:\/\/kaimanwatch.pe\/product\/reloj-baby-g-analogo-digital-ba-110xbc-1adr-mujer\/#breadcrumb","itemListElement":[{"@type":"ListItem","position":1,"name":"Portada","item":"https:\/\/kaimanwatch.pe\/"},{"@type":"ListItem","position":2,"name":"Tienda","item":"https:\/\/kaimanwatch.pe\/tienda\/"},{"@type":"ListItem","position":3,"name":"Reloj Baby G An\u00e1logo &#8211; Digital BA-110XBC-1ADR Mujer"}]},{"@type":"WebSite","@id":"https:\/\/kaimanwatch.pe\/#website","url":"https:\/\/kaimanwatch.pe\/","name":"Kaimanwatch","description":"Relojes a tu alcance","publisher":{"@id":"https:\/\/kaimanwatch.pe\/#organization"},"potentialAction":[{"@type":"SearchAction","target":{"@type":"EntryPoint","urlTemplate":"https:\/\/kaimanwatch.pe\/?s={search_term_string}"},"query-input":{"@type":"PropertyValueSpecification","valueRequired":true,"valueName":"search_term_string"}}],"inLanguage":"es"},{"@type":"Organization","@id":"https:\/\/kaimanwatch.pe\/#organization","name":"Kaimanwatch","url":"https:\/\/kaimanwatch.pe\/","logo":{"@type":"ImageObject","inLanguage":"es","@id":"https:\/\/kaimanwatch.pe\/#\/schema\/logo\/image\/","url":"https:\/\/kaimanwatch.pe\/wp-content\/uploads\/2021\/08\/logooooo-inka.jpg","contentUrl":"https:\/\/kaimanwatch.pe\/wp-content\/uploads\/2021\/08\/logooooo-inka.jpg","width":1501,"height":1501,"caption":"Kaimanwatch"},"image":{"@id":"https:\/\/kaimanwatch.pe\/#\/schema\/logo\/image\/"}}]}},"_links":{"self":[{"href":"https:\/\/kaimanwatch.pe\/es\/wp-json\/wp\/v2\/product\/36631","targetHints":{"allow":["GET"]}}],"collection":[{"href":"https:\/\/kaimanwatch.pe\/es\/wp-json\/wp\/v2\/product"}],"about":[{"href":"https:\/\/kaimanwatch.pe\/es\/wp-json\/wp\/v2\/types\/product"}],"replies":[{"embeddable":true,"href":"https:\/\/kaimanwatch.pe\/es\/wp-json\/wp\/v2\/comments?post=36631"}],"version-history":[{"count":0,"href":"https:\/\/kaimanwatch.pe\/es\/wp-json\/wp\/v2\/product\/36631\/revisions"}],"wp:featuredmedia":[{"embeddable":true,"href":"https:\/\/kaimanwatch.pe\/es\/wp-json\/wp\/v2\/media\/35867"}],"wp:attachment":[{"href":"https:\/\/kaimanwatch.pe\/es\/wp-json\/wp\/v2\/media?parent=36631"}],"wp:term":[{"taxonomy":"product_brand","embeddable":true,"href":"https:\/\/kaimanwatch.pe\/es\/wp-json\/wp\/v2\/product_brand?post=36631"},{"taxonomy":"product_cat","embeddable":true,"href":"https:\/\/kaimanwatch.pe\/es\/wp-json\/wp\/v2\/product_cat?post=36631"},{"taxonomy":"product_tag","embeddable":true,"href":"https:\/\/kaimanwatch.pe\/es\/wp-json\/wp\/v2\/product_tag?post=36631"}],"curies":[{"name":"wp","href":"https:\/\/api.w.org\/{rel}","templated":true}]}}