{"id":30864,"date":"2024-06-03T03:18:07","date_gmt":"2024-06-03T08:18:07","guid":{"rendered":"https:\/\/kaimanwatch.pe\/product\/product-384\/"},"modified":"2026-04-05T18:54:07","modified_gmt":"2026-04-05T23:54:07","slug":"product-384","status":"publish","type":"product","link":"https:\/\/kaimanwatch.pe\/es\/producto\/product-384\/","title":{"rendered":"Reloj Casio Digital LA-20WH-4A1DF Mujer"},"content":{"rendered":"<ul>\n<li>Marca: Casio<\/li>\n<li>Codigo: LA-20WH-4A1DF<\/li>\n<li>Modelo: LA-20WH-4A1DF<\/li>\n<li>G\u00e9nero: Mujer<\/li>\n<li>Forma de la caja: Rectangular<\/li>\n<li>Tipo de cristal: Resina<\/li>\n<li>Visualizaci\u00f3n: Digital<\/li>\n<li>Tipo de cierre: Hebilla<\/li>\n<li>Material de la caja: Resina<\/li>\n<li>Dimensiones: 34.5 \u00d7 30.4 \u00d7 8.6 mm<\/li>\n<li>Iluminaci\u00f3n: Iluminaci\u00f3n por LED<\/li>\n<li>Material de la correa: Resina<\/li>\n<li>Color de la correa: Rosado<\/li>\n<li>Color del dial: Rosado<\/li>\n<li>Cron\u00f3metro: Cron\u00f3metro de 1\/100 segundos Capacidad de medici\u00f3n: 59&#8217;59.99&#8243; Modos de medici\u00f3n: Tiempo transcurrido, tiempo de divisi\u00f3n, tiempos de 1\u00aa y 2\u00aa posiciones<\/li>\n<li>Movimiento: Cuarzo<\/li>\n<li>Resistencia a la presi\u00f3n del agua: 30 Metros<\/li>\n<li>Otras opciones: Funciones cl\u00e1sicas de reloj: Hora, minuto, segundo, p. m., fecha, d\u00eda<\/li>\n<\/ul>","protected":false},"excerpt":{"rendered":"<p>Marca: Casio Codigo: LA-20WH-4A1DF Modelo: LA-20WH-4A1DF G\u00e9nero: Mujer Forma de la caja: Rectangular Tipo de cristal: Resina Visualizaci\u00f3n: Digital Tipo<\/p>","protected":false},"featured_media":30006,"comment_status":"open","ping_status":"closed","template":"","meta":{"_joinchat":[]},"product_brand":[],"product_cat":[112],"product_tag":[],"class_list":{"0":"post-30864","1":"product","2":"type-product","3":"status-publish","4":"has-post-thumbnail","6":"product_cat-mujer","7":"product_shipping_class-envio-a-lima-y-provincia","8":"pa_color-de-correa-rosado","10":"first","11":"instock","12":"sale","13":"featured","14":"shipping-taxable","15":"purchasable","16":"product-type-simple"},"yoast_head":"<!-- This site is optimized with the Yoast SEO plugin v27.4 - https:\/\/yoast.com\/product\/yoast-seo-wordpress\/ -->\n<title>Reloj Casio Digital LA-20WH-4A1DF Mujer - Kaimanwatch<\/title>\n<meta name=\"robots\" content=\"index, follow, max-snippet:-1, max-image-preview:large, max-video-preview:-1\" \/>\n<link rel=\"canonical\" href=\"https:\/\/kaimanwatch.pe\/es\/producto\/product-384\/\" \/>\n<meta property=\"og:locale\" content=\"es_ES\" \/>\n<meta property=\"og:type\" content=\"article\" \/>\n<meta property=\"og:title\" content=\"Reloj Casio Digital LA-20WH-4A1DF Mujer - Kaimanwatch\" \/>\n<meta property=\"og:description\" content=\"Marca: Casio Codigo: LA-20WH-4A1DF Modelo: LA-20WH-4A1DF G\u00e9nero: Mujer Forma de la caja: Rectangular Tipo de cristal: Resina Visualizaci\u00f3n: Digital Tipo\" \/>\n<meta property=\"og:url\" content=\"https:\/\/kaimanwatch.pe\/es\/producto\/product-384\/\" \/>\n<meta property=\"og:site_name\" content=\"Kaimanwatch\" \/>\n<meta property=\"article:modified_time\" content=\"2026-04-05T23:54:07+00:00\" \/>\n<meta property=\"og:image\" content=\"https:\/\/kaimanwatch.pe\/wp-content\/uploads\/2024\/06\/LA-20WH-4A1DF_1.jpg\" \/>\n\t<meta property=\"og:image:width\" content=\"1000\" \/>\n\t<meta property=\"og:image:height\" content=\"1000\" \/>\n\t<meta property=\"og:image:type\" content=\"image\/jpeg\" \/>\n<meta name=\"twitter:card\" content=\"summary_large_image\" \/>\n<script type=\"application\/ld+json\" class=\"yoast-schema-graph\">{\"@context\":\"https:\\\/\\\/schema.org\",\"@graph\":[{\"@type\":\"WebPage\",\"@id\":\"https:\\\/\\\/kaimanwatch.pe\\\/product\\\/product-384\\\/\",\"url\":\"https:\\\/\\\/kaimanwatch.pe\\\/product\\\/product-384\\\/\",\"name\":\"Reloj Casio Digital LA-20WH-4A1DF Mujer - Kaimanwatch\",\"isPartOf\":{\"@id\":\"https:\\\/\\\/kaimanwatch.pe\\\/#website\"},\"primaryImageOfPage\":{\"@id\":\"https:\\\/\\\/kaimanwatch.pe\\\/product\\\/product-384\\\/#primaryimage\"},\"image\":{\"@id\":\"https:\\\/\\\/kaimanwatch.pe\\\/product\\\/product-384\\\/#primaryimage\"},\"thumbnailUrl\":\"https:\\\/\\\/kaimanwatch.pe\\\/wp-content\\\/uploads\\\/2024\\\/06\\\/LA-20WH-4A1DF_1.jpg\",\"datePublished\":\"2024-06-03T08:18:07+00:00\",\"dateModified\":\"2026-04-05T23:54:07+00:00\",\"breadcrumb\":{\"@id\":\"https:\\\/\\\/kaimanwatch.pe\\\/product\\\/product-384\\\/#breadcrumb\"},\"inLanguage\":\"es\",\"potentialAction\":[{\"@type\":\"ReadAction\",\"target\":[\"https:\\\/\\\/kaimanwatch.pe\\\/product\\\/product-384\\\/\"]}]},{\"@type\":\"ImageObject\",\"inLanguage\":\"es\",\"@id\":\"https:\\\/\\\/kaimanwatch.pe\\\/product\\\/product-384\\\/#primaryimage\",\"url\":\"https:\\\/\\\/kaimanwatch.pe\\\/wp-content\\\/uploads\\\/2024\\\/06\\\/LA-20WH-4A1DF_1.jpg\",\"contentUrl\":\"https:\\\/\\\/kaimanwatch.pe\\\/wp-content\\\/uploads\\\/2024\\\/06\\\/LA-20WH-4A1DF_1.jpg\",\"width\":1000,\"height\":1000},{\"@type\":\"BreadcrumbList\",\"@id\":\"https:\\\/\\\/kaimanwatch.pe\\\/product\\\/product-384\\\/#breadcrumb\",\"itemListElement\":[{\"@type\":\"ListItem\",\"position\":1,\"name\":\"Portada\",\"item\":\"https:\\\/\\\/kaimanwatch.pe\\\/\"},{\"@type\":\"ListItem\",\"position\":2,\"name\":\"Tienda\",\"item\":\"https:\\\/\\\/kaimanwatch.pe\\\/tienda\\\/\"},{\"@type\":\"ListItem\",\"position\":3,\"name\":\"Reloj Casio Digital LA-20WH-4A1DF Mujer\"}]},{\"@type\":\"WebSite\",\"@id\":\"https:\\\/\\\/kaimanwatch.pe\\\/#website\",\"url\":\"https:\\\/\\\/kaimanwatch.pe\\\/\",\"name\":\"Kaimanwatch\",\"description\":\"Relojes a tu alcance\",\"publisher\":{\"@id\":\"https:\\\/\\\/kaimanwatch.pe\\\/#organization\"},\"potentialAction\":[{\"@type\":\"SearchAction\",\"target\":{\"@type\":\"EntryPoint\",\"urlTemplate\":\"https:\\\/\\\/kaimanwatch.pe\\\/?s={search_term_string}\"},\"query-input\":{\"@type\":\"PropertyValueSpecification\",\"valueRequired\":true,\"valueName\":\"search_term_string\"}}],\"inLanguage\":\"es\"},{\"@type\":\"Organization\",\"@id\":\"https:\\\/\\\/kaimanwatch.pe\\\/#organization\",\"name\":\"Kaimanwatch\",\"url\":\"https:\\\/\\\/kaimanwatch.pe\\\/\",\"logo\":{\"@type\":\"ImageObject\",\"inLanguage\":\"es\",\"@id\":\"https:\\\/\\\/kaimanwatch.pe\\\/#\\\/schema\\\/logo\\\/image\\\/\",\"url\":\"https:\\\/\\\/kaimanwatch.pe\\\/wp-content\\\/uploads\\\/2021\\\/08\\\/logooooo-inka.jpg\",\"contentUrl\":\"https:\\\/\\\/kaimanwatch.pe\\\/wp-content\\\/uploads\\\/2021\\\/08\\\/logooooo-inka.jpg\",\"width\":1501,\"height\":1501,\"caption\":\"Kaimanwatch\"},\"image\":{\"@id\":\"https:\\\/\\\/kaimanwatch.pe\\\/#\\\/schema\\\/logo\\\/image\\\/\"}}]}<\/script>\n<!-- \/ Yoast SEO plugin. -->","yoast_head_json":{"title":"Reloj Casio Digital LA-20WH-4A1DF Mujer - Kaimanwatch","robots":{"index":"index","follow":"follow","max-snippet":"max-snippet:-1","max-image-preview":"max-image-preview:large","max-video-preview":"max-video-preview:-1"},"canonical":"https:\/\/kaimanwatch.pe\/es\/producto\/product-384\/","og_locale":"es_ES","og_type":"article","og_title":"Reloj Casio Digital LA-20WH-4A1DF Mujer - Kaimanwatch","og_description":"Marca: Casio Codigo: LA-20WH-4A1DF Modelo: LA-20WH-4A1DF G\u00e9nero: Mujer Forma de la caja: Rectangular Tipo de cristal: Resina Visualizaci\u00f3n: Digital Tipo","og_url":"https:\/\/kaimanwatch.pe\/es\/producto\/product-384\/","og_site_name":"Kaimanwatch","article_modified_time":"2026-04-05T23:54:07+00:00","og_image":[{"width":1000,"height":1000,"url":"https:\/\/kaimanwatch.pe\/wp-content\/uploads\/2024\/06\/LA-20WH-4A1DF_1.jpg","type":"image\/jpeg"}],"twitter_card":"summary_large_image","schema":{"@context":"https:\/\/schema.org","@graph":[{"@type":"WebPage","@id":"https:\/\/kaimanwatch.pe\/product\/product-384\/","url":"https:\/\/kaimanwatch.pe\/product\/product-384\/","name":"Reloj Casio Digital LA-20WH-4A1DF Mujer - Kaimanwatch","isPartOf":{"@id":"https:\/\/kaimanwatch.pe\/#website"},"primaryImageOfPage":{"@id":"https:\/\/kaimanwatch.pe\/product\/product-384\/#primaryimage"},"image":{"@id":"https:\/\/kaimanwatch.pe\/product\/product-384\/#primaryimage"},"thumbnailUrl":"https:\/\/kaimanwatch.pe\/wp-content\/uploads\/2024\/06\/LA-20WH-4A1DF_1.jpg","datePublished":"2024-06-03T08:18:07+00:00","dateModified":"2026-04-05T23:54:07+00:00","breadcrumb":{"@id":"https:\/\/kaimanwatch.pe\/product\/product-384\/#breadcrumb"},"inLanguage":"es","potentialAction":[{"@type":"ReadAction","target":["https:\/\/kaimanwatch.pe\/product\/product-384\/"]}]},{"@type":"ImageObject","inLanguage":"es","@id":"https:\/\/kaimanwatch.pe\/product\/product-384\/#primaryimage","url":"https:\/\/kaimanwatch.pe\/wp-content\/uploads\/2024\/06\/LA-20WH-4A1DF_1.jpg","contentUrl":"https:\/\/kaimanwatch.pe\/wp-content\/uploads\/2024\/06\/LA-20WH-4A1DF_1.jpg","width":1000,"height":1000},{"@type":"BreadcrumbList","@id":"https:\/\/kaimanwatch.pe\/product\/product-384\/#breadcrumb","itemListElement":[{"@type":"ListItem","position":1,"name":"Portada","item":"https:\/\/kaimanwatch.pe\/"},{"@type":"ListItem","position":2,"name":"Tienda","item":"https:\/\/kaimanwatch.pe\/tienda\/"},{"@type":"ListItem","position":3,"name":"Reloj Casio Digital LA-20WH-4A1DF Mujer"}]},{"@type":"WebSite","@id":"https:\/\/kaimanwatch.pe\/#website","url":"https:\/\/kaimanwatch.pe\/","name":"Kaimanwatch","description":"Relojes a tu alcance","publisher":{"@id":"https:\/\/kaimanwatch.pe\/#organization"},"potentialAction":[{"@type":"SearchAction","target":{"@type":"EntryPoint","urlTemplate":"https:\/\/kaimanwatch.pe\/?s={search_term_string}"},"query-input":{"@type":"PropertyValueSpecification","valueRequired":true,"valueName":"search_term_string"}}],"inLanguage":"es"},{"@type":"Organization","@id":"https:\/\/kaimanwatch.pe\/#organization","name":"Kaimanwatch","url":"https:\/\/kaimanwatch.pe\/","logo":{"@type":"ImageObject","inLanguage":"es","@id":"https:\/\/kaimanwatch.pe\/#\/schema\/logo\/image\/","url":"https:\/\/kaimanwatch.pe\/wp-content\/uploads\/2021\/08\/logooooo-inka.jpg","contentUrl":"https:\/\/kaimanwatch.pe\/wp-content\/uploads\/2021\/08\/logooooo-inka.jpg","width":1501,"height":1501,"caption":"Kaimanwatch"},"image":{"@id":"https:\/\/kaimanwatch.pe\/#\/schema\/logo\/image\/"}}]}},"_links":{"self":[{"href":"https:\/\/kaimanwatch.pe\/es\/wp-json\/wp\/v2\/product\/30864","targetHints":{"allow":["GET"]}}],"collection":[{"href":"https:\/\/kaimanwatch.pe\/es\/wp-json\/wp\/v2\/product"}],"about":[{"href":"https:\/\/kaimanwatch.pe\/es\/wp-json\/wp\/v2\/types\/product"}],"replies":[{"embeddable":true,"href":"https:\/\/kaimanwatch.pe\/es\/wp-json\/wp\/v2\/comments?post=30864"}],"version-history":[{"count":0,"href":"https:\/\/kaimanwatch.pe\/es\/wp-json\/wp\/v2\/product\/30864\/revisions"}],"wp:featuredmedia":[{"embeddable":true,"href":"https:\/\/kaimanwatch.pe\/es\/wp-json\/wp\/v2\/media\/30006"}],"wp:attachment":[{"href":"https:\/\/kaimanwatch.pe\/es\/wp-json\/wp\/v2\/media?parent=30864"}],"wp:term":[{"taxonomy":"product_brand","embeddable":true,"href":"https:\/\/kaimanwatch.pe\/es\/wp-json\/wp\/v2\/product_brand?post=30864"},{"taxonomy":"product_cat","embeddable":true,"href":"https:\/\/kaimanwatch.pe\/es\/wp-json\/wp\/v2\/product_cat?post=30864"},{"taxonomy":"product_tag","embeddable":true,"href":"https:\/\/kaimanwatch.pe\/es\/wp-json\/wp\/v2\/product_tag?post=30864"}],"curies":[{"name":"wp","href":"https:\/\/api.w.org\/{rel}","templated":true}]}}