{"id":30489,"date":"2024-06-03T03:17:22","date_gmt":"2024-06-03T08:17:22","guid":{"rendered":"https:\/\/kaimanwatch.pe\/product\/product-9\/"},"modified":"2026-04-05T18:53:33","modified_gmt":"2026-04-05T23:53:33","slug":"product-9","status":"publish","type":"product","link":"https:\/\/kaimanwatch.pe\/es\/producto\/product-9\/","title":{"rendered":"Reloj Casio An\u00e1logo MTP-1183A-7BDF Hombre"},"content":{"rendered":"<ul>\n<li>Marca: Casio<\/li>\n<li>Codigo: MTP-1183A-7BDF<\/li>\n<li>Modelo: MTP-1183A-7BDF<\/li>\n<li>G\u00e9nero: Hombre<\/li>\n<li>Forma de la caja: Circular<\/li>\n<li>Tipo de cristal: Mineral<\/li>\n<li>Visualizaci\u00f3n: An\u00e1logo<\/li>\n<li>Tipo de cierre: Broche<\/li>\n<li>Material de la caja: Acero Inoxidable<\/li>\n<li>Dimensiones: 42 \u00d7 38,5 \u00d7 8,7mm<\/li>\n<li>Iluminaci\u00f3n: No<\/li>\n<li>Material de la correa: Acero Inoxidable<\/li>\n<li>Color de la correa: Plateado<\/li>\n<li>Color del dial: Blanco<\/li>\n<li>Cron\u00f3metro: No<\/li>\n<li>Movimiento: Cuarzo<\/li>\n<li>Resistencia a la presi\u00f3n del agua: 30 Metros<\/li>\n<li>Otras opciones: Funciones cl\u00e1sicas de reloj Anal\u00f3gico: 3 agujas (hora, minuto, segundo)<\/li>\n<\/ul>","protected":false},"excerpt":{"rendered":"<p>Marca: Casio Codigo: MTP-1183A-7BDF Modelo: MTP-1183A-7BDF G\u00e9nero: Hombre Forma de la caja: Circular Tipo de cristal: Mineral Visualizaci\u00f3n: An\u00e1logo Tipo<\/p>","protected":false},"featured_media":28037,"comment_status":"open","ping_status":"closed","template":"","meta":{"_joinchat":[]},"product_brand":[],"product_cat":[111],"product_tag":[],"class_list":{"0":"post-30489","1":"product","2":"type-product","3":"status-publish","4":"has-post-thumbnail","6":"product_cat-hombre","7":"product_shipping_class-envio-a-lima-y-provincia","8":"pa_color-de-correa-plateado","10":"first","11":"instock","12":"sale","13":"featured","14":"shipping-taxable","15":"purchasable","16":"product-type-simple"},"yoast_head":"<!-- This site is optimized with the Yoast SEO plugin v27.4 - https:\/\/yoast.com\/product\/yoast-seo-wordpress\/ -->\n<title>Reloj Casio An\u00e1logo MTP-1183A-7BDF Hombre - Kaimanwatch<\/title>\n<meta name=\"robots\" content=\"index, follow, max-snippet:-1, max-image-preview:large, max-video-preview:-1\" \/>\n<link rel=\"canonical\" href=\"https:\/\/kaimanwatch.pe\/es\/producto\/product-9\/\" \/>\n<meta property=\"og:locale\" content=\"es_ES\" \/>\n<meta property=\"og:type\" content=\"article\" \/>\n<meta property=\"og:title\" content=\"Reloj Casio An\u00e1logo MTP-1183A-7BDF Hombre - Kaimanwatch\" \/>\n<meta property=\"og:description\" content=\"Marca: Casio Codigo: MTP-1183A-7BDF Modelo: MTP-1183A-7BDF G\u00e9nero: Hombre Forma de la caja: Circular Tipo de cristal: Mineral Visualizaci\u00f3n: An\u00e1logo Tipo\" \/>\n<meta property=\"og:url\" content=\"https:\/\/kaimanwatch.pe\/es\/producto\/product-9\/\" \/>\n<meta property=\"og:site_name\" content=\"Kaimanwatch\" \/>\n<meta property=\"article:modified_time\" content=\"2026-04-05T23:53:33+00:00\" \/>\n<meta property=\"og:image\" content=\"https:\/\/kaimanwatch.pe\/wp-content\/uploads\/2024\/06\/MTP-1183A-7BDF_1.jpg\" \/>\n\t<meta property=\"og:image:width\" content=\"1000\" \/>\n\t<meta property=\"og:image:height\" content=\"1000\" \/>\n\t<meta property=\"og:image:type\" content=\"image\/jpeg\" \/>\n<meta name=\"twitter:card\" content=\"summary_large_image\" \/>\n<script type=\"application\/ld+json\" class=\"yoast-schema-graph\">{\"@context\":\"https:\\\/\\\/schema.org\",\"@graph\":[{\"@type\":\"WebPage\",\"@id\":\"https:\\\/\\\/kaimanwatch.pe\\\/product\\\/product-9\\\/\",\"url\":\"https:\\\/\\\/kaimanwatch.pe\\\/product\\\/product-9\\\/\",\"name\":\"Reloj Casio An\u00e1logo MTP-1183A-7BDF Hombre - Kaimanwatch\",\"isPartOf\":{\"@id\":\"https:\\\/\\\/kaimanwatch.pe\\\/#website\"},\"primaryImageOfPage\":{\"@id\":\"https:\\\/\\\/kaimanwatch.pe\\\/product\\\/product-9\\\/#primaryimage\"},\"image\":{\"@id\":\"https:\\\/\\\/kaimanwatch.pe\\\/product\\\/product-9\\\/#primaryimage\"},\"thumbnailUrl\":\"https:\\\/\\\/kaimanwatch.pe\\\/wp-content\\\/uploads\\\/2024\\\/06\\\/MTP-1183A-7BDF_1.jpg\",\"datePublished\":\"2024-06-03T08:17:22+00:00\",\"dateModified\":\"2026-04-05T23:53:33+00:00\",\"breadcrumb\":{\"@id\":\"https:\\\/\\\/kaimanwatch.pe\\\/product\\\/product-9\\\/#breadcrumb\"},\"inLanguage\":\"es\",\"potentialAction\":[{\"@type\":\"ReadAction\",\"target\":[\"https:\\\/\\\/kaimanwatch.pe\\\/product\\\/product-9\\\/\"]}]},{\"@type\":\"ImageObject\",\"inLanguage\":\"es\",\"@id\":\"https:\\\/\\\/kaimanwatch.pe\\\/product\\\/product-9\\\/#primaryimage\",\"url\":\"https:\\\/\\\/kaimanwatch.pe\\\/wp-content\\\/uploads\\\/2024\\\/06\\\/MTP-1183A-7BDF_1.jpg\",\"contentUrl\":\"https:\\\/\\\/kaimanwatch.pe\\\/wp-content\\\/uploads\\\/2024\\\/06\\\/MTP-1183A-7BDF_1.jpg\",\"width\":1000,\"height\":1000},{\"@type\":\"BreadcrumbList\",\"@id\":\"https:\\\/\\\/kaimanwatch.pe\\\/product\\\/product-9\\\/#breadcrumb\",\"itemListElement\":[{\"@type\":\"ListItem\",\"position\":1,\"name\":\"Portada\",\"item\":\"https:\\\/\\\/kaimanwatch.pe\\\/\"},{\"@type\":\"ListItem\",\"position\":2,\"name\":\"Tienda\",\"item\":\"https:\\\/\\\/kaimanwatch.pe\\\/tienda\\\/\"},{\"@type\":\"ListItem\",\"position\":3,\"name\":\"Reloj Casio An\u00e1logo MTP-1183A-7BDF Hombre\"}]},{\"@type\":\"WebSite\",\"@id\":\"https:\\\/\\\/kaimanwatch.pe\\\/#website\",\"url\":\"https:\\\/\\\/kaimanwatch.pe\\\/\",\"name\":\"Kaimanwatch\",\"description\":\"Relojes a tu alcance\",\"publisher\":{\"@id\":\"https:\\\/\\\/kaimanwatch.pe\\\/#organization\"},\"potentialAction\":[{\"@type\":\"SearchAction\",\"target\":{\"@type\":\"EntryPoint\",\"urlTemplate\":\"https:\\\/\\\/kaimanwatch.pe\\\/?s={search_term_string}\"},\"query-input\":{\"@type\":\"PropertyValueSpecification\",\"valueRequired\":true,\"valueName\":\"search_term_string\"}}],\"inLanguage\":\"es\"},{\"@type\":\"Organization\",\"@id\":\"https:\\\/\\\/kaimanwatch.pe\\\/#organization\",\"name\":\"Kaimanwatch\",\"url\":\"https:\\\/\\\/kaimanwatch.pe\\\/\",\"logo\":{\"@type\":\"ImageObject\",\"inLanguage\":\"es\",\"@id\":\"https:\\\/\\\/kaimanwatch.pe\\\/#\\\/schema\\\/logo\\\/image\\\/\",\"url\":\"https:\\\/\\\/kaimanwatch.pe\\\/wp-content\\\/uploads\\\/2021\\\/08\\\/logooooo-inka.jpg\",\"contentUrl\":\"https:\\\/\\\/kaimanwatch.pe\\\/wp-content\\\/uploads\\\/2021\\\/08\\\/logooooo-inka.jpg\",\"width\":1501,\"height\":1501,\"caption\":\"Kaimanwatch\"},\"image\":{\"@id\":\"https:\\\/\\\/kaimanwatch.pe\\\/#\\\/schema\\\/logo\\\/image\\\/\"}}]}<\/script>\n<!-- \/ Yoast SEO plugin. -->","yoast_head_json":{"title":"Reloj Casio An\u00e1logo MTP-1183A-7BDF Hombre - Kaimanwatch","robots":{"index":"index","follow":"follow","max-snippet":"max-snippet:-1","max-image-preview":"max-image-preview:large","max-video-preview":"max-video-preview:-1"},"canonical":"https:\/\/kaimanwatch.pe\/es\/producto\/product-9\/","og_locale":"es_ES","og_type":"article","og_title":"Reloj Casio An\u00e1logo MTP-1183A-7BDF Hombre - Kaimanwatch","og_description":"Marca: Casio Codigo: MTP-1183A-7BDF Modelo: MTP-1183A-7BDF G\u00e9nero: Hombre Forma de la caja: Circular Tipo de cristal: Mineral Visualizaci\u00f3n: An\u00e1logo Tipo","og_url":"https:\/\/kaimanwatch.pe\/es\/producto\/product-9\/","og_site_name":"Kaimanwatch","article_modified_time":"2026-04-05T23:53:33+00:00","og_image":[{"width":1000,"height":1000,"url":"https:\/\/kaimanwatch.pe\/wp-content\/uploads\/2024\/06\/MTP-1183A-7BDF_1.jpg","type":"image\/jpeg"}],"twitter_card":"summary_large_image","schema":{"@context":"https:\/\/schema.org","@graph":[{"@type":"WebPage","@id":"https:\/\/kaimanwatch.pe\/product\/product-9\/","url":"https:\/\/kaimanwatch.pe\/product\/product-9\/","name":"Reloj Casio An\u00e1logo MTP-1183A-7BDF Hombre - Kaimanwatch","isPartOf":{"@id":"https:\/\/kaimanwatch.pe\/#website"},"primaryImageOfPage":{"@id":"https:\/\/kaimanwatch.pe\/product\/product-9\/#primaryimage"},"image":{"@id":"https:\/\/kaimanwatch.pe\/product\/product-9\/#primaryimage"},"thumbnailUrl":"https:\/\/kaimanwatch.pe\/wp-content\/uploads\/2024\/06\/MTP-1183A-7BDF_1.jpg","datePublished":"2024-06-03T08:17:22+00:00","dateModified":"2026-04-05T23:53:33+00:00","breadcrumb":{"@id":"https:\/\/kaimanwatch.pe\/product\/product-9\/#breadcrumb"},"inLanguage":"es","potentialAction":[{"@type":"ReadAction","target":["https:\/\/kaimanwatch.pe\/product\/product-9\/"]}]},{"@type":"ImageObject","inLanguage":"es","@id":"https:\/\/kaimanwatch.pe\/product\/product-9\/#primaryimage","url":"https:\/\/kaimanwatch.pe\/wp-content\/uploads\/2024\/06\/MTP-1183A-7BDF_1.jpg","contentUrl":"https:\/\/kaimanwatch.pe\/wp-content\/uploads\/2024\/06\/MTP-1183A-7BDF_1.jpg","width":1000,"height":1000},{"@type":"BreadcrumbList","@id":"https:\/\/kaimanwatch.pe\/product\/product-9\/#breadcrumb","itemListElement":[{"@type":"ListItem","position":1,"name":"Portada","item":"https:\/\/kaimanwatch.pe\/"},{"@type":"ListItem","position":2,"name":"Tienda","item":"https:\/\/kaimanwatch.pe\/tienda\/"},{"@type":"ListItem","position":3,"name":"Reloj Casio An\u00e1logo MTP-1183A-7BDF Hombre"}]},{"@type":"WebSite","@id":"https:\/\/kaimanwatch.pe\/#website","url":"https:\/\/kaimanwatch.pe\/","name":"Kaimanwatch","description":"Relojes a tu alcance","publisher":{"@id":"https:\/\/kaimanwatch.pe\/#organization"},"potentialAction":[{"@type":"SearchAction","target":{"@type":"EntryPoint","urlTemplate":"https:\/\/kaimanwatch.pe\/?s={search_term_string}"},"query-input":{"@type":"PropertyValueSpecification","valueRequired":true,"valueName":"search_term_string"}}],"inLanguage":"es"},{"@type":"Organization","@id":"https:\/\/kaimanwatch.pe\/#organization","name":"Kaimanwatch","url":"https:\/\/kaimanwatch.pe\/","logo":{"@type":"ImageObject","inLanguage":"es","@id":"https:\/\/kaimanwatch.pe\/#\/schema\/logo\/image\/","url":"https:\/\/kaimanwatch.pe\/wp-content\/uploads\/2021\/08\/logooooo-inka.jpg","contentUrl":"https:\/\/kaimanwatch.pe\/wp-content\/uploads\/2021\/08\/logooooo-inka.jpg","width":1501,"height":1501,"caption":"Kaimanwatch"},"image":{"@id":"https:\/\/kaimanwatch.pe\/#\/schema\/logo\/image\/"}}]}},"_links":{"self":[{"href":"https:\/\/kaimanwatch.pe\/es\/wp-json\/wp\/v2\/product\/30489","targetHints":{"allow":["GET"]}}],"collection":[{"href":"https:\/\/kaimanwatch.pe\/es\/wp-json\/wp\/v2\/product"}],"about":[{"href":"https:\/\/kaimanwatch.pe\/es\/wp-json\/wp\/v2\/types\/product"}],"replies":[{"embeddable":true,"href":"https:\/\/kaimanwatch.pe\/es\/wp-json\/wp\/v2\/comments?post=30489"}],"version-history":[{"count":0,"href":"https:\/\/kaimanwatch.pe\/es\/wp-json\/wp\/v2\/product\/30489\/revisions"}],"wp:featuredmedia":[{"embeddable":true,"href":"https:\/\/kaimanwatch.pe\/es\/wp-json\/wp\/v2\/media\/28037"}],"wp:attachment":[{"href":"https:\/\/kaimanwatch.pe\/es\/wp-json\/wp\/v2\/media?parent=30489"}],"wp:term":[{"taxonomy":"product_brand","embeddable":true,"href":"https:\/\/kaimanwatch.pe\/es\/wp-json\/wp\/v2\/product_brand?post=30489"},{"taxonomy":"product_cat","embeddable":true,"href":"https:\/\/kaimanwatch.pe\/es\/wp-json\/wp\/v2\/product_cat?post=30489"},{"taxonomy":"product_tag","embeddable":true,"href":"https:\/\/kaimanwatch.pe\/es\/wp-json\/wp\/v2\/product_tag?post=30489"}],"curies":[{"name":"wp","href":"https:\/\/api.w.org\/{rel}","templated":true}]}}